{"id":84757,"date":"2023-10-16T18:29:19","date_gmt":"2023-10-16T18:29:19","guid":{"rendered":"https:\/\/poccky.com\/?post_type=product&#038;p=84757"},"modified":"2023-10-26T13:53:08","modified_gmt":"2023-10-26T13:53:08","slug":"zara-eroticas-colombian-girl-bogota","status":"publish","type":"product","link":"https:\/\/poccky.com\/index.php\/product\/zara-eroticas-colombian-girl-bogota\/","title":{"rendered":"Zara Eroticas \u2013 Colombian girl Bogot\u00e1"},"content":{"rendered":"","protected":false},"excerpt":{"rendered":"<p>ZARA is a dreamy blonde. elegant and distinguished. she is barely 20 years old and has little experience. But don&#8217;t be fooled by her angelic face and the aura of innocence that surrounds her.<br \/>\nAs soon as you break the ice. she will be unleashed and become the perfect lover you are longing to meet. She has big green eyes that will hypnotize you and a sweet voice that you will not be able to resist. she is as beautiful as she is dedicated.<br \/>\nIts elegance and sensuality will drive you completely crazy. With her. you will delight yourself and find as much pleasure as you cannot imagine.<br \/>\nZARA is part of the Eroticas  Age ncy. don&#8217;t waste any more time and meet this beautiful escort in your     Place &#8211;   . you just have to call or write by WhatsApp. Telegram or Signal.<br \/>\nThe service is only at home in hotels. motels or apartments in the most exclusive sectors of the     Place &#8211;   .<\/p>\n<p>&#8212;&#8212;&#8212;&#8212;&#8212;&#8212;&#8212;&#8212;&#8212;&#8212;&#8212;&#8212;&#8212;&#8212;&#8212;&#8212;&#8212;&#8212;&#8212;&#8212;&#8212;&#8212;&#8212;&#8212;&#8212;&#8212;&#8212;&#8212;&#8212;&#8212;&#8212;&#8212;&#8212;&#8212;&#8212;&#8212;&#8212;&#8212;&#8212;&#8212;&#8212;&#8212;&#8212;&#8212;&#8211;<\/p>\n<p>ZARA es una rubia de ensue\u00f1o. elegante y distinguida. tiene apenas 20 a\u00f1os y una corta experiencia. Pero no te dejes enga\u00f1ar por su rostro angelical y por el aura de inocencia que la envuelve.<br \/>\nEn cuanto rompas el hielo. se desatar\u00e1 y se convertir\u00e1 en la amante perfecta que est\u00e1s deseando conocer. Posee unos grandes ojos verdes que te hipnotizar\u00e1n y una dulce voz que no podr\u00e1s resistir. es tan hermosa como entregada.<br \/>\nSu elegancia y sensualidad te volver\u00e1n completamente loco. Con ella. te deleitar\u00e1s y encontrar\u00e1s tanto    Place &#8211;   r como no puedes imaginar.<br \/>\nZARA hace parte de la  Age ncia Er\u00f3ticas. no pierdas m\u00e1s el tiempo y conoce a esta hermosa escort en tu ciudad. s\u00f3lo debes llamar o escribir por WhatsApp. Telegram o Signal.<br \/>\nEl servicio es \u00fanicamente a domicilio en hoteles. moteles o apartamentos en los sectores m\u00e1s exclusivos de la ciudad. Orientation Bisexual Height 165 cm \/ 5?5? Ethnicity  &#8211; Latina Bust Medium Age 21  Smokes  ?No Hair Color  &#8211;  Blonde  Nationality  &#8211; Colombian Gender &#8211; Female    Place &#8211;   Bogot\u00e1<br \/>\nColombia Contact me  at : +57 315 330 4003<\/p>\n","protected":false},"featured_media":69238,"comment_status":"open","ping_status":"closed","template":"","meta":{"site-sidebar-layout":"default","site-content-layout":"","ast-site-content-layout":"","site-content-style":"default","site-sidebar-style":"default","ast-global-header-display":"","ast-banner-title-visibility":"","ast-main-header-display":"","ast-hfb-above-header-display":"","ast-hfb-below-header-display":"","ast-hfb-mobile-header-display":"","site-post-title":"","ast-breadcrumbs-content":"","ast-featured-img":"","footer-sml-layout":"","theme-transparent-header-meta":"","adv-header-id-meta":"","stick-header-meta":"","header-above-stick-meta":"","header-main-stick-meta":"","header-below-stick-meta":"","astra-migrate-meta-layouts":"default","ast-page-background-enabled":"default","ast-page-background-meta":{"desktop":{"background-color":"var(--ast-global-color-4)","background-image":"","background-repeat":"repeat","background-position":"center center","background-size":"auto","background-attachment":"scroll","background-type":"","background-media":"","overlay-type":"","overlay-color":"","overlay-opacity":"","overlay-gradient":""},"tablet":{"background-color":"","background-image":"","background-repeat":"repeat","background-position":"center center","background-size":"auto","background-attachment":"scroll","background-type":"","background-media":"","overlay-type":"","overlay-color":"","overlay-opacity":"","overlay-gradient":""},"mobile":{"background-color":"","background-image":"","background-repeat":"repeat","background-position":"center center","background-size":"auto","background-attachment":"scroll","background-type":"","background-media":"","overlay-type":"","overlay-color":"","overlay-opacity":"","overlay-gradient":""}},"ast-content-background-meta":{"desktop":{"background-color":"var(--ast-global-color-5)","background-image":"","background-repeat":"repeat","background-position":"center center","background-size":"auto","background-attachment":"scroll","background-type":"","background-media":"","overlay-type":"","overlay-color":"","overlay-opacity":"","overlay-gradient":""},"tablet":{"background-color":"var(--ast-global-color-5)","background-image":"","background-repeat":"repeat","background-position":"center center","background-size":"auto","background-attachment":"scroll","background-type":"","background-media":"","overlay-type":"","overlay-color":"","overlay-opacity":"","overlay-gradient":""},"mobile":{"background-color":"var(--ast-global-color-5)","background-image":"","background-repeat":"repeat","background-position":"center center","background-size":"auto","background-attachment":"scroll","background-type":"","background-media":"","overlay-type":"","overlay-color":"","overlay-opacity":"","overlay-gradient":""}}},"product_brand":[],"product_cat":[1017,418,188],"product_tag":[],"class_list":{"0":"post-84757","1":"product","2":"type-product","3":"status-publish","4":"has-post-thumbnail","6":"product_cat-bogota","7":"product_cat-colombia","8":"product_cat-freelancer","9":"desktop-align-left","10":"tablet-align-left","11":"mobile-align-left","13":"first","14":"instock","15":"shipping-taxable","16":"product-type-simple"},"_links":{"self":[{"href":"https:\/\/poccky.com\/index.php\/wp-json\/wp\/v2\/product\/84757","targetHints":{"allow":["GET"]}}],"collection":[{"href":"https:\/\/poccky.com\/index.php\/wp-json\/wp\/v2\/product"}],"about":[{"href":"https:\/\/poccky.com\/index.php\/wp-json\/wp\/v2\/types\/product"}],"replies":[{"embeddable":true,"href":"https:\/\/poccky.com\/index.php\/wp-json\/wp\/v2\/comments?post=84757"}],"wp:featuredmedia":[{"embeddable":true,"href":"https:\/\/poccky.com\/index.php\/wp-json\/wp\/v2\/media\/69238"}],"wp:attachment":[{"href":"https:\/\/poccky.com\/index.php\/wp-json\/wp\/v2\/media?parent=84757"}],"wp:term":[{"taxonomy":"product_brand","embeddable":true,"href":"https:\/\/poccky.com\/index.php\/wp-json\/wp\/v2\/product_brand?post=84757"},{"taxonomy":"product_cat","embeddable":true,"href":"https:\/\/poccky.com\/index.php\/wp-json\/wp\/v2\/product_cat?post=84757"},{"taxonomy":"product_tag","embeddable":true,"href":"https:\/\/poccky.com\/index.php\/wp-json\/wp\/v2\/product_tag?post=84757"}],"curies":[{"name":"wp","href":"https:\/\/api.w.org\/{rel}","templated":true}]}}