{"id":84655,"date":"2023-10-16T18:22:41","date_gmt":"2023-10-16T18:22:41","guid":{"rendered":"https:\/\/poccky.com\/?post_type=product&#038;p=84655"},"modified":"2023-10-26T13:29:02","modified_gmt":"2023-10-26T13:29:02","slug":"vanessa-colombian-girl-bogota","status":"publish","type":"product","link":"https:\/\/poccky.com\/index.php\/product\/vanessa-colombian-girl-bogota\/","title":{"rendered":"Vanessa \u2013 Colombian girl Bogot\u00e1"},"content":{"rendered":"","protected":false},"excerpt":{"rendered":"<p>&#8220;100% as shown in the pictures&#8221;<br \/>\nMy smile will light up your day and night. I am a very happy person and I enjoy life to the fullest. zero guilt. I love to pamper and love men. I enjoy a glass of wine. a little dance. a dinner or a chat. I am a very pleasant company for anyone. Mi energy is very calm and I look like a college student.<\/p>\n<p>&#8220;100% igual a la fotos&#8221;<br \/>\nMi sonrisa te iluminara el d\u00eda y la noche. Soy una persona muy feliz y disfruto la vida al m\u00e1ximo. cero cargos de conciencia. Me encanta consentir y amar a los hombres. disfruto de una copa de vino. de un bailecito. de una cena o de una charla. Yo soy una compa\u00f1\u00eda muy amena para cualquiera. Mi energ\u00eda es muy tranquila y mi aspecto es de universitaria. Orientation Heterosexual Height 160 cm \/ 5?3? Ethnicity  &#8211; Latina Bust Large Age 25 Shaved  Yes  Smokes  ?No Hair Color  &#8211;  Blonde  Nationality  &#8211; Colombian Gender &#8211; Female    Place &#8211;   Bogot\u00e1<br \/>\nColombia Contact me  at : +1 (919) 862-7217<\/p>\n","protected":false},"featured_media":69976,"comment_status":"open","ping_status":"closed","template":"","meta":{"site-sidebar-layout":"default","site-content-layout":"","ast-site-content-layout":"","site-content-style":"default","site-sidebar-style":"default","ast-global-header-display":"","ast-banner-title-visibility":"","ast-main-header-display":"","ast-hfb-above-header-display":"","ast-hfb-below-header-display":"","ast-hfb-mobile-header-display":"","site-post-title":"","ast-breadcrumbs-content":"","ast-featured-img":"","footer-sml-layout":"","theme-transparent-header-meta":"","adv-header-id-meta":"","stick-header-meta":"","header-above-stick-meta":"","header-main-stick-meta":"","header-below-stick-meta":"","astra-migrate-meta-layouts":"default","ast-page-background-enabled":"default","ast-page-background-meta":{"desktop":{"background-color":"var(--ast-global-color-4)","background-image":"","background-repeat":"repeat","background-position":"center center","background-size":"auto","background-attachment":"scroll","background-type":"","background-media":"","overlay-type":"","overlay-color":"","overlay-opacity":"","overlay-gradient":""},"tablet":{"background-color":"","background-image":"","background-repeat":"repeat","background-position":"center center","background-size":"auto","background-attachment":"scroll","background-type":"","background-media":"","overlay-type":"","overlay-color":"","overlay-opacity":"","overlay-gradient":""},"mobile":{"background-color":"","background-image":"","background-repeat":"repeat","background-position":"center center","background-size":"auto","background-attachment":"scroll","background-type":"","background-media":"","overlay-type":"","overlay-color":"","overlay-opacity":"","overlay-gradient":""}},"ast-content-background-meta":{"desktop":{"background-color":"var(--ast-global-color-5)","background-image":"","background-repeat":"repeat","background-position":"center center","background-size":"auto","background-attachment":"scroll","background-type":"","background-media":"","overlay-type":"","overlay-color":"","overlay-opacity":"","overlay-gradient":""},"tablet":{"background-color":"var(--ast-global-color-5)","background-image":"","background-repeat":"repeat","background-position":"center center","background-size":"auto","background-attachment":"scroll","background-type":"","background-media":"","overlay-type":"","overlay-color":"","overlay-opacity":"","overlay-gradient":""},"mobile":{"background-color":"var(--ast-global-color-5)","background-image":"","background-repeat":"repeat","background-position":"center center","background-size":"auto","background-attachment":"scroll","background-type":"","background-media":"","overlay-type":"","overlay-color":"","overlay-opacity":"","overlay-gradient":""}}},"product_brand":[],"product_cat":[1017,418,188],"product_tag":[],"class_list":{"0":"post-84655","1":"product","2":"type-product","3":"status-publish","4":"has-post-thumbnail","6":"product_cat-bogota","7":"product_cat-colombia","8":"product_cat-freelancer","9":"desktop-align-left","10":"tablet-align-left","11":"mobile-align-left","13":"first","14":"instock","15":"shipping-taxable","16":"product-type-simple"},"_links":{"self":[{"href":"https:\/\/poccky.com\/index.php\/wp-json\/wp\/v2\/product\/84655","targetHints":{"allow":["GET"]}}],"collection":[{"href":"https:\/\/poccky.com\/index.php\/wp-json\/wp\/v2\/product"}],"about":[{"href":"https:\/\/poccky.com\/index.php\/wp-json\/wp\/v2\/types\/product"}],"replies":[{"embeddable":true,"href":"https:\/\/poccky.com\/index.php\/wp-json\/wp\/v2\/comments?post=84655"}],"wp:featuredmedia":[{"embeddable":true,"href":"https:\/\/poccky.com\/index.php\/wp-json\/wp\/v2\/media\/69976"}],"wp:attachment":[{"href":"https:\/\/poccky.com\/index.php\/wp-json\/wp\/v2\/media?parent=84655"}],"wp:term":[{"taxonomy":"product_brand","embeddable":true,"href":"https:\/\/poccky.com\/index.php\/wp-json\/wp\/v2\/product_brand?post=84655"},{"taxonomy":"product_cat","embeddable":true,"href":"https:\/\/poccky.com\/index.php\/wp-json\/wp\/v2\/product_cat?post=84655"},{"taxonomy":"product_tag","embeddable":true,"href":"https:\/\/poccky.com\/index.php\/wp-json\/wp\/v2\/product_tag?post=84655"}],"curies":[{"name":"wp","href":"https:\/\/api.w.org\/{rel}","templated":true}]}}