{"id":84576,"date":"2023-10-16T18:18:13","date_gmt":"2023-10-16T18:18:13","guid":{"rendered":"https:\/\/poccky.com\/?post_type=product&#038;p=84576"},"modified":"2023-10-26T13:26:37","modified_gmt":"2023-10-26T13:26:37","slug":"tatiana-eroticas-colombian-girl-bogota","status":"publish","type":"product","link":"https:\/\/poccky.com\/index.php\/product\/tatiana-eroticas-colombian-girl-bogota\/","title":{"rendered":"Tatiana Eroticas \u2013 Colombian girl Bogot\u00e1"},"content":{"rendered":"","protected":false},"excerpt":{"rendered":"<p>TATIANA is beautiful and extremely sensual. She is very charming. friendly and laid back. confident and comfortable with her sexuality. totally new to the business but e Age r to learn.<br \/>\nLet&#8217;s talk a little about your beautiful body. TATIANA is young. flawless and natural with reddish hair and striking brown eyes. She has long legs that accentuate a particularly pretty bum. a flat stomach. and the most deliciously perky breasts you&#8217;ll ever be lucky enough to enjoy. TATIANA is open-minded. so you will feel absolutely comfortable with her when you share your desires and fantasies.<br \/>\nTATIANA is daring. perfect and is ready for anything. You really need to make an appointment to see her now.<br \/>\nTATIANA is part of the Eroticas  Age ncy. don&#8217;t waste any more time and meet this beautiful escort in your     Place &#8211;   . you just have to call or write by WhatsApp. Telegram or Signal.<br \/>\nThe service is only at home in hotels. motels or apartments in the most exclusive sectors of the     Place &#8211;   .<\/p>\n<p>&#8212;&#8212;&#8212;&#8212;&#8212;&#8212;&#8212;&#8212;&#8212;&#8212;&#8212;&#8212;&#8212;&#8212;&#8212;&#8212;&#8212;&#8212;&#8212;&#8212;&#8212;&#8212;&#8212;&#8212;&#8212;&#8212;&#8212;&#8212;&#8212;&#8212;&#8212;&#8212;&#8212;&#8212;&#8212;&#8212;&#8212;&#8212;&#8212;-<\/p>\n<p>TATIANA es hermosa y extremadamente sensual. Ella es muy encantadora. amigable y relajada. tiene confianza y se siente c\u00f3moda con su sexualidad. es totalmente nueva en el medio. pero con muchos deseos de aprender.<br \/>\nHablemos un poco sobre su hermoso cuerpo. TATIANA es joven. impecable y natural con cabello rojizo y llamativos ojos caf\u00e9. Tiene piernas largas que acent\u00faan un trasero particularmente bonito. abdomen plano y los senos m\u00e1s deliciosamente alegres que jam\u00e1s tendr\u00e1s la suerte de disfrutar. TATIANA es de mente abierta. por lo que te sentir\u00e1s absolutamente a gusto con ella cuando compartas tus deseos y fantas\u00edas.<br \/>\nTATIANA es atrevida. perfecta y est\u00e1 dispuesta a todo. Realmente necesitas hacer una cita para verla ahora.<br \/>\nTATIANA hace parte de la  Age ncia Er\u00f3ticas. no pierdas m\u00e1s el tiempo y conoce a esta hermosa escort en tu ciudad. s\u00f3lo debes llamar o escribir por WhatsApp. Telegram o Signal.<br \/>\nEl servicio es \u00fanicamente a domicilio en hoteles. moteles o apartamentos en los sectores m\u00e1s exclusivos de la ciudad. Orientation Bisexual Height 157 cm \/ 5?2? Ethnicity  &#8211; Latina Bust Medium Age 18 Shaved  Yes  Smokes  ?No Hair Color  &#8211;  Other  Nationality  &#8211; Colombian Gender &#8211; Female    Place &#8211;   Bogot\u00e1<br \/>\nColombia Contact me  at : +57 315 330 4003<\/p>\n","protected":false},"featured_media":70567,"comment_status":"open","ping_status":"closed","template":"","meta":{"site-sidebar-layout":"default","site-content-layout":"","ast-site-content-layout":"","site-content-style":"default","site-sidebar-style":"default","ast-global-header-display":"","ast-banner-title-visibility":"","ast-main-header-display":"","ast-hfb-above-header-display":"","ast-hfb-below-header-display":"","ast-hfb-mobile-header-display":"","site-post-title":"","ast-breadcrumbs-content":"","ast-featured-img":"","footer-sml-layout":"","theme-transparent-header-meta":"","adv-header-id-meta":"","stick-header-meta":"","header-above-stick-meta":"","header-main-stick-meta":"","header-below-stick-meta":"","astra-migrate-meta-layouts":"default","ast-page-background-enabled":"default","ast-page-background-meta":{"desktop":{"background-color":"var(--ast-global-color-4)","background-image":"","background-repeat":"repeat","background-position":"center center","background-size":"auto","background-attachment":"scroll","background-type":"","background-media":"","overlay-type":"","overlay-color":"","overlay-opacity":"","overlay-gradient":""},"tablet":{"background-color":"","background-image":"","background-repeat":"repeat","background-position":"center center","background-size":"auto","background-attachment":"scroll","background-type":"","background-media":"","overlay-type":"","overlay-color":"","overlay-opacity":"","overlay-gradient":""},"mobile":{"background-color":"","background-image":"","background-repeat":"repeat","background-position":"center center","background-size":"auto","background-attachment":"scroll","background-type":"","background-media":"","overlay-type":"","overlay-color":"","overlay-opacity":"","overlay-gradient":""}},"ast-content-background-meta":{"desktop":{"background-color":"var(--ast-global-color-5)","background-image":"","background-repeat":"repeat","background-position":"center center","background-size":"auto","background-attachment":"scroll","background-type":"","background-media":"","overlay-type":"","overlay-color":"","overlay-opacity":"","overlay-gradient":""},"tablet":{"background-color":"var(--ast-global-color-5)","background-image":"","background-repeat":"repeat","background-position":"center center","background-size":"auto","background-attachment":"scroll","background-type":"","background-media":"","overlay-type":"","overlay-color":"","overlay-opacity":"","overlay-gradient":""},"mobile":{"background-color":"var(--ast-global-color-5)","background-image":"","background-repeat":"repeat","background-position":"center center","background-size":"auto","background-attachment":"scroll","background-type":"","background-media":"","overlay-type":"","overlay-color":"","overlay-opacity":"","overlay-gradient":""}}},"product_brand":[],"product_cat":[1017,418,188],"product_tag":[],"class_list":{"0":"post-84576","1":"product","2":"type-product","3":"status-publish","4":"has-post-thumbnail","6":"product_cat-bogota","7":"product_cat-colombia","8":"product_cat-freelancer","9":"desktop-align-left","10":"tablet-align-left","11":"mobile-align-left","13":"first","14":"instock","15":"shipping-taxable","16":"product-type-simple"},"_links":{"self":[{"href":"https:\/\/poccky.com\/index.php\/wp-json\/wp\/v2\/product\/84576","targetHints":{"allow":["GET"]}}],"collection":[{"href":"https:\/\/poccky.com\/index.php\/wp-json\/wp\/v2\/product"}],"about":[{"href":"https:\/\/poccky.com\/index.php\/wp-json\/wp\/v2\/types\/product"}],"replies":[{"embeddable":true,"href":"https:\/\/poccky.com\/index.php\/wp-json\/wp\/v2\/comments?post=84576"}],"wp:featuredmedia":[{"embeddable":true,"href":"https:\/\/poccky.com\/index.php\/wp-json\/wp\/v2\/media\/70567"}],"wp:attachment":[{"href":"https:\/\/poccky.com\/index.php\/wp-json\/wp\/v2\/media?parent=84576"}],"wp:term":[{"taxonomy":"product_brand","embeddable":true,"href":"https:\/\/poccky.com\/index.php\/wp-json\/wp\/v2\/product_brand?post=84576"},{"taxonomy":"product_cat","embeddable":true,"href":"https:\/\/poccky.com\/index.php\/wp-json\/wp\/v2\/product_cat?post=84576"},{"taxonomy":"product_tag","embeddable":true,"href":"https:\/\/poccky.com\/index.php\/wp-json\/wp\/v2\/product_tag?post=84576"}],"curies":[{"name":"wp","href":"https:\/\/api.w.org\/{rel}","templated":true}]}}