{"id":84483,"date":"2023-10-16T18:13:27","date_gmt":"2023-10-16T18:13:27","guid":{"rendered":"https:\/\/poccky.com\/?post_type=product&#038;p=84483"},"modified":"2023-10-26T13:53:53","modified_gmt":"2023-10-26T13:53:53","slug":"sofy-mendez-colombian-girl-bogota","status":"publish","type":"product","link":"https:\/\/poccky.com\/index.php\/product\/sofy-mendez-colombian-girl-bogota\/","title":{"rendered":"Sofy Mendez \u2013 Colombian girl Bogot\u00e1"},"content":{"rendered":"","protected":false},"excerpt":{"rendered":"<p>La  Age ncia de acompa\u00f1antes m\u00e1s destacada de Colombia ofrece una amplia variedad de servicios de compa\u00f1\u00eda para satisfacer todas tus necesidades y deseos. <\/p>\n<p>Desde hermosas prepagos escorts y seductoras call girls. hasta elegantes damas de compa\u00f1\u00eda y acompa\u00f1antes universitarias vip. nuestra  Age ncia se enorgullece de proporcionar una selecci\u00f3n excepcional de acompa\u00f1antes de alto nivel.<\/p>\n<p>Todas nuestras acompa\u00f1antes son cuidadosamente seleccionadas y entrenadas para garantizar que satisfagan tus expectativas en todos los sentidos. <\/p>\n<p>Son elegantes. cultas. discretas y. sobre todo. muy atractivas. Ya sea que est\u00e9s buscando una compa\u00f1\u00eda para una cena rom\u00e1ntica. un evento social o simplemente para pasar una noche de pasi\u00f3n y lujuria. nuestras chicas est\u00e1n disponibles para cumplir tus deseos.<\/p>\n<p>Adem\u00e1s. nuestra  Age ncia est\u00e1 comprometida con la satisfacci\u00f3n del cliente. por lo que nuestro equipo de atenci\u00f3n al cliente est\u00e1 disponible las 19 horas del d\u00eda. los 7 d\u00edas de la semana para responder a cualquier pregunta o inquietud que puedas tener. <\/p>\n<p>Nos enorgullece ofrecer un servicio excepcional y garantizamos la  total confidencialidad y discreci\u00f3n en cada una de nuestras transacciones.<\/p>\n<p>Si est\u00e1s buscando una experiencia inolvidable con la mejor  Age ncia de acompa\u00f1antes en Colombia. no busques m\u00e1s. Cont\u00e1ctanos hoy mismo para reservar una cita con la acompa\u00f1ante de tus sue\u00f1os. Orientation Heterosexual Height 163 cm \/ 5?4? Ethnicity  &#8211; Latina Bust Small Age 21 Shaved  Yes  Smokes  ?No Hair Color  &#8211;  Black  Nationality  &#8211; Colombian Gender &#8211; Female    Place &#8211;   Bogot\u00e1<br \/>\nColombia Contact me  at : +57 305 333 9946<\/p>\n","protected":false},"featured_media":71076,"comment_status":"open","ping_status":"closed","template":"","meta":{"site-sidebar-layout":"default","site-content-layout":"","ast-site-content-layout":"","site-content-style":"default","site-sidebar-style":"default","ast-global-header-display":"","ast-banner-title-visibility":"","ast-main-header-display":"","ast-hfb-above-header-display":"","ast-hfb-below-header-display":"","ast-hfb-mobile-header-display":"","site-post-title":"","ast-breadcrumbs-content":"","ast-featured-img":"","footer-sml-layout":"","theme-transparent-header-meta":"","adv-header-id-meta":"","stick-header-meta":"","header-above-stick-meta":"","header-main-stick-meta":"","header-below-stick-meta":"","astra-migrate-meta-layouts":"default","ast-page-background-enabled":"default","ast-page-background-meta":{"desktop":{"background-color":"var(--ast-global-color-4)","background-image":"","background-repeat":"repeat","background-position":"center center","background-size":"auto","background-attachment":"scroll","background-type":"","background-media":"","overlay-type":"","overlay-color":"","overlay-opacity":"","overlay-gradient":""},"tablet":{"background-color":"","background-image":"","background-repeat":"repeat","background-position":"center center","background-size":"auto","background-attachment":"scroll","background-type":"","background-media":"","overlay-type":"","overlay-color":"","overlay-opacity":"","overlay-gradient":""},"mobile":{"background-color":"","background-image":"","background-repeat":"repeat","background-position":"center center","background-size":"auto","background-attachment":"scroll","background-type":"","background-media":"","overlay-type":"","overlay-color":"","overlay-opacity":"","overlay-gradient":""}},"ast-content-background-meta":{"desktop":{"background-color":"var(--ast-global-color-5)","background-image":"","background-repeat":"repeat","background-position":"center center","background-size":"auto","background-attachment":"scroll","background-type":"","background-media":"","overlay-type":"","overlay-color":"","overlay-opacity":"","overlay-gradient":""},"tablet":{"background-color":"var(--ast-global-color-5)","background-image":"","background-repeat":"repeat","background-position":"center center","background-size":"auto","background-attachment":"scroll","background-type":"","background-media":"","overlay-type":"","overlay-color":"","overlay-opacity":"","overlay-gradient":""},"mobile":{"background-color":"var(--ast-global-color-5)","background-image":"","background-repeat":"repeat","background-position":"center center","background-size":"auto","background-attachment":"scroll","background-type":"","background-media":"","overlay-type":"","overlay-color":"","overlay-opacity":"","overlay-gradient":""}}},"product_brand":[],"product_cat":[1017,418,188],"product_tag":[],"class_list":{"0":"post-84483","1":"product","2":"type-product","3":"status-publish","4":"has-post-thumbnail","6":"product_cat-bogota","7":"product_cat-colombia","8":"product_cat-freelancer","9":"desktop-align-left","10":"tablet-align-left","11":"mobile-align-left","13":"first","14":"instock","15":"shipping-taxable","16":"product-type-simple"},"_links":{"self":[{"href":"https:\/\/poccky.com\/index.php\/wp-json\/wp\/v2\/product\/84483","targetHints":{"allow":["GET"]}}],"collection":[{"href":"https:\/\/poccky.com\/index.php\/wp-json\/wp\/v2\/product"}],"about":[{"href":"https:\/\/poccky.com\/index.php\/wp-json\/wp\/v2\/types\/product"}],"replies":[{"embeddable":true,"href":"https:\/\/poccky.com\/index.php\/wp-json\/wp\/v2\/comments?post=84483"}],"wp:featuredmedia":[{"embeddable":true,"href":"https:\/\/poccky.com\/index.php\/wp-json\/wp\/v2\/media\/71076"}],"wp:attachment":[{"href":"https:\/\/poccky.com\/index.php\/wp-json\/wp\/v2\/media?parent=84483"}],"wp:term":[{"taxonomy":"product_brand","embeddable":true,"href":"https:\/\/poccky.com\/index.php\/wp-json\/wp\/v2\/product_brand?post=84483"},{"taxonomy":"product_cat","embeddable":true,"href":"https:\/\/poccky.com\/index.php\/wp-json\/wp\/v2\/product_cat?post=84483"},{"taxonomy":"product_tag","embeddable":true,"href":"https:\/\/poccky.com\/index.php\/wp-json\/wp\/v2\/product_tag?post=84483"}],"curies":[{"name":"wp","href":"https:\/\/api.w.org\/{rel}","templated":true}]}}