{"id":84456,"date":"2023-10-16T18:11:41","date_gmt":"2023-10-16T18:11:41","guid":{"rendered":"https:\/\/poccky.com\/?post_type=product&#038;p=84456"},"modified":"2023-10-16T18:12:11","modified_gmt":"2023-10-16T18:12:11","slug":"silvia-model-geneve-brazilian-girl-geneva","status":"publish","type":"product","link":"https:\/\/poccky.com\/index.php\/product\/silvia-model-geneve-brazilian-girl-geneva\/","title":{"rendered":"Silvia Model Geneve \u2013 Brazilian girl Geneva"},"content":{"rendered":"","protected":false},"excerpt":{"rendered":"<p>Bonjour je suis disponible \u00e0 Gen\u00e8ve Champel<\/p>\n<p>Contact whatzap:)<br \/>\nBonjour. je me prenomme Silvia. Je suis une tres jolie fille Bresil.Je suis une courtisane belle. sensuelle et charmante disponible pour des mass Age s sensuels. des d\u00eeners romantiques. raffin\u00e9e camarade \u00e9rotique et bien plus encore.<\/p>\n<p>J&#8217;aime rencontrer de nouvelles personnes afin de part Age r des aventures passionnantes ensemble.<\/p>\n<p>Ind\u00e9pendante. sans contraintes. j&#8217;aime les rencontres avec des hommes galants. raffin\u00e9s et respectueux .intelligents .avec de l&#8217;humour. je deteste la vulgarit\u00e9 et le manque de respect .je suis discr\u00eate et cultiv\u00e9e.Je pr\u00e9f\u00e8re la qualit\u00e9 \u00e0 la quantit\u00e9 !! Si c&#8217;est le cas. je vous propose un moment d&#8217;intimit\u00e9 et de d\u00e9tente dans une ambiance harmonieuse. un \u00e9change \u00e9rotique!!! Ne laissez pas passer l&#8217;occasion d&#8217;une rencontre diff\u00e9rente. riche en \u00e9motions. que vous n&#8217;oublierez pas!<\/p>\n<p>Merci de contacter avant pour un rdv  <\/p>\n<p>Bisous Orientation Bisexual Height 170 cm \/ 5?7? Ethnicity  &#8211; Latina Bust Large Age 30 Shaved  Yes  Smokes  ?No Hair Color  &#8211;  Brunette  Nationality  &#8211; Brazilian Gender &#8211; Female    Place &#8211;   Geneva<br \/>\nSwitzerland Contact me  at : +41 77 905 77 37<\/p>\n","protected":false},"featured_media":0,"comment_status":"open","ping_status":"closed","template":"","meta":{"site-sidebar-layout":"default","site-content-layout":"","ast-site-content-layout":"","site-content-style":"default","site-sidebar-style":"default","ast-global-header-display":"","ast-banner-title-visibility":"","ast-main-header-display":"","ast-hfb-above-header-display":"","ast-hfb-below-header-display":"","ast-hfb-mobile-header-display":"","site-post-title":"","ast-breadcrumbs-content":"","ast-featured-img":"","footer-sml-layout":"","theme-transparent-header-meta":"","adv-header-id-meta":"","stick-header-meta":"","header-above-stick-meta":"","header-main-stick-meta":"","header-below-stick-meta":"","astra-migrate-meta-layouts":"default","ast-page-background-enabled":"default","ast-page-background-meta":{"desktop":{"background-color":"var(--ast-global-color-4)","background-image":"","background-repeat":"repeat","background-position":"center center","background-size":"auto","background-attachment":"scroll","background-type":"","background-media":"","overlay-type":"","overlay-color":"","overlay-opacity":"","overlay-gradient":""},"tablet":{"background-color":"","background-image":"","background-repeat":"repeat","background-position":"center center","background-size":"auto","background-attachment":"scroll","background-type":"","background-media":"","overlay-type":"","overlay-color":"","overlay-opacity":"","overlay-gradient":""},"mobile":{"background-color":"","background-image":"","background-repeat":"repeat","background-position":"center center","background-size":"auto","background-attachment":"scroll","background-type":"","background-media":"","overlay-type":"","overlay-color":"","overlay-opacity":"","overlay-gradient":""}},"ast-content-background-meta":{"desktop":{"background-color":"var(--ast-global-color-5)","background-image":"","background-repeat":"repeat","background-position":"center center","background-size":"auto","background-attachment":"scroll","background-type":"","background-media":"","overlay-type":"","overlay-color":"","overlay-opacity":"","overlay-gradient":""},"tablet":{"background-color":"var(--ast-global-color-5)","background-image":"","background-repeat":"repeat","background-position":"center center","background-size":"auto","background-attachment":"scroll","background-type":"","background-media":"","overlay-type":"","overlay-color":"","overlay-opacity":"","overlay-gradient":""},"mobile":{"background-color":"var(--ast-global-color-5)","background-image":"","background-repeat":"repeat","background-position":"center center","background-size":"auto","background-attachment":"scroll","background-type":"","background-media":"","overlay-type":"","overlay-color":"","overlay-opacity":"","overlay-gradient":""}}},"product_brand":[],"product_cat":[188,1021,958],"product_tag":[],"class_list":{"0":"post-84456","1":"product","2":"type-product","3":"status-publish","5":"product_cat-freelancer","6":"product_cat-geneva","7":"product_cat-switzerland","8":"desktop-align-left","9":"tablet-align-left","10":"mobile-align-left","12":"first","13":"instock","14":"shipping-taxable","15":"product-type-simple"},"_links":{"self":[{"href":"https:\/\/poccky.com\/index.php\/wp-json\/wp\/v2\/product\/84456","targetHints":{"allow":["GET"]}}],"collection":[{"href":"https:\/\/poccky.com\/index.php\/wp-json\/wp\/v2\/product"}],"about":[{"href":"https:\/\/poccky.com\/index.php\/wp-json\/wp\/v2\/types\/product"}],"replies":[{"embeddable":true,"href":"https:\/\/poccky.com\/index.php\/wp-json\/wp\/v2\/comments?post=84456"}],"wp:attachment":[{"href":"https:\/\/poccky.com\/index.php\/wp-json\/wp\/v2\/media?parent=84456"}],"wp:term":[{"taxonomy":"product_brand","embeddable":true,"href":"https:\/\/poccky.com\/index.php\/wp-json\/wp\/v2\/product_brand?post=84456"},{"taxonomy":"product_cat","embeddable":true,"href":"https:\/\/poccky.com\/index.php\/wp-json\/wp\/v2\/product_cat?post=84456"},{"taxonomy":"product_tag","embeddable":true,"href":"https:\/\/poccky.com\/index.php\/wp-json\/wp\/v2\/product_tag?post=84456"}],"curies":[{"name":"wp","href":"https:\/\/api.w.org\/{rel}","templated":true}]}}