{"id":84394,"date":"2023-10-16T18:08:45","date_gmt":"2023-10-16T18:08:45","guid":{"rendered":"https:\/\/poccky.com\/?post_type=product&#038;p=84394"},"modified":"2023-10-26T05:53:02","modified_gmt":"2023-10-26T05:53:02","slug":"selena-colombian-girl-bogota","status":"publish","type":"product","link":"https:\/\/poccky.com\/index.php\/product\/selena-colombian-girl-bogota\/","title":{"rendered":"Selena \u2013 Colombian girl Bogot\u00e1"},"content":{"rendered":"","protected":false},"excerpt":{"rendered":"<p>Soy Selena. una chica morena de 22 a\u00f1os y bonitos pechos. Soy un estudiante universitarioa Me encanta el sexo. Estoy abierta a tus fetiches o gustos especiales. Me encanta chupar las pollas que me dan y dar    Place &#8211;   r. Soy una conversadora relajada para que podamos pasar un buen rato en lo que est\u00e9s dispuesto a hacer. S\u00e9 que te gustar\u00e1. Me encanta ser una perra en la cama d\u00e9jame ser tu chica buena o mala   esta vez en tu cama   Tambi\u00e9n me gusta beber si te gusta la fiesta o pasar una noche relajada tengo amigos<br \/>\nVideollamadas calientes 25 d\u00f3lares.<br \/>\n100 mu\u00f1ecas 1 hora<br \/>\nmu\u00f1eca 180 2 horas<br \/>\n280 mu\u00f1eca 3 horas<\/p>\n<p>Preg\u00fanteme<br \/>\n100 dollallars 1 hour<br \/>\n180 dollars  2 hour<br \/>\n&#8230;&#8230;&#8230;&#8230;<\/p>\n<p>I am Selena. a 22-year-old brunette girl with nice breasts. I am a university student. I love sex. I am open to your fetishes or special tastes. I love sucking cocks that they give me and giving pleasure. I am a relaxed talker so we can have a good time for whatever you are willing to do. I know you will like it. I love being a bitch in bed let me be your bad or good girl   this time in your bed   I like to drink too if you like to party or have a relaxed night I have friends<br \/>\nHot video calls 25 dollars<br \/>\n100 doll 1 hour<br \/>\nwrist 180 2 hours<br \/>\n280 wrist 3 hours<\/p>\n<p>Ask me  <\/p>\n<p>Ask me   Orientation Bisexual Height 167 cm \/ 5?6? Ethnicity  &#8211; Latina Bust Large Age 22 Shaved  Yes  Smokes  ?No Hair Color  &#8211;  Brunette  Nationality  &#8211; Colombian Gender &#8211; Female    Place &#8211;   Bogot\u00e1<br \/>\nColombia Contact me  at : +57 350 533 7101<\/p>\n","protected":false},"featured_media":71620,"comment_status":"open","ping_status":"closed","template":"","meta":{"site-sidebar-layout":"default","site-content-layout":"","ast-site-content-layout":"","site-content-style":"default","site-sidebar-style":"default","ast-global-header-display":"","ast-banner-title-visibility":"","ast-main-header-display":"","ast-hfb-above-header-display":"","ast-hfb-below-header-display":"","ast-hfb-mobile-header-display":"","site-post-title":"","ast-breadcrumbs-content":"","ast-featured-img":"","footer-sml-layout":"","theme-transparent-header-meta":"","adv-header-id-meta":"","stick-header-meta":"","header-above-stick-meta":"","header-main-stick-meta":"","header-below-stick-meta":"","astra-migrate-meta-layouts":"default","ast-page-background-enabled":"default","ast-page-background-meta":{"desktop":{"background-color":"var(--ast-global-color-4)","background-image":"","background-repeat":"repeat","background-position":"center center","background-size":"auto","background-attachment":"scroll","background-type":"","background-media":"","overlay-type":"","overlay-color":"","overlay-opacity":"","overlay-gradient":""},"tablet":{"background-color":"","background-image":"","background-repeat":"repeat","background-position":"center center","background-size":"auto","background-attachment":"scroll","background-type":"","background-media":"","overlay-type":"","overlay-color":"","overlay-opacity":"","overlay-gradient":""},"mobile":{"background-color":"","background-image":"","background-repeat":"repeat","background-position":"center center","background-size":"auto","background-attachment":"scroll","background-type":"","background-media":"","overlay-type":"","overlay-color":"","overlay-opacity":"","overlay-gradient":""}},"ast-content-background-meta":{"desktop":{"background-color":"var(--ast-global-color-5)","background-image":"","background-repeat":"repeat","background-position":"center center","background-size":"auto","background-attachment":"scroll","background-type":"","background-media":"","overlay-type":"","overlay-color":"","overlay-opacity":"","overlay-gradient":""},"tablet":{"background-color":"var(--ast-global-color-5)","background-image":"","background-repeat":"repeat","background-position":"center center","background-size":"auto","background-attachment":"scroll","background-type":"","background-media":"","overlay-type":"","overlay-color":"","overlay-opacity":"","overlay-gradient":""},"mobile":{"background-color":"var(--ast-global-color-5)","background-image":"","background-repeat":"repeat","background-position":"center center","background-size":"auto","background-attachment":"scroll","background-type":"","background-media":"","overlay-type":"","overlay-color":"","overlay-opacity":"","overlay-gradient":""}}},"product_brand":[],"product_cat":[1017,418,188],"product_tag":[],"class_list":{"0":"post-84394","1":"product","2":"type-product","3":"status-publish","4":"has-post-thumbnail","6":"product_cat-bogota","7":"product_cat-colombia","8":"product_cat-freelancer","9":"desktop-align-left","10":"tablet-align-left","11":"mobile-align-left","13":"first","14":"instock","15":"shipping-taxable","16":"product-type-simple"},"_links":{"self":[{"href":"https:\/\/poccky.com\/index.php\/wp-json\/wp\/v2\/product\/84394","targetHints":{"allow":["GET"]}}],"collection":[{"href":"https:\/\/poccky.com\/index.php\/wp-json\/wp\/v2\/product"}],"about":[{"href":"https:\/\/poccky.com\/index.php\/wp-json\/wp\/v2\/types\/product"}],"replies":[{"embeddable":true,"href":"https:\/\/poccky.com\/index.php\/wp-json\/wp\/v2\/comments?post=84394"}],"wp:featuredmedia":[{"embeddable":true,"href":"https:\/\/poccky.com\/index.php\/wp-json\/wp\/v2\/media\/71620"}],"wp:attachment":[{"href":"https:\/\/poccky.com\/index.php\/wp-json\/wp\/v2\/media?parent=84394"}],"wp:term":[{"taxonomy":"product_brand","embeddable":true,"href":"https:\/\/poccky.com\/index.php\/wp-json\/wp\/v2\/product_brand?post=84394"},{"taxonomy":"product_cat","embeddable":true,"href":"https:\/\/poccky.com\/index.php\/wp-json\/wp\/v2\/product_cat?post=84394"},{"taxonomy":"product_tag","embeddable":true,"href":"https:\/\/poccky.com\/index.php\/wp-json\/wp\/v2\/product_tag?post=84394"}],"curies":[{"name":"wp","href":"https:\/\/api.w.org\/{rel}","templated":true}]}}