{"id":84311,"date":"2023-10-16T18:04:32","date_gmt":"2023-10-16T18:04:32","guid":{"rendered":"https:\/\/poccky.com\/?post_type=product&#038;p=84311"},"modified":"2023-10-16T18:04:32","modified_gmt":"2023-10-16T18:04:32","slug":"roussel-french-girl-bonn","status":"publish","type":"product","link":"https:\/\/poccky.com\/index.php\/product\/roussel-french-girl-bonn\/","title":{"rendered":"Roussel \u2013 French girl Bonn"},"content":{"rendered":"","protected":false},"excerpt":{"rendered":"<p>Je m&#8217;appelle Yuna. une femme \u00e9l\u00e9gante avec une attitude amicale et sympathique. une personnalit\u00e9 douce. directe. honn\u00eate. aussi un peu sauv Age  et aventureuse. Je travaille de mani\u00e8re ind\u00e9pendante. j&#8217;aime passer du temps de qualit\u00e9 avec un gentleman et je veux part Age r de grandes choses. si vous cherchez un endroit pour vous d\u00e9tendre et vous reposer. alors je suis la personne que vous recherchez. \u00e9p\u00e9e. Je veux que notre temps priv\u00e9 ensemble soit une exp\u00e9rience inoubliable<br \/>\n Faites-moi savoir quel service vous aimez le plus et je m&#8217;adapterai au mieux \u00e0 cela. car je veux que vous soyez satisfait de ce dont vous avez besoin et que je sois une vraie petite amie pour vous et la nature . Mieux encore. je ne suis pas une fille press\u00e9e de faire le travail \u00e0 temps et vous passez le meilleur moment avec moi<br \/>\n Ensuite. mais pas des moindres. ma priorit\u00e9 absolue est votre plaisir. le sexe n&#8217;est pas seulement putain. c&#8217;est tellement plus. J&#8217;ai donc une exp\u00e9rience tr\u00e8s sp\u00e9ciale dans le mass Age  relaxant et le mass Age  Nuru<br \/>\n. je vais vous apporter une joie que vous n&#8217;avez jamais connue auparavant<br \/>\nPhoto r\u00e9elle Profil<br \/>\nje vous attends &#8230;.. j&#8217;esp\u00e8re vous voir<br \/>\nTelegram @kallania<br \/>\nSnapchat   kallania1 Orientation Heterosexual Height 170 cm \/ 5?7? Ethnicity  &#8211; White Bust Medium Age 26 Shaved  Partially  Smokes  ?Yes Hair Color  &#8211;  Brunette  Nationality  &#8211; French Gender &#8211; Female    Place &#8211;   Bonn<br \/>\nGermany Contact me  at : +33 7 57 82 62 41<\/p>\n","protected":false},"featured_media":72156,"comment_status":"open","ping_status":"closed","template":"","meta":{"site-sidebar-layout":"default","site-content-layout":"","ast-site-content-layout":"","site-content-style":"default","site-sidebar-style":"default","ast-global-header-display":"","ast-banner-title-visibility":"","ast-main-header-display":"","ast-hfb-above-header-display":"","ast-hfb-below-header-display":"","ast-hfb-mobile-header-display":"","site-post-title":"","ast-breadcrumbs-content":"","ast-featured-img":"","footer-sml-layout":"","theme-transparent-header-meta":"","adv-header-id-meta":"","stick-header-meta":"","header-above-stick-meta":"","header-main-stick-meta":"","header-below-stick-meta":"","astra-migrate-meta-layouts":"default","ast-page-background-enabled":"default","ast-page-background-meta":{"desktop":{"background-color":"var(--ast-global-color-4)","background-image":"","background-repeat":"repeat","background-position":"center center","background-size":"auto","background-attachment":"scroll","background-type":"","background-media":"","overlay-type":"","overlay-color":"","overlay-opacity":"","overlay-gradient":""},"tablet":{"background-color":"","background-image":"","background-repeat":"repeat","background-position":"center center","background-size":"auto","background-attachment":"scroll","background-type":"","background-media":"","overlay-type":"","overlay-color":"","overlay-opacity":"","overlay-gradient":""},"mobile":{"background-color":"","background-image":"","background-repeat":"repeat","background-position":"center center","background-size":"auto","background-attachment":"scroll","background-type":"","background-media":"","overlay-type":"","overlay-color":"","overlay-opacity":"","overlay-gradient":""}},"ast-content-background-meta":{"desktop":{"background-color":"var(--ast-global-color-5)","background-image":"","background-repeat":"repeat","background-position":"center center","background-size":"auto","background-attachment":"scroll","background-type":"","background-media":"","overlay-type":"","overlay-color":"","overlay-opacity":"","overlay-gradient":""},"tablet":{"background-color":"var(--ast-global-color-5)","background-image":"","background-repeat":"repeat","background-position":"center center","background-size":"auto","background-attachment":"scroll","background-type":"","background-media":"","overlay-type":"","overlay-color":"","overlay-opacity":"","overlay-gradient":""},"mobile":{"background-color":"var(--ast-global-color-5)","background-image":"","background-repeat":"repeat","background-position":"center center","background-size":"auto","background-attachment":"scroll","background-type":"","background-media":"","overlay-type":"","overlay-color":"","overlay-opacity":"","overlay-gradient":""}}},"product_brand":[],"product_cat":[1034,188,811],"product_tag":[],"class_list":{"0":"post-84311","1":"product","2":"type-product","3":"status-publish","4":"has-post-thumbnail","6":"product_cat-bonn","7":"product_cat-freelancer","8":"product_cat-germany","9":"desktop-align-left","10":"tablet-align-left","11":"mobile-align-left","13":"first","14":"instock","15":"shipping-taxable","16":"product-type-simple"},"_links":{"self":[{"href":"https:\/\/poccky.com\/index.php\/wp-json\/wp\/v2\/product\/84311","targetHints":{"allow":["GET"]}}],"collection":[{"href":"https:\/\/poccky.com\/index.php\/wp-json\/wp\/v2\/product"}],"about":[{"href":"https:\/\/poccky.com\/index.php\/wp-json\/wp\/v2\/types\/product"}],"replies":[{"embeddable":true,"href":"https:\/\/poccky.com\/index.php\/wp-json\/wp\/v2\/comments?post=84311"}],"wp:featuredmedia":[{"embeddable":true,"href":"https:\/\/poccky.com\/index.php\/wp-json\/wp\/v2\/media\/72156"}],"wp:attachment":[{"href":"https:\/\/poccky.com\/index.php\/wp-json\/wp\/v2\/media?parent=84311"}],"wp:term":[{"taxonomy":"product_brand","embeddable":true,"href":"https:\/\/poccky.com\/index.php\/wp-json\/wp\/v2\/product_brand?post=84311"},{"taxonomy":"product_cat","embeddable":true,"href":"https:\/\/poccky.com\/index.php\/wp-json\/wp\/v2\/product_cat?post=84311"},{"taxonomy":"product_tag","embeddable":true,"href":"https:\/\/poccky.com\/index.php\/wp-json\/wp\/v2\/product_tag?post=84311"}],"curies":[{"name":"wp","href":"https:\/\/api.w.org\/{rel}","templated":true}]}}