{"id":84092,"date":"2023-10-16T17:52:09","date_gmt":"2023-10-16T17:52:09","guid":{"rendered":"https:\/\/poccky.com\/?post_type=product&#038;p=84092"},"modified":"2023-10-16T17:52:12","modified_gmt":"2023-10-16T17:52:12","slug":"nana-incall-and-outcall-available-vip-filipino-girl-khobar","status":"publish","type":"product","link":"https:\/\/poccky.com\/index.php\/product\/nana-incall-and-outcall-available-vip-filipino-girl-khobar\/","title":{"rendered":"Nana Incall and Outcall available vip \u2013 Filipino girl Khobar"},"content":{"rendered":"","protected":false},"excerpt":{"rendered":"<p>S? sang tr?ng v\u00e0 tinh t?.  ng c?p v\u00e0 nghi th?c. v?i t\u00ecnh y\u00eau m?t s? nh?c c?m. B?n ?ang t\u00ecm ki?m ng i b?n  ng h\u00e0nh cao c?p nh?t. ng i s? chi?u chu?ng v\u00e0 chi?u chu?ng b?n? B?n c\u00f3 th? mong  i s? th? gi\u00e3n v\u00e0 k\u00edch th\u00edch ho\u00e0n to\u00e0n t? nh?ng ng i m?u g?i c?m. th?c t?.  ?c ch?m s\u00f3c chu ?\u00e1o s? ch\u00fa \u00fd  n nhu c?u v\u00e0 mong mu?n c?a b?n. Ng i m?u c?a ch\u00fang t\u00f4i s? th?a m\u00e3n mong mu?n  ?c ch?m v\u00e0  ?c ch?m.  ?c t?n h ng v\u00e0 t?o c?m gi\u00e1c nh? th? ch? c\u00f3 b?n t?n t?i trong th? gi?i quy?n r? g?i c?m c?a h?. H? y\u00eau th\u00edch tr\u00f2 ch?i nh?p vai v\u00e0 s? tr\u00eau ch?c c?a tr\u00f2 ch?i t ng t ng. H? s?n s\u00e0ng chia s? v?i b?n ph?n cu?i c\u00f9ng c?a t\u00ecnh b?n t\u00ecnh d?c. ?i?u ?\u00f3 ch? c\u00f3 th?  ?c t?o ra v?i mong mu?n th?c s? v? s? th?a m\u00e3n tuy?t  i.  ng sau c\u00e1nh c?a ?\u00f3ng k\u00edn. ch\u00fang ta s? t?n h ng ni?m vui t\u00ecnh d?c c?c   v t qu\u00e1 m?c b\u00ecnh th ng. To\u00e0n quy?n quy?t  nh v\u00e0 quy?n ri\u00eang t? l\u00e0 ?i?u quan tr?ng nh?t  i v?i t\u00f4i. Th?i gian b\u00ean em kh\u00f4ng ch? l\u00e0 &#8216;d?ch v? h? t?ng&#8217;&#8230; Orientation Heterosexual Height 167 cm \/ 5?6? Bust Medium Age 21 Shaved  No  Smokes  ?No Hair Color  &#8211;  Black  Nationality  &#8211; Filipino Gender &#8211; Female    Place &#8211;   Khobar<br \/>\nSaudi Arabia Contact me  at : +966 59 641 3150<\/p>\n","protected":false},"featured_media":73632,"comment_status":"open","ping_status":"closed","template":"","meta":{"site-sidebar-layout":"default","site-content-layout":"","ast-site-content-layout":"","site-content-style":"default","site-sidebar-style":"default","ast-global-header-display":"","ast-banner-title-visibility":"","ast-main-header-display":"","ast-hfb-above-header-display":"","ast-hfb-below-header-display":"","ast-hfb-mobile-header-display":"","site-post-title":"","ast-breadcrumbs-content":"","ast-featured-img":"","footer-sml-layout":"","theme-transparent-header-meta":"","adv-header-id-meta":"","stick-header-meta":"","header-above-stick-meta":"","header-main-stick-meta":"","header-below-stick-meta":"","astra-migrate-meta-layouts":"default","ast-page-background-enabled":"default","ast-page-background-meta":{"desktop":{"background-color":"var(--ast-global-color-4)","background-image":"","background-repeat":"repeat","background-position":"center center","background-size":"auto","background-attachment":"scroll","background-type":"","background-media":"","overlay-type":"","overlay-color":"","overlay-opacity":"","overlay-gradient":""},"tablet":{"background-color":"","background-image":"","background-repeat":"repeat","background-position":"center center","background-size":"auto","background-attachment":"scroll","background-type":"","background-media":"","overlay-type":"","overlay-color":"","overlay-opacity":"","overlay-gradient":""},"mobile":{"background-color":"","background-image":"","background-repeat":"repeat","background-position":"center center","background-size":"auto","background-attachment":"scroll","background-type":"","background-media":"","overlay-type":"","overlay-color":"","overlay-opacity":"","overlay-gradient":""}},"ast-content-background-meta":{"desktop":{"background-color":"var(--ast-global-color-5)","background-image":"","background-repeat":"repeat","background-position":"center center","background-size":"auto","background-attachment":"scroll","background-type":"","background-media":"","overlay-type":"","overlay-color":"","overlay-opacity":"","overlay-gradient":""},"tablet":{"background-color":"var(--ast-global-color-5)","background-image":"","background-repeat":"repeat","background-position":"center center","background-size":"auto","background-attachment":"scroll","background-type":"","background-media":"","overlay-type":"","overlay-color":"","overlay-opacity":"","overlay-gradient":""},"mobile":{"background-color":"var(--ast-global-color-5)","background-image":"","background-repeat":"repeat","background-position":"center center","background-size":"auto","background-attachment":"scroll","background-type":"","background-media":"","overlay-type":"","overlay-color":"","overlay-opacity":"","overlay-gradient":""}}},"product_brand":[],"product_cat":[188,1012,799],"product_tag":[],"class_list":{"0":"post-84092","1":"product","2":"type-product","3":"status-publish","4":"has-post-thumbnail","6":"product_cat-freelancer","7":"product_cat-khobar","8":"product_cat-saudi-arabia","9":"desktop-align-left","10":"tablet-align-left","11":"mobile-align-left","13":"first","14":"instock","15":"shipping-taxable","16":"product-type-simple"},"_links":{"self":[{"href":"https:\/\/poccky.com\/index.php\/wp-json\/wp\/v2\/product\/84092","targetHints":{"allow":["GET"]}}],"collection":[{"href":"https:\/\/poccky.com\/index.php\/wp-json\/wp\/v2\/product"}],"about":[{"href":"https:\/\/poccky.com\/index.php\/wp-json\/wp\/v2\/types\/product"}],"replies":[{"embeddable":true,"href":"https:\/\/poccky.com\/index.php\/wp-json\/wp\/v2\/comments?post=84092"}],"wp:featuredmedia":[{"embeddable":true,"href":"https:\/\/poccky.com\/index.php\/wp-json\/wp\/v2\/media\/73632"}],"wp:attachment":[{"href":"https:\/\/poccky.com\/index.php\/wp-json\/wp\/v2\/media?parent=84092"}],"wp:term":[{"taxonomy":"product_brand","embeddable":true,"href":"https:\/\/poccky.com\/index.php\/wp-json\/wp\/v2\/product_brand?post=84092"},{"taxonomy":"product_cat","embeddable":true,"href":"https:\/\/poccky.com\/index.php\/wp-json\/wp\/v2\/product_cat?post=84092"},{"taxonomy":"product_tag","embeddable":true,"href":"https:\/\/poccky.com\/index.php\/wp-json\/wp\/v2\/product_tag?post=84092"}],"curies":[{"name":"wp","href":"https:\/\/api.w.org\/{rel}","templated":true}]}}