{"id":84003,"date":"2023-10-16T17:47:16","date_gmt":"2023-10-16T17:47:16","guid":{"rendered":"https:\/\/poccky.com\/?post_type=product&#038;p=84003"},"modified":"2023-10-16T17:47:19","modified_gmt":"2023-10-16T17:47:19","slug":"mina-hawally-salmyia-in-kuwait-chinese-masseuse-in-kuwait","status":"publish","type":"product","link":"https:\/\/poccky.com\/index.php\/product\/mina-hawally-salmyia-in-kuwait-chinese-masseuse-in-kuwait\/","title":{"rendered":"Mina Hawally Salmyia in Kuwait \u2013 Chinese masseuse in Kuwait"},"content":{"rendered":"","protected":false},"excerpt":{"rendered":"<p>Xin ch\u00e0o c\u00e1c \u00f4ng. t\u00f4i l\u00e0 Mina. n?m nay gi? 25 tu?i. t\u00f4i m?i  n Kuwait v\u00e0 ?\u00e2y l\u00e0 ?nh th?t 100% c?a t\u00f4i. kh\u00f4ng ph?i h\u00e0ng.\u00a0T\u00f4i l\u00e0 m?t c\u00f4 g\u00e1i g?i c?m v\u00e0 l?ch s?. t\u00f4i c\u00f3 m?t th\u00e2n h\u00ecnh g?i c?m. v?i b? ng?c th?ng. ?\u00f4i m?t  p v\u00e0 l\u00e0n da b\u00e1nh m?t si\u00eau m?m.\u00a0T\u00f4i s? l\u00e0m nhi?u d?ch v? bao g?m quan h? t\u00ecnh d?c b?ng c\u00e1ch ch?n kh\u00f4ng c\u00f3 bao cao su. th? d\u00e2m. m\u00e1t xa n\u00f4 l? v\u00e0 m\u00e1t xa c? th?. s\u00e1u m i ch\u00edn v\u00e0 ki?u ch\u00f3. h\u00f4n h\u00f4n ki?u Ph\u00e1p. quan h? t\u00ecnh d?c v?i b?n.\u00a0N?u b?n quan t\u00e2m  n d?ch v? c?a t\u00f4i. vui l\u00f2ng li\u00ean h? v?i WhatsApp c?a t\u00f4i c\u00e0ng s?m c\u00e0ng t?t. b?n s?  ?c th ng d?ch v? 6 sao. s? kh\u00f4ng l\u00e0m b?n th?t v?ng. ch? d\u00e0nh cho c\u00e1c \u00f4ng.\u00a0Ch\u00fac c\u00e1c b?n vui v? m?i ng\u00e0y!\u00a0Mina Orientation Heterosexual Height 170 cm \/ 5?7? Ethnicity  &#8211; Asian Bust Large Age 25 Shaved  Yes  Smokes  ?No Hair Color  &#8211;  Blonde  Nationality  &#8211; Chinese Gender &#8211; Female    Place &#8211;   Kuwait Contact me  at : +84 81 5600123<\/p>\n","protected":false},"featured_media":74318,"comment_status":"open","ping_status":"closed","template":"","meta":{"site-sidebar-layout":"default","site-content-layout":"","ast-site-content-layout":"","site-content-style":"default","site-sidebar-style":"default","ast-global-header-display":"","ast-banner-title-visibility":"","ast-main-header-display":"","ast-hfb-above-header-display":"","ast-hfb-below-header-display":"","ast-hfb-mobile-header-display":"","site-post-title":"","ast-breadcrumbs-content":"","ast-featured-img":"","footer-sml-layout":"","theme-transparent-header-meta":"","adv-header-id-meta":"","stick-header-meta":"","header-above-stick-meta":"","header-main-stick-meta":"","header-below-stick-meta":"","astra-migrate-meta-layouts":"default","ast-page-background-enabled":"default","ast-page-background-meta":{"desktop":{"background-color":"var(--ast-global-color-4)","background-image":"","background-repeat":"repeat","background-position":"center center","background-size":"auto","background-attachment":"scroll","background-type":"","background-media":"","overlay-type":"","overlay-color":"","overlay-opacity":"","overlay-gradient":""},"tablet":{"background-color":"","background-image":"","background-repeat":"repeat","background-position":"center center","background-size":"auto","background-attachment":"scroll","background-type":"","background-media":"","overlay-type":"","overlay-color":"","overlay-opacity":"","overlay-gradient":""},"mobile":{"background-color":"","background-image":"","background-repeat":"repeat","background-position":"center center","background-size":"auto","background-attachment":"scroll","background-type":"","background-media":"","overlay-type":"","overlay-color":"","overlay-opacity":"","overlay-gradient":""}},"ast-content-background-meta":{"desktop":{"background-color":"var(--ast-global-color-5)","background-image":"","background-repeat":"repeat","background-position":"center center","background-size":"auto","background-attachment":"scroll","background-type":"","background-media":"","overlay-type":"","overlay-color":"","overlay-opacity":"","overlay-gradient":""},"tablet":{"background-color":"var(--ast-global-color-5)","background-image":"","background-repeat":"repeat","background-position":"center center","background-size":"auto","background-attachment":"scroll","background-type":"","background-media":"","overlay-type":"","overlay-color":"","overlay-opacity":"","overlay-gradient":""},"mobile":{"background-color":"var(--ast-global-color-5)","background-image":"","background-repeat":"repeat","background-position":"center center","background-size":"auto","background-attachment":"scroll","background-type":"","background-media":"","overlay-type":"","overlay-color":"","overlay-opacity":"","overlay-gradient":""}}},"product_brand":[],"product_cat":[188,419,1010],"product_tag":[],"class_list":{"0":"post-84003","1":"product","2":"type-product","3":"status-publish","4":"has-post-thumbnail","6":"product_cat-freelancer","7":"product_cat-kuwait","8":"product_cat-kuwait-city","9":"desktop-align-left","10":"tablet-align-left","11":"mobile-align-left","13":"first","14":"instock","15":"shipping-taxable","16":"product-type-simple"},"_links":{"self":[{"href":"https:\/\/poccky.com\/index.php\/wp-json\/wp\/v2\/product\/84003","targetHints":{"allow":["GET"]}}],"collection":[{"href":"https:\/\/poccky.com\/index.php\/wp-json\/wp\/v2\/product"}],"about":[{"href":"https:\/\/poccky.com\/index.php\/wp-json\/wp\/v2\/types\/product"}],"replies":[{"embeddable":true,"href":"https:\/\/poccky.com\/index.php\/wp-json\/wp\/v2\/comments?post=84003"}],"wp:featuredmedia":[{"embeddable":true,"href":"https:\/\/poccky.com\/index.php\/wp-json\/wp\/v2\/media\/74318"}],"wp:attachment":[{"href":"https:\/\/poccky.com\/index.php\/wp-json\/wp\/v2\/media?parent=84003"}],"wp:term":[{"taxonomy":"product_brand","embeddable":true,"href":"https:\/\/poccky.com\/index.php\/wp-json\/wp\/v2\/product_brand?post=84003"},{"taxonomy":"product_cat","embeddable":true,"href":"https:\/\/poccky.com\/index.php\/wp-json\/wp\/v2\/product_cat?post=84003"},{"taxonomy":"product_tag","embeddable":true,"href":"https:\/\/poccky.com\/index.php\/wp-json\/wp\/v2\/product_tag?post=84003"}],"curies":[{"name":"wp","href":"https:\/\/api.w.org\/{rel}","templated":true}]}}