{"id":84000,"date":"2023-10-16T17:47:04","date_gmt":"2023-10-16T17:47:04","guid":{"rendered":"https:\/\/poccky.com\/?post_type=product&#038;p=84000"},"modified":"2023-10-16T17:47:07","modified_gmt":"2023-10-16T17:47:07","slug":"mina-vietnamese-girl-kuwait","status":"publish","type":"product","link":"https:\/\/poccky.com\/index.php\/product\/mina-vietnamese-girl-kuwait\/","title":{"rendered":"Mina \u2013 Vietnamese girl Kuwait"},"content":{"rendered":"","protected":false},"excerpt":{"rendered":"<p>Xin ch\u00e0o. t\u00f4i t\u00ean l\u00e0 mina.l\u00e0 m?t c\u00f4 g\u00e1i sexy ? mabola Kuwait n?m nay t\u00f4i 22 tu?i. t\u00f4i l\u00e0 nh\u00e2n vi\u00ean ph?c v? h? t?ng m?i v\u00e0o ?\u00e2y. c\u00f3 nhi?u kinh nghi?m v?i b?n g\u00e1i. l\u00e0 m?t c\u00f4 g\u00e1i r?t ?am m\u00ea v\u00e0 l\u00e3ng m?n v?i m?t c? th? g?i c?m v\u00e0 m?n m\u00e0ng v\u00e0 ?\u00f4i m?t quy?n r?. T\u00f4i cao 170 cm.t\u00f3c d\u00e0i v\u00e0 ng?c 36D.c\u00f4 ?y tr\u00f4ng r?t g?i c?m. T\u00f4i c\u00f3 th? cung c?p cho b?n m?t d?ch v? tr? l?i. C\u00f4 g\u00e1i r?t xinh  p v\u00e0 l\u00e3ng m?n. ?nh c?a t\u00f4i gi?ng nh? th?t c?a t\u00f4i! Xin l?u \u00fd r?ng v? sinh l\u00e0 ?u ti\u00ean h\u00e0ng  u c?a t\u00f4i. Ngo\u00e0i ra.  ng qu\u00ean th\u00f4ng b\u00e1o cho t\u00f4i 30 ph\u00fat tr c khi b?t  u cu?c h?p. T\u00f4i s? cung c?p cho b?n m?i th? b?n c?n v\u00e0 s? d?ng m?i b? ph?n tr\u00ean c? th? b?n   khi?n b?n run s?. Orientation Heterosexual Height 170 cm \/ 5?7? Ethnicity  &#8211; Asian Bust Large Age 22 Shaved  Yes  Smokes  ?Yes Hair Color  &#8211;  Black  Nationality  &#8211; Vietnamese Gender &#8211; Female    Place &#8211;   Kuwait Contact me  at : +965 5174 3668<\/p>\n","protected":false},"featured_media":74276,"comment_status":"open","ping_status":"closed","template":"","meta":{"site-sidebar-layout":"default","site-content-layout":"","ast-site-content-layout":"","site-content-style":"default","site-sidebar-style":"default","ast-global-header-display":"","ast-banner-title-visibility":"","ast-main-header-display":"","ast-hfb-above-header-display":"","ast-hfb-below-header-display":"","ast-hfb-mobile-header-display":"","site-post-title":"","ast-breadcrumbs-content":"","ast-featured-img":"","footer-sml-layout":"","theme-transparent-header-meta":"","adv-header-id-meta":"","stick-header-meta":"","header-above-stick-meta":"","header-main-stick-meta":"","header-below-stick-meta":"","astra-migrate-meta-layouts":"default","ast-page-background-enabled":"default","ast-page-background-meta":{"desktop":{"background-color":"var(--ast-global-color-4)","background-image":"","background-repeat":"repeat","background-position":"center center","background-size":"auto","background-attachment":"scroll","background-type":"","background-media":"","overlay-type":"","overlay-color":"","overlay-opacity":"","overlay-gradient":""},"tablet":{"background-color":"","background-image":"","background-repeat":"repeat","background-position":"center center","background-size":"auto","background-attachment":"scroll","background-type":"","background-media":"","overlay-type":"","overlay-color":"","overlay-opacity":"","overlay-gradient":""},"mobile":{"background-color":"","background-image":"","background-repeat":"repeat","background-position":"center center","background-size":"auto","background-attachment":"scroll","background-type":"","background-media":"","overlay-type":"","overlay-color":"","overlay-opacity":"","overlay-gradient":""}},"ast-content-background-meta":{"desktop":{"background-color":"var(--ast-global-color-5)","background-image":"","background-repeat":"repeat","background-position":"center center","background-size":"auto","background-attachment":"scroll","background-type":"","background-media":"","overlay-type":"","overlay-color":"","overlay-opacity":"","overlay-gradient":""},"tablet":{"background-color":"var(--ast-global-color-5)","background-image":"","background-repeat":"repeat","background-position":"center center","background-size":"auto","background-attachment":"scroll","background-type":"","background-media":"","overlay-type":"","overlay-color":"","overlay-opacity":"","overlay-gradient":""},"mobile":{"background-color":"var(--ast-global-color-5)","background-image":"","background-repeat":"repeat","background-position":"center center","background-size":"auto","background-attachment":"scroll","background-type":"","background-media":"","overlay-type":"","overlay-color":"","overlay-opacity":"","overlay-gradient":""}}},"product_brand":[],"product_cat":[188,419,1010],"product_tag":[],"class_list":{"0":"post-84000","1":"product","2":"type-product","3":"status-publish","4":"has-post-thumbnail","6":"product_cat-freelancer","7":"product_cat-kuwait","8":"product_cat-kuwait-city","9":"desktop-align-left","10":"tablet-align-left","11":"mobile-align-left","13":"first","14":"instock","15":"shipping-taxable","16":"product-type-simple"},"_links":{"self":[{"href":"https:\/\/poccky.com\/index.php\/wp-json\/wp\/v2\/product\/84000","targetHints":{"allow":["GET"]}}],"collection":[{"href":"https:\/\/poccky.com\/index.php\/wp-json\/wp\/v2\/product"}],"about":[{"href":"https:\/\/poccky.com\/index.php\/wp-json\/wp\/v2\/types\/product"}],"replies":[{"embeddable":true,"href":"https:\/\/poccky.com\/index.php\/wp-json\/wp\/v2\/comments?post=84000"}],"wp:featuredmedia":[{"embeddable":true,"href":"https:\/\/poccky.com\/index.php\/wp-json\/wp\/v2\/media\/74276"}],"wp:attachment":[{"href":"https:\/\/poccky.com\/index.php\/wp-json\/wp\/v2\/media?parent=84000"}],"wp:term":[{"taxonomy":"product_brand","embeddable":true,"href":"https:\/\/poccky.com\/index.php\/wp-json\/wp\/v2\/product_brand?post=84000"},{"taxonomy":"product_cat","embeddable":true,"href":"https:\/\/poccky.com\/index.php\/wp-json\/wp\/v2\/product_cat?post=84000"},{"taxonomy":"product_tag","embeddable":true,"href":"https:\/\/poccky.com\/index.php\/wp-json\/wp\/v2\/product_tag?post=84000"}],"curies":[{"name":"wp","href":"https:\/\/api.w.org\/{rel}","templated":true}]}}