{"id":83968,"date":"2023-10-16T17:45:32","date_gmt":"2023-10-16T17:45:32","guid":{"rendered":"https:\/\/poccky.com\/?post_type=product&#038;p=83968"},"modified":"2023-10-26T13:27:45","modified_gmt":"2023-10-26T13:27:45","slug":"mia-colombian-girl-bogota","status":"publish","type":"product","link":"https:\/\/poccky.com\/index.php\/product\/mia-colombian-girl-bogota\/","title":{"rendered":"Mia \u2013 Colombian girl Bogot\u00e1"},"content":{"rendered":"","protected":false},"excerpt":{"rendered":"<p>&#8220;100% as shown in the pictures&#8221;<br \/>\nThis little girl is very flirtatious. has a divine face. a very beautiful and healthy body. a sexy smile. She is a university student. It is a very good option if you want to meet a young authentic. loving. very nice and willing girl.<br \/>\nThe service is usually bridal treatment. kissing. relationships without limit of times for paid time. oral. all with condoms. However. the time with the company of your choice is yours. If you want something special. it may have an extra cost. Please. ask me.<\/p>\n<p>&#8220;100% igual a la fotos&#8221;<br \/>\nEsta nenita es muy coqueta. tiene una cara divina. un cuerpo muy bonito y sano. una sonrisa sexy. y es universitaria. Es una muy buena opcion si quieres conocer una joven autentica. cari\u00f1osa. muy linda y dispuesta a conocerte.<br \/>\nEl servicio com\u00fanmente es trato de novia. besos. relaciones sin l\u00edmite de veces por el tiempo pago. oral. todo con cond\u00f3n. Sin embargo. el tiempo con la compa\u00f1\u00eda de su elecci\u00f3n es suyo. Si quiere algo en especial quiz\u00e1 tendr\u00e1 un costo extra. Orientation Heterosexual Height 160 cm \/ 5?3? Ethnicity  &#8211; Latina Bust Large Age 27 Shaved  Yes  Smokes  ?No Hair Color  &#8211;  Black  Nationality  &#8211; Colombian Gender &#8211; Female    Place &#8211;   Bogot\u00e1<br \/>\nColombia Contact me  at : +1 (919) 862-7217<\/p>\n","protected":false},"featured_media":74518,"comment_status":"open","ping_status":"closed","template":"","meta":{"site-sidebar-layout":"default","site-content-layout":"","ast-site-content-layout":"","site-content-style":"default","site-sidebar-style":"default","ast-global-header-display":"","ast-banner-title-visibility":"","ast-main-header-display":"","ast-hfb-above-header-display":"","ast-hfb-below-header-display":"","ast-hfb-mobile-header-display":"","site-post-title":"","ast-breadcrumbs-content":"","ast-featured-img":"","footer-sml-layout":"","theme-transparent-header-meta":"","adv-header-id-meta":"","stick-header-meta":"","header-above-stick-meta":"","header-main-stick-meta":"","header-below-stick-meta":"","astra-migrate-meta-layouts":"default","ast-page-background-enabled":"default","ast-page-background-meta":{"desktop":{"background-color":"var(--ast-global-color-4)","background-image":"","background-repeat":"repeat","background-position":"center center","background-size":"auto","background-attachment":"scroll","background-type":"","background-media":"","overlay-type":"","overlay-color":"","overlay-opacity":"","overlay-gradient":""},"tablet":{"background-color":"","background-image":"","background-repeat":"repeat","background-position":"center center","background-size":"auto","background-attachment":"scroll","background-type":"","background-media":"","overlay-type":"","overlay-color":"","overlay-opacity":"","overlay-gradient":""},"mobile":{"background-color":"","background-image":"","background-repeat":"repeat","background-position":"center center","background-size":"auto","background-attachment":"scroll","background-type":"","background-media":"","overlay-type":"","overlay-color":"","overlay-opacity":"","overlay-gradient":""}},"ast-content-background-meta":{"desktop":{"background-color":"var(--ast-global-color-5)","background-image":"","background-repeat":"repeat","background-position":"center center","background-size":"auto","background-attachment":"scroll","background-type":"","background-media":"","overlay-type":"","overlay-color":"","overlay-opacity":"","overlay-gradient":""},"tablet":{"background-color":"var(--ast-global-color-5)","background-image":"","background-repeat":"repeat","background-position":"center center","background-size":"auto","background-attachment":"scroll","background-type":"","background-media":"","overlay-type":"","overlay-color":"","overlay-opacity":"","overlay-gradient":""},"mobile":{"background-color":"var(--ast-global-color-5)","background-image":"","background-repeat":"repeat","background-position":"center center","background-size":"auto","background-attachment":"scroll","background-type":"","background-media":"","overlay-type":"","overlay-color":"","overlay-opacity":"","overlay-gradient":""}}},"product_brand":[],"product_cat":[1017,418,188],"product_tag":[],"class_list":{"0":"post-83968","1":"product","2":"type-product","3":"status-publish","4":"has-post-thumbnail","6":"product_cat-bogota","7":"product_cat-colombia","8":"product_cat-freelancer","9":"desktop-align-left","10":"tablet-align-left","11":"mobile-align-left","13":"first","14":"instock","15":"shipping-taxable","16":"product-type-simple"},"_links":{"self":[{"href":"https:\/\/poccky.com\/index.php\/wp-json\/wp\/v2\/product\/83968","targetHints":{"allow":["GET"]}}],"collection":[{"href":"https:\/\/poccky.com\/index.php\/wp-json\/wp\/v2\/product"}],"about":[{"href":"https:\/\/poccky.com\/index.php\/wp-json\/wp\/v2\/types\/product"}],"replies":[{"embeddable":true,"href":"https:\/\/poccky.com\/index.php\/wp-json\/wp\/v2\/comments?post=83968"}],"wp:featuredmedia":[{"embeddable":true,"href":"https:\/\/poccky.com\/index.php\/wp-json\/wp\/v2\/media\/74518"}],"wp:attachment":[{"href":"https:\/\/poccky.com\/index.php\/wp-json\/wp\/v2\/media?parent=83968"}],"wp:term":[{"taxonomy":"product_brand","embeddable":true,"href":"https:\/\/poccky.com\/index.php\/wp-json\/wp\/v2\/product_brand?post=83968"},{"taxonomy":"product_cat","embeddable":true,"href":"https:\/\/poccky.com\/index.php\/wp-json\/wp\/v2\/product_cat?post=83968"},{"taxonomy":"product_tag","embeddable":true,"href":"https:\/\/poccky.com\/index.php\/wp-json\/wp\/v2\/product_tag?post=83968"}],"curies":[{"name":"wp","href":"https:\/\/api.w.org\/{rel}","templated":true}]}}