{"id":83839,"date":"2023-10-16T17:36:34","date_gmt":"2023-10-16T17:36:34","guid":{"rendered":"https:\/\/poccky.com\/?post_type=product&#038;p=83839"},"modified":"2023-10-16T17:36:36","modified_gmt":"2023-10-16T17:36:36","slug":"maitresse-nikky-french-french-dominatrix-in-geneva","status":"publish","type":"product","link":"https:\/\/poccky.com\/index.php\/product\/maitresse-nikky-french-french-dominatrix-in-geneva\/","title":{"rendered":"Maitresse Nikky French \u2013 French dominatrix in Geneva"},"content":{"rendered":"","protected":false},"excerpt":{"rendered":"<p>NEXT DATE : 2-8 DECEMBER 2019<\/p>\n<p>TA SENSUELLE MAITRESSE<br \/>\nSENSUELLE. SADIQUE &#038; SEXY AVEC LE SOURIRE<\/p>\n<p>Si tu recherches quelqu\u2019un de diff\u00e9rent alors je suis la bonne!<\/p>\n<p>Rigolote et sympa. j\u2019aime avoir du bon temps avec mes esclaves. je n\u2019aime pas quand c\u2019est trop s\u00e9rieux ou dictatorial. Bdsm c\u2019est fait pour s\u2019amuser et exp\u00e9rimenter. Je prends toujours mon temps de discuter avec toi. de tes fantasmes. expectations et limites afin de profiter pleinement de notre session.<\/p>\n<p>J\u2019ai quitt\u00e9 la France depuis 2012 pour l\u2019Angleterre afin d\u2019exercer mon m\u00e9tier l\u00e9galement . Je suis une professionnelle domina de luxe \u00e0 pleins temps.<br \/>\nAlternative avec mon style et mes tatou Age s. je suis aussi f\u00e9tiche mod\u00e8le pour le fun.<br \/>\n100% naturelle dominante et heureuse. je ne voudrais \u00e9changer ma vie avec personne au monde.<\/p>\n<p>Je pratique le hard comme le soft avec une sp\u00e9cialit\u00e9 autour des jeux anal. Apperement je suis la meilleure pour le fisting !<br \/>\nAh et mes pieds sont \u00e0 tomber \u00e0 la renverse! je suis assez tonique et je peux faire un footjob pendant des heures. enfin si tu le m\u00e9rites bien-sur. Moi aussi j\u2019ai un f\u00e9tiche . c\u2019est celui des couilles. J\u2019aime tellement les couilles de mes soumis hmmmm<\/p>\n<p>Je re\u00e7ois dans un appartement priv\u00e9. dans Gen\u00e8ve en toute discr\u00e9tion.<\/p>\n<p>Tu peux voir ma liste de pratique en dessous mais n\u2019oublie pas que je suis toujours la dominante et c\u2019est moi qui conduit la session en m\u00e9langent tes envies et les miennes. Peut importe les d\u00e9cisions. RESPECT est mon ma\u00eetre mot.<\/p>\n<p>J\u2019utilise toujours un mot de secours pendant la session mais je lis toujours se qu\u2019il se passe dans tes yeux\u2026<\/p>\n<p>Avec moi rien n\u2019est trop s\u00e9rieux. on est la pour avoir du bon temps. du fun en jouant ce r\u00f4le play.<br \/>\nAlors \u00e7a joue? Orientation Heterosexual Height 165 cm \/ 5?5? Ethnicity  &#8211; White Bust Small Age 29 Shaved  Partially  Smokes  ?Yes Hair Color  &#8211;  Brunette  Nationality  &#8211; French Gender &#8211; Female    Place &#8211;   Geneva<br \/>\nSwitzerland Contact me  at : +41 78 686 47 50<\/p>\n","protected":false},"featured_media":75371,"comment_status":"open","ping_status":"closed","template":"","meta":{"site-sidebar-layout":"default","site-content-layout":"","ast-site-content-layout":"","site-content-style":"default","site-sidebar-style":"default","ast-global-header-display":"","ast-banner-title-visibility":"","ast-main-header-display":"","ast-hfb-above-header-display":"","ast-hfb-below-header-display":"","ast-hfb-mobile-header-display":"","site-post-title":"","ast-breadcrumbs-content":"","ast-featured-img":"","footer-sml-layout":"","theme-transparent-header-meta":"","adv-header-id-meta":"","stick-header-meta":"","header-above-stick-meta":"","header-main-stick-meta":"","header-below-stick-meta":"","astra-migrate-meta-layouts":"default","ast-page-background-enabled":"default","ast-page-background-meta":{"desktop":{"background-color":"var(--ast-global-color-4)","background-image":"","background-repeat":"repeat","background-position":"center center","background-size":"auto","background-attachment":"scroll","background-type":"","background-media":"","overlay-type":"","overlay-color":"","overlay-opacity":"","overlay-gradient":""},"tablet":{"background-color":"","background-image":"","background-repeat":"repeat","background-position":"center center","background-size":"auto","background-attachment":"scroll","background-type":"","background-media":"","overlay-type":"","overlay-color":"","overlay-opacity":"","overlay-gradient":""},"mobile":{"background-color":"","background-image":"","background-repeat":"repeat","background-position":"center center","background-size":"auto","background-attachment":"scroll","background-type":"","background-media":"","overlay-type":"","overlay-color":"","overlay-opacity":"","overlay-gradient":""}},"ast-content-background-meta":{"desktop":{"background-color":"var(--ast-global-color-5)","background-image":"","background-repeat":"repeat","background-position":"center center","background-size":"auto","background-attachment":"scroll","background-type":"","background-media":"","overlay-type":"","overlay-color":"","overlay-opacity":"","overlay-gradient":""},"tablet":{"background-color":"var(--ast-global-color-5)","background-image":"","background-repeat":"repeat","background-position":"center center","background-size":"auto","background-attachment":"scroll","background-type":"","background-media":"","overlay-type":"","overlay-color":"","overlay-opacity":"","overlay-gradient":""},"mobile":{"background-color":"var(--ast-global-color-5)","background-image":"","background-repeat":"repeat","background-position":"center center","background-size":"auto","background-attachment":"scroll","background-type":"","background-media":"","overlay-type":"","overlay-color":"","overlay-opacity":"","overlay-gradient":""}}},"product_brand":[],"product_cat":[188,1021,958],"product_tag":[],"class_list":{"0":"post-83839","1":"product","2":"type-product","3":"status-publish","4":"has-post-thumbnail","6":"product_cat-freelancer","7":"product_cat-geneva","8":"product_cat-switzerland","9":"desktop-align-left","10":"tablet-align-left","11":"mobile-align-left","13":"first","14":"instock","15":"shipping-taxable","16":"product-type-simple"},"_links":{"self":[{"href":"https:\/\/poccky.com\/index.php\/wp-json\/wp\/v2\/product\/83839","targetHints":{"allow":["GET"]}}],"collection":[{"href":"https:\/\/poccky.com\/index.php\/wp-json\/wp\/v2\/product"}],"about":[{"href":"https:\/\/poccky.com\/index.php\/wp-json\/wp\/v2\/types\/product"}],"replies":[{"embeddable":true,"href":"https:\/\/poccky.com\/index.php\/wp-json\/wp\/v2\/comments?post=83839"}],"wp:featuredmedia":[{"embeddable":true,"href":"https:\/\/poccky.com\/index.php\/wp-json\/wp\/v2\/media\/75371"}],"wp:attachment":[{"href":"https:\/\/poccky.com\/index.php\/wp-json\/wp\/v2\/media?parent=83839"}],"wp:term":[{"taxonomy":"product_brand","embeddable":true,"href":"https:\/\/poccky.com\/index.php\/wp-json\/wp\/v2\/product_brand?post=83839"},{"taxonomy":"product_cat","embeddable":true,"href":"https:\/\/poccky.com\/index.php\/wp-json\/wp\/v2\/product_cat?post=83839"},{"taxonomy":"product_tag","embeddable":true,"href":"https:\/\/poccky.com\/index.php\/wp-json\/wp\/v2\/product_tag?post=83839"}],"curies":[{"name":"wp","href":"https:\/\/api.w.org\/{rel}","templated":true}]}}