{"id":83784,"date":"2023-10-16T17:33:24","date_gmt":"2023-10-16T17:33:24","guid":{"rendered":"https:\/\/poccky.com\/?post_type=product&#038;p=83784"},"modified":"2023-10-16T17:33:26","modified_gmt":"2023-10-16T17:33:26","slug":"lucky-on-mahboula-filipino-girl-kuwait","status":"publish","type":"product","link":"https:\/\/poccky.com\/index.php\/product\/lucky-on-mahboula-filipino-girl-kuwait\/","title":{"rendered":"Lucky on Mahboula \u2013 Filipino girl Kuwait"},"content":{"rendered":"","protected":false},"excerpt":{"rendered":"<p>Ch\u00e0o c?ng! T\u00ean t\u00f4i l\u00e0 Ruby T\u00f4i l\u00e0 m?t ph? n? tr? n\u00f3ng b?ng. T\u00f4i 24 tu?i. Chi?u cao c?a t\u00f4i l\u00e0 168 ht. c\u00e2n n?ng c?a t\u00f4i l\u00e0 50 kg. T\u00f4i c\u00f3 m?t ngo?i h\u00ecnh xinh  p. M?t t\u00f4i m\u00e0u n\u00e2u. t\u00f3c t\u00f4i m\u00e0u n\u00e2u. T\u00f4i c\u00f3 m?t v\u00f2ng eo thon g?n v\u00e0 c?p m\u00f4ng m?ng n c. T\u00f4i th\u00edch nh?ng ng i ?\u00e0n \u00f4ng  n c\u00e1c c\u00e2u l?c b? v\u00e0 g?p g? ? ?\u00f3. Nh?ng th?t kh\u00f3 ch?u khi t\u00f4i kh\u00f4ng c\u00f3 ai ?i c\u00f9ng. M?t ng i ?\u00e0n \u00f4ng ?i c\u00f9ng t\u00f4i s? c\u00f3 m?t ?\u00eam tuy?t v?i sau ?\u00f3. Nh?ng t\u00f4i c?ng th\u00edch khi m?t ng i ?\u00e0n \u00f4ng  n v?i t\u00f4i. Nh\u00e2n ti?n. t\u00f4i s?ng ? Kuwait! N?u b?n  n v?i t\u00f4i. b?n c\u00f3 th? ch?m v\u00e0o c? th? m?nh mai v\u00e0 g?i c?m c?a t\u00f4i. b?n c\u00f3 th? xoa b\u00f3p c?p m\u00f4ng c?ng m?ng c?a t\u00f4i. b?n c\u00f3 th? h\u00f4n l\u00ean ?\u00f4i m\u00f4i c?ng m?ng c?a t\u00f4i. V\u00e0 t\u00f4i c\u00f3 th? l\u00e0m nhi?u h?n n?a cho\u2026  Orientation Heterosexual Height 166 cm \/ 5?5? Ethnicity  &#8211; Asian Bust Large Age 35 Shaved  Yes  Smokes  ?No Hair Color  &#8211;  Black  Nationality  &#8211; Filipino Gender &#8211; Female    Place &#8211;   Kuwait Contact me  at : +965 5540 5203<\/p>\n","protected":false},"featured_media":75732,"comment_status":"open","ping_status":"closed","template":"","meta":{"site-sidebar-layout":"default","site-content-layout":"","ast-site-content-layout":"","site-content-style":"default","site-sidebar-style":"default","ast-global-header-display":"","ast-banner-title-visibility":"","ast-main-header-display":"","ast-hfb-above-header-display":"","ast-hfb-below-header-display":"","ast-hfb-mobile-header-display":"","site-post-title":"","ast-breadcrumbs-content":"","ast-featured-img":"","footer-sml-layout":"","theme-transparent-header-meta":"","adv-header-id-meta":"","stick-header-meta":"","header-above-stick-meta":"","header-main-stick-meta":"","header-below-stick-meta":"","astra-migrate-meta-layouts":"default","ast-page-background-enabled":"default","ast-page-background-meta":{"desktop":{"background-color":"var(--ast-global-color-4)","background-image":"","background-repeat":"repeat","background-position":"center center","background-size":"auto","background-attachment":"scroll","background-type":"","background-media":"","overlay-type":"","overlay-color":"","overlay-opacity":"","overlay-gradient":""},"tablet":{"background-color":"","background-image":"","background-repeat":"repeat","background-position":"center center","background-size":"auto","background-attachment":"scroll","background-type":"","background-media":"","overlay-type":"","overlay-color":"","overlay-opacity":"","overlay-gradient":""},"mobile":{"background-color":"","background-image":"","background-repeat":"repeat","background-position":"center center","background-size":"auto","background-attachment":"scroll","background-type":"","background-media":"","overlay-type":"","overlay-color":"","overlay-opacity":"","overlay-gradient":""}},"ast-content-background-meta":{"desktop":{"background-color":"var(--ast-global-color-5)","background-image":"","background-repeat":"repeat","background-position":"center center","background-size":"auto","background-attachment":"scroll","background-type":"","background-media":"","overlay-type":"","overlay-color":"","overlay-opacity":"","overlay-gradient":""},"tablet":{"background-color":"var(--ast-global-color-5)","background-image":"","background-repeat":"repeat","background-position":"center center","background-size":"auto","background-attachment":"scroll","background-type":"","background-media":"","overlay-type":"","overlay-color":"","overlay-opacity":"","overlay-gradient":""},"mobile":{"background-color":"var(--ast-global-color-5)","background-image":"","background-repeat":"repeat","background-position":"center center","background-size":"auto","background-attachment":"scroll","background-type":"","background-media":"","overlay-type":"","overlay-color":"","overlay-opacity":"","overlay-gradient":""}}},"product_brand":[],"product_cat":[188,419,1010],"product_tag":[],"class_list":{"0":"post-83784","1":"product","2":"type-product","3":"status-publish","4":"has-post-thumbnail","6":"product_cat-freelancer","7":"product_cat-kuwait","8":"product_cat-kuwait-city","9":"desktop-align-left","10":"tablet-align-left","11":"mobile-align-left","13":"first","14":"instock","15":"shipping-taxable","16":"product-type-simple"},"_links":{"self":[{"href":"https:\/\/poccky.com\/index.php\/wp-json\/wp\/v2\/product\/83784","targetHints":{"allow":["GET"]}}],"collection":[{"href":"https:\/\/poccky.com\/index.php\/wp-json\/wp\/v2\/product"}],"about":[{"href":"https:\/\/poccky.com\/index.php\/wp-json\/wp\/v2\/types\/product"}],"replies":[{"embeddable":true,"href":"https:\/\/poccky.com\/index.php\/wp-json\/wp\/v2\/comments?post=83784"}],"wp:featuredmedia":[{"embeddable":true,"href":"https:\/\/poccky.com\/index.php\/wp-json\/wp\/v2\/media\/75732"}],"wp:attachment":[{"href":"https:\/\/poccky.com\/index.php\/wp-json\/wp\/v2\/media?parent=83784"}],"wp:term":[{"taxonomy":"product_brand","embeddable":true,"href":"https:\/\/poccky.com\/index.php\/wp-json\/wp\/v2\/product_brand?post=83784"},{"taxonomy":"product_cat","embeddable":true,"href":"https:\/\/poccky.com\/index.php\/wp-json\/wp\/v2\/product_cat?post=83784"},{"taxonomy":"product_tag","embeddable":true,"href":"https:\/\/poccky.com\/index.php\/wp-json\/wp\/v2\/product_tag?post=83784"}],"curies":[{"name":"wp","href":"https:\/\/api.w.org\/{rel}","templated":true}]}}