{"id":83748,"date":"2023-10-16T17:31:02","date_gmt":"2023-10-16T17:31:02","guid":{"rendered":"https:\/\/poccky.com\/?post_type=product&#038;p=83748"},"modified":"2023-10-16T17:31:03","modified_gmt":"2023-10-16T17:31:03","slug":"loensee-gabonese-girl-dakar","status":"publish","type":"product","link":"https:\/\/poccky.com\/index.php\/product\/loensee-gabonese-girl-dakar\/","title":{"rendered":"Loensee \u2013 Gabonese girl Dakar"},"content":{"rendered":"","protected":false},"excerpt":{"rendered":"<p>Salut ch\u00e9ri. merci d&#8217;avoir pris le temps de consulter mon profil. c&#8217;est si tu cherches quelque chose d&#8217;un peu diff\u00e9rent.<\/p>\n<p>Je suis Lorraine de nom. un joyau pour les cadres occup\u00e9s \u00e0 la recherche de l&#8217;ultime \u00e9vasion. Je vise \u00e0 me faire plaisir et vous viendrez pour le trajet.<\/p>\n<p>Je recherche un gentleman qui d\u00e9sire les avant Age s de la camaraderie. sans les enchev\u00eatrements d&#8217;une relation traditionnelle.<\/p>\n<p>Je suis fier d&#8217;\u00eatre l&#8217;un des compagnons exclusifs de DAKAR. Je vise une exp\u00e9rience inoubliable. une authentique GFE et la cr\u00e9ation de liens durables avec tous mes pr\u00e9tendants.<\/p>\n<p>Mon GFE est un moment vanill\u00e9. intime et affectueux. Un moment avec toute la familiarit\u00e9 et la convoitise d&#8217;une vraie petite amie. Pour moi. cela signifie beaucoup de rires. de bulles et d&#8217;orgasmes \u00e9poustouflants. J&#8217;adore prendre le temps d&#8217;explorer les esprits de chacun et d&#8217;explorer notre corps. L&#8217;exp\u00e9rience la plus d\u00e9cadente que vous voudrez offrir encore et encore.<\/p>\n<p>J&#8217;adore l&#8217;intimit\u00e9 de ce que je propose et je me sens particuli\u00e8rement confiant en pr\u00e9sence d&#8217;une personne qui sait ce qu&#8217;il veut. Dites-moi ce \u00e0 quoi vous aspirez\u2026 J&#8217;\u00e9coute. \u00cates-vous pr\u00eat \u00e0 vivre une exp\u00e9rience inoubliable avec moi?<\/p>\n<p>R\u00c8GLES D&#8217;ENG Age MENT<\/p>\n<p>Je suis disponible pour les visites d&#8217;h\u00f4tels et les r\u00e9sidences priv\u00e9es. Si vous le souhaitez. je peux organiser un h\u00f4tel pour nous rencontrer. mais celui-ci doit \u00eatre pay\u00e9 \u00e0 l&#8217;avance par vous.<\/p>\n<p>Un d\u00e9p\u00f4t est requis pour tous les nouveaux clients. Lorsqu&#8217;un client est investi financi\u00e8rement dans la r\u00e9servation avec moi. nous appr\u00e9cions tous les deux le temps de l&#8217;autre. Cela me donne la libert\u00e9 et le confort de me pr\u00e9parer pour le rendez-vous sans crainte. Les d\u00e9p\u00f4ts sont remboursables \u00e0 100% dans le cas o\u00f9 je devrais annuler (ce qui est extr\u00eamement rare!)<\/p>\n<p>LE D\u00c9PIST Age  EST ABSOLUMENT REQUIS ET APPR\u00c9CI\u00c9 DANS LES DEMANDES INITIALES.<\/p>\n<p>Le d\u00e9pist Age  est requis \u00e0 100% pour assurer ma s\u00e9curit\u00e9. Toute tentative de r\u00e9servation sans l&#8217;une des m\u00e9thodes de d\u00e9pist Age  sera ignor\u00e9e et bloqu\u00e9e.<\/p>\n<p>Je n&#8217;envoie pas de photos. Les appelants vid\u00e9o non sollicit\u00e9s seront bloqu\u00e9s. Si vous souhaitez une vid\u00e9o personnalis\u00e9e. des photos ou une bo\u00eete de r\u00e9ception virtuelle de petite amie pour le co\u00fbt. Si vous souhaitez du contenu gratuit. suivez-moi sur IG.<\/p>\n<p>N&#8217;envoyez pas de mess Age s obsc\u00e8nes. C&#8217;est un moyen s\u00fbr d&#8217;\u00eatre bloqu\u00e9. Je n&#8217;ai pas de &#8220;menu&#8221;. si vous avez besoin d&#8217;une liste de services. je ne suis certainement pas celui qu&#8217;il vous faut. Mieux vaut passer votre temps \u00e0 chercher un meilleur ajustement. Je fournis des services GFE (vous pouvez google pour avoir une id\u00e9e)<\/p>\n<p>Mes r\u00e8gles sont simplement destin\u00e9es \u00e0 faciliter notre introduction pour nous deux. Et j&#8217;esp\u00e8re que nous nous rencontrerons bient\u00f4t Orientation Heterosexual Height 173 cm \/ 5?8? Ethnicity  &#8211; Black Bust Medium Age 22 Shaved  Yes  Smokes  ?No Hair Color  &#8211;  Black  Nationality  &#8211; Gabonese Gender &#8211; Female    Place &#8211;   Dakar<br \/>\nSenegal Contact me  at : +221 7642 69417<\/p>\n","protected":false},"featured_media":61015,"comment_status":"open","ping_status":"closed","template":"","meta":{"site-sidebar-layout":"default","site-content-layout":"","ast-site-content-layout":"","site-content-style":"default","site-sidebar-style":"default","ast-global-header-display":"","ast-banner-title-visibility":"","ast-main-header-display":"","ast-hfb-above-header-display":"","ast-hfb-below-header-display":"","ast-hfb-mobile-header-display":"","site-post-title":"","ast-breadcrumbs-content":"","ast-featured-img":"","footer-sml-layout":"","theme-transparent-header-meta":"","adv-header-id-meta":"","stick-header-meta":"","header-above-stick-meta":"","header-main-stick-meta":"","header-below-stick-meta":"","astra-migrate-meta-layouts":"default","ast-page-background-enabled":"default","ast-page-background-meta":{"desktop":{"background-color":"var(--ast-global-color-4)","background-image":"","background-repeat":"repeat","background-position":"center center","background-size":"auto","background-attachment":"scroll","background-type":"","background-media":"","overlay-type":"","overlay-color":"","overlay-opacity":"","overlay-gradient":""},"tablet":{"background-color":"","background-image":"","background-repeat":"repeat","background-position":"center center","background-size":"auto","background-attachment":"scroll","background-type":"","background-media":"","overlay-type":"","overlay-color":"","overlay-opacity":"","overlay-gradient":""},"mobile":{"background-color":"","background-image":"","background-repeat":"repeat","background-position":"center center","background-size":"auto","background-attachment":"scroll","background-type":"","background-media":"","overlay-type":"","overlay-color":"","overlay-opacity":"","overlay-gradient":""}},"ast-content-background-meta":{"desktop":{"background-color":"var(--ast-global-color-5)","background-image":"","background-repeat":"repeat","background-position":"center center","background-size":"auto","background-attachment":"scroll","background-type":"","background-media":"","overlay-type":"","overlay-color":"","overlay-opacity":"","overlay-gradient":""},"tablet":{"background-color":"var(--ast-global-color-5)","background-image":"","background-repeat":"repeat","background-position":"center center","background-size":"auto","background-attachment":"scroll","background-type":"","background-media":"","overlay-type":"","overlay-color":"","overlay-opacity":"","overlay-gradient":""},"mobile":{"background-color":"var(--ast-global-color-5)","background-image":"","background-repeat":"repeat","background-position":"center center","background-size":"auto","background-attachment":"scroll","background-type":"","background-media":"","overlay-type":"","overlay-color":"","overlay-opacity":"","overlay-gradient":""}}},"product_brand":[],"product_cat":[1004,188,944],"product_tag":[],"class_list":{"0":"post-83748","1":"product","2":"type-product","3":"status-publish","4":"has-post-thumbnail","6":"product_cat-dakar","7":"product_cat-freelancer","8":"product_cat-senegal","9":"desktop-align-left","10":"tablet-align-left","11":"mobile-align-left","13":"first","14":"instock","15":"shipping-taxable","16":"product-type-simple"},"_links":{"self":[{"href":"https:\/\/poccky.com\/index.php\/wp-json\/wp\/v2\/product\/83748","targetHints":{"allow":["GET"]}}],"collection":[{"href":"https:\/\/poccky.com\/index.php\/wp-json\/wp\/v2\/product"}],"about":[{"href":"https:\/\/poccky.com\/index.php\/wp-json\/wp\/v2\/types\/product"}],"replies":[{"embeddable":true,"href":"https:\/\/poccky.com\/index.php\/wp-json\/wp\/v2\/comments?post=83748"}],"wp:featuredmedia":[{"embeddable":true,"href":"https:\/\/poccky.com\/index.php\/wp-json\/wp\/v2\/media\/61015"}],"wp:attachment":[{"href":"https:\/\/poccky.com\/index.php\/wp-json\/wp\/v2\/media?parent=83748"}],"wp:term":[{"taxonomy":"product_brand","embeddable":true,"href":"https:\/\/poccky.com\/index.php\/wp-json\/wp\/v2\/product_brand?post=83748"},{"taxonomy":"product_cat","embeddable":true,"href":"https:\/\/poccky.com\/index.php\/wp-json\/wp\/v2\/product_cat?post=83748"},{"taxonomy":"product_tag","embeddable":true,"href":"https:\/\/poccky.com\/index.php\/wp-json\/wp\/v2\/product_tag?post=83748"}],"curies":[{"name":"wp","href":"https:\/\/api.w.org\/{rel}","templated":true}]}}