{"id":83676,"date":"2023-10-16T17:27:12","date_gmt":"2023-10-16T17:27:12","guid":{"rendered":"https:\/\/poccky.com\/?post_type=product&#038;p=83676"},"modified":"2023-10-16T17:27:15","modified_gmt":"2023-10-16T17:27:15","slug":"lily-kuwait-north-korean-masseuse-in-kuwait","status":"publish","type":"product","link":"https:\/\/poccky.com\/index.php\/product\/lily-kuwait-north-korean-masseuse-in-kuwait\/","title":{"rendered":"Lily Kuwait \u2013 North Korean masseuse in Kuwait"},"content":{"rendered":"","protected":false},"excerpt":{"rendered":"<p>Xin ch\u00e0o c\u00e1c b?n!\u00a0T\u00f4i l\u00e0 Lily v\u00e0 t\u00f4i s?n s\u00e0ng ph?c v? b?n v?i nh?ng d?ch v? t?t nh?t ? Kuwait.\u00a0T\u00f4i l\u00e0 ng i H\u00e0n Qu?c.\u00a0T\u00f4i 25 tu?i m?i ? th? tr?n.\u00a0T\u00f4i s?ng trong m?t c?n h? r?ng r\u00e3i v\u00e0 s?ch s?. n?i b?n s? c?m th?y m\u00ecnh nh? m?t v? vua v?i m?t ng i ph? n? g?i c?m s?n s\u00e0ng th?a m\u00e3n m?i t ng t ng c?a b?n!\u00a0T\u00f4i th\u00edch giao ti?p v\u00e0 th? nh?ng ?i?u m?i.\u00a0T\u00f4i s?n s\u00e0ng g?p b?n v\u00e0 cho b?n th?y nh?ng kho?nh kh?c th\u00fa v? nh? th? n\u00e0o khi ? b\u00ean b?n g\u00e1i. D?ch v?  y   &#8211; h\u00ecnh ?nh th?c t? &#8211; kinh nghi?m chuy\u00ean nghi?p &#8211; b?n g\u00e1i v?i th\u00e2n h\u00ecnh g?i c?m t? nhi\u00ean.\u00a0G?i cho t\u00f4i    t l?ch h?n ho?c whatsapp cho t\u00f4i theo s? tr\u00ean h? s? c?a t\u00f4i.\u00a0C?m ?n v\u00e0 y\u00eau t?t c? c\u00e1c b?n.\u00a0    Orientation Heterosexual Height 170 cm \/ 5?7? Ethnicity  &#8211; Asian Bust Large Age 25 Shaved  Yes  Smokes  ?No Hair Color  &#8211;  Blonde  Nationality  &#8211; North Korean Gender &#8211; Female    Place &#8211;   Kuwait Contact me  at : +965 6579 3789<\/p>\n","protected":false},"featured_media":76319,"comment_status":"open","ping_status":"closed","template":"","meta":{"site-sidebar-layout":"default","site-content-layout":"","ast-site-content-layout":"","site-content-style":"default","site-sidebar-style":"default","ast-global-header-display":"","ast-banner-title-visibility":"","ast-main-header-display":"","ast-hfb-above-header-display":"","ast-hfb-below-header-display":"","ast-hfb-mobile-header-display":"","site-post-title":"","ast-breadcrumbs-content":"","ast-featured-img":"","footer-sml-layout":"","theme-transparent-header-meta":"","adv-header-id-meta":"","stick-header-meta":"","header-above-stick-meta":"","header-main-stick-meta":"","header-below-stick-meta":"","astra-migrate-meta-layouts":"default","ast-page-background-enabled":"default","ast-page-background-meta":{"desktop":{"background-color":"var(--ast-global-color-4)","background-image":"","background-repeat":"repeat","background-position":"center center","background-size":"auto","background-attachment":"scroll","background-type":"","background-media":"","overlay-type":"","overlay-color":"","overlay-opacity":"","overlay-gradient":""},"tablet":{"background-color":"","background-image":"","background-repeat":"repeat","background-position":"center center","background-size":"auto","background-attachment":"scroll","background-type":"","background-media":"","overlay-type":"","overlay-color":"","overlay-opacity":"","overlay-gradient":""},"mobile":{"background-color":"","background-image":"","background-repeat":"repeat","background-position":"center center","background-size":"auto","background-attachment":"scroll","background-type":"","background-media":"","overlay-type":"","overlay-color":"","overlay-opacity":"","overlay-gradient":""}},"ast-content-background-meta":{"desktop":{"background-color":"var(--ast-global-color-5)","background-image":"","background-repeat":"repeat","background-position":"center center","background-size":"auto","background-attachment":"scroll","background-type":"","background-media":"","overlay-type":"","overlay-color":"","overlay-opacity":"","overlay-gradient":""},"tablet":{"background-color":"var(--ast-global-color-5)","background-image":"","background-repeat":"repeat","background-position":"center center","background-size":"auto","background-attachment":"scroll","background-type":"","background-media":"","overlay-type":"","overlay-color":"","overlay-opacity":"","overlay-gradient":""},"mobile":{"background-color":"var(--ast-global-color-5)","background-image":"","background-repeat":"repeat","background-position":"center center","background-size":"auto","background-attachment":"scroll","background-type":"","background-media":"","overlay-type":"","overlay-color":"","overlay-opacity":"","overlay-gradient":""}}},"product_brand":[],"product_cat":[188,419,1010],"product_tag":[],"class_list":{"0":"post-83676","1":"product","2":"type-product","3":"status-publish","4":"has-post-thumbnail","6":"product_cat-freelancer","7":"product_cat-kuwait","8":"product_cat-kuwait-city","9":"desktop-align-left","10":"tablet-align-left","11":"mobile-align-left","13":"first","14":"instock","15":"shipping-taxable","16":"product-type-simple"},"_links":{"self":[{"href":"https:\/\/poccky.com\/index.php\/wp-json\/wp\/v2\/product\/83676","targetHints":{"allow":["GET"]}}],"collection":[{"href":"https:\/\/poccky.com\/index.php\/wp-json\/wp\/v2\/product"}],"about":[{"href":"https:\/\/poccky.com\/index.php\/wp-json\/wp\/v2\/types\/product"}],"replies":[{"embeddable":true,"href":"https:\/\/poccky.com\/index.php\/wp-json\/wp\/v2\/comments?post=83676"}],"wp:featuredmedia":[{"embeddable":true,"href":"https:\/\/poccky.com\/index.php\/wp-json\/wp\/v2\/media\/76319"}],"wp:attachment":[{"href":"https:\/\/poccky.com\/index.php\/wp-json\/wp\/v2\/media?parent=83676"}],"wp:term":[{"taxonomy":"product_brand","embeddable":true,"href":"https:\/\/poccky.com\/index.php\/wp-json\/wp\/v2\/product_brand?post=83676"},{"taxonomy":"product_cat","embeddable":true,"href":"https:\/\/poccky.com\/index.php\/wp-json\/wp\/v2\/product_cat?post=83676"},{"taxonomy":"product_tag","embeddable":true,"href":"https:\/\/poccky.com\/index.php\/wp-json\/wp\/v2\/product_tag?post=83676"}],"curies":[{"name":"wp","href":"https:\/\/api.w.org\/{rel}","templated":true}]}}