{"id":83616,"date":"2023-10-16T17:23:54","date_gmt":"2023-10-16T17:23:54","guid":{"rendered":"https:\/\/poccky.com\/?post_type=product&#038;p=83616"},"modified":"2023-10-16T17:23:56","modified_gmt":"2023-10-16T17:23:56","slug":"lalaa-thai-girl-kuwait","status":"publish","type":"product","link":"https:\/\/poccky.com\/index.php\/product\/lalaa-thai-girl-kuwait\/","title":{"rendered":"Lalaa \u2013 Thai girl Kuwait"},"content":{"rendered":"","protected":false},"excerpt":{"rendered":"<p>Xin ch\u00e0o. t\u00f4i t\u00ean l\u00e0 laLA T\u00f4i l\u00e0 m?t c\u00f4 g\u00e1i h?n h?p. T\u00f4i tr? trung  y s?c s?ng v?i m?t c? th? tuy?t v?i. l\u00e0n da m?m m?i v\u00e0 m?t nh\u00e2n c\u00e1ch t?t. ng i mang  n cho b?n tr?i nghi?m t?t nh?t. Ni?m vui c?a b?n l\u00e0 mong mu?n c?a t\u00f4i &#8230;.<br \/>\nN?u b?n t\u00ecm ki?m m?t th?i gian th? gi\u00e3n. t\u00ecm ki?m c?a b?n k?t th\u00fac. T\u00f4i c\u00f3 th? nu\u00f4ng chi?u b?n !!<br \/>\nCh\u00fang ta c\u00f3 th? c\u00f3 m?t kho?ng th?i gian ?\u00e1ng y\u00eau b\u00ean nhau m\u00e0 b?n s? kh\u00f4ng bao gi? qu\u00ean. N?u b?n ch?n t\u00f4i. b?n s? r?t vui v\u00ec b?n ?\u00e3 l\u00e0m. Orientation Heterosexual Height 165 cm \/ 5?5? Ethnicity  &#8211; Mixed White and Asian Bust Medium Age 19  Smokes  ?No Hair Color  &#8211;  Black  Nationality  &#8211; Thai Gender &#8211; Female    Place &#8211;   Kuwait Contact me  at : +965 5506 0273<\/p>\n","protected":false},"featured_media":76787,"comment_status":"open","ping_status":"closed","template":"","meta":{"site-sidebar-layout":"default","site-content-layout":"","ast-site-content-layout":"","site-content-style":"default","site-sidebar-style":"default","ast-global-header-display":"","ast-banner-title-visibility":"","ast-main-header-display":"","ast-hfb-above-header-display":"","ast-hfb-below-header-display":"","ast-hfb-mobile-header-display":"","site-post-title":"","ast-breadcrumbs-content":"","ast-featured-img":"","footer-sml-layout":"","theme-transparent-header-meta":"","adv-header-id-meta":"","stick-header-meta":"","header-above-stick-meta":"","header-main-stick-meta":"","header-below-stick-meta":"","astra-migrate-meta-layouts":"default","ast-page-background-enabled":"default","ast-page-background-meta":{"desktop":{"background-color":"var(--ast-global-color-4)","background-image":"","background-repeat":"repeat","background-position":"center center","background-size":"auto","background-attachment":"scroll","background-type":"","background-media":"","overlay-type":"","overlay-color":"","overlay-opacity":"","overlay-gradient":""},"tablet":{"background-color":"","background-image":"","background-repeat":"repeat","background-position":"center center","background-size":"auto","background-attachment":"scroll","background-type":"","background-media":"","overlay-type":"","overlay-color":"","overlay-opacity":"","overlay-gradient":""},"mobile":{"background-color":"","background-image":"","background-repeat":"repeat","background-position":"center center","background-size":"auto","background-attachment":"scroll","background-type":"","background-media":"","overlay-type":"","overlay-color":"","overlay-opacity":"","overlay-gradient":""}},"ast-content-background-meta":{"desktop":{"background-color":"var(--ast-global-color-5)","background-image":"","background-repeat":"repeat","background-position":"center center","background-size":"auto","background-attachment":"scroll","background-type":"","background-media":"","overlay-type":"","overlay-color":"","overlay-opacity":"","overlay-gradient":""},"tablet":{"background-color":"var(--ast-global-color-5)","background-image":"","background-repeat":"repeat","background-position":"center center","background-size":"auto","background-attachment":"scroll","background-type":"","background-media":"","overlay-type":"","overlay-color":"","overlay-opacity":"","overlay-gradient":""},"mobile":{"background-color":"var(--ast-global-color-5)","background-image":"","background-repeat":"repeat","background-position":"center center","background-size":"auto","background-attachment":"scroll","background-type":"","background-media":"","overlay-type":"","overlay-color":"","overlay-opacity":"","overlay-gradient":""}}},"product_brand":[],"product_cat":[188,419,1010],"product_tag":[],"class_list":{"0":"post-83616","1":"product","2":"type-product","3":"status-publish","4":"has-post-thumbnail","6":"product_cat-freelancer","7":"product_cat-kuwait","8":"product_cat-kuwait-city","9":"desktop-align-left","10":"tablet-align-left","11":"mobile-align-left","13":"first","14":"instock","15":"shipping-taxable","16":"product-type-simple"},"_links":{"self":[{"href":"https:\/\/poccky.com\/index.php\/wp-json\/wp\/v2\/product\/83616","targetHints":{"allow":["GET"]}}],"collection":[{"href":"https:\/\/poccky.com\/index.php\/wp-json\/wp\/v2\/product"}],"about":[{"href":"https:\/\/poccky.com\/index.php\/wp-json\/wp\/v2\/types\/product"}],"replies":[{"embeddable":true,"href":"https:\/\/poccky.com\/index.php\/wp-json\/wp\/v2\/comments?post=83616"}],"wp:featuredmedia":[{"embeddable":true,"href":"https:\/\/poccky.com\/index.php\/wp-json\/wp\/v2\/media\/76787"}],"wp:attachment":[{"href":"https:\/\/poccky.com\/index.php\/wp-json\/wp\/v2\/media?parent=83616"}],"wp:term":[{"taxonomy":"product_brand","embeddable":true,"href":"https:\/\/poccky.com\/index.php\/wp-json\/wp\/v2\/product_brand?post=83616"},{"taxonomy":"product_cat","embeddable":true,"href":"https:\/\/poccky.com\/index.php\/wp-json\/wp\/v2\/product_cat?post=83616"},{"taxonomy":"product_tag","embeddable":true,"href":"https:\/\/poccky.com\/index.php\/wp-json\/wp\/v2\/product_tag?post=83616"}],"curies":[{"name":"wp","href":"https:\/\/api.w.org\/{rel}","templated":true}]}}