{"id":83609,"date":"2023-10-16T17:23:23","date_gmt":"2023-10-16T17:23:23","guid":{"rendered":"https:\/\/poccky.com\/?post_type=product&#038;p=83609"},"modified":"2023-10-16T17:23:24","modified_gmt":"2023-10-16T17:23:24","slug":"ladyangel-zambian-girl-dakar","status":"publish","type":"product","link":"https:\/\/poccky.com\/index.php\/product\/ladyangel-zambian-girl-dakar\/","title":{"rendered":"Ladyangel \u2013 Zambian girl Dakar"},"content":{"rendered":"","protected":false},"excerpt":{"rendered":"<p>Bonjour et bienvenue admirateur\u2026<\/p>\n<p>Je m&#8217;appelle\u00a0 Lady-Angel\u00a0Je suis juste ta copine bien au-dessus de la moyenne qui r\u00e8gne sur tes fantasmes. Brune. p\u00e9tillante. amusante. divertissante (pas du tout modeste) et amoureuse de tout ce qui est indulgent et convoit\u00e9.<\/p>\n<p>Permettez-moi de vous emmener dans une aventure. de vous lib\u00e9rer des limites d&#8217;une vie rigidement programm\u00e9e et de vous permettre de savourer cette chose qui nous manque \u00e0 tous et que nous poursuivons dans nos vies d&#8217;adultes\u00a0: le plaisir absolu sans soucis. Notre saga commence lorsque vous posez les yeux sur moi pour la premi\u00e8re fois. Je suis une vision \u00e0 contempler. mieux que tu ne l&#8217;imaginais. Habill\u00e9 \u00e0 la perfection. manucur\u00e9. appr\u00eat\u00e9 et poli. (J&#8217;ai mentionn\u00e9 mon manque de pudeur. n&#8217;est-ce pas ?) Les papillons dans ton ventre virevoltent alors que nous continuons \u00e0 faire connaissance autour d&#8217;un cocktail (ok soyons r\u00e9alistes. un couple) accompagn\u00e9 d&#8217;un repas exquis. Il ne faut pas longtemps avant que vous soyez compl\u00e8tement charm\u00e9 par mon intellect. mon regard sensuel aux yeux bruns et mon sourire timide. C&#8217;est comme \u00e7a que tout commence. mais o\u00f9 \u00e7a va \u00e0 partir de l\u00e0 d\u00e9pend enti\u00e8rement de nous.<\/p>\n<p>Les gens que je garde dans ma vie sont vraiment incroyables et j&#8217;esp\u00e8re vous ajouter \u00e0 cette liste. Avec moi. vous trouverez un m\u00e9lange intrigant d&#8217;une femme classique et d&#8217;id\u00e9aux traditionnels. mais avec une touche non conventionnelle. J&#8217;aime \u00eatre courtis\u00e9 par un gentleman qui aime impressionner. choyer et courtiser son rendez-vous de r\u00eave. Je ne m&#8217;excuse pas de vivre un style de vie tr\u00e8s charmant et somptueux auquel je m&#8217;attends. Soyez assur\u00e9 que m\u00eame si je ne suis peut-\u00eatre pas du type &#8220;terre \u00e0 terre&#8221;. je suis certainement terre \u00e0 terre. M\u00eame si je me tiens en haute estime. je ne fais aucune    Place &#8211;    \u00e0 l&#8217;arrogance et vise \u00e0 vous faire sentir \u00e0 l&#8217;aise. d\u00e9tendu et \u00e0 vous faire rire jusqu&#8217;\u00e0 ce que vous pleuriez.<\/p>\n<p>Je pourrais continuer. mais je pr\u00e9f\u00e8re laisser le reste au myst\u00e8re. La balle est dans votre camp maintenant et vous pouvez me la renvoyer en remplissant mon formulaire de contact ou en m&#8217;envoyant un e-mail d&#8217;introduction rapide\u00a0!<\/p>\n<p>Assurez-vous de v\u00e9rifier mon temps prolong\u00e9 et envoyez-moi vos colis sous mon \u00ab\u00a0Vous en voulez plus\u00a0?\u00a0\u00bb\u00a0section! Orientation Heterosexual Height 170 cm \/ 5?7? Ethnicity  &#8211; Black Bust Medium Age 23 Shaved  No  Smokes  ?No Hair Color  &#8211;  Black  Nationality  &#8211; Zambian Gender &#8211; Female    Place &#8211;   Dakar<br \/>\nSenegal Contact me  at : +221 7089 99117<\/p>\n","protected":false},"featured_media":60680,"comment_status":"open","ping_status":"closed","template":"","meta":{"site-sidebar-layout":"default","site-content-layout":"","ast-site-content-layout":"","site-content-style":"default","site-sidebar-style":"default","ast-global-header-display":"","ast-banner-title-visibility":"","ast-main-header-display":"","ast-hfb-above-header-display":"","ast-hfb-below-header-display":"","ast-hfb-mobile-header-display":"","site-post-title":"","ast-breadcrumbs-content":"","ast-featured-img":"","footer-sml-layout":"","theme-transparent-header-meta":"","adv-header-id-meta":"","stick-header-meta":"","header-above-stick-meta":"","header-main-stick-meta":"","header-below-stick-meta":"","astra-migrate-meta-layouts":"default","ast-page-background-enabled":"default","ast-page-background-meta":{"desktop":{"background-color":"var(--ast-global-color-4)","background-image":"","background-repeat":"repeat","background-position":"center center","background-size":"auto","background-attachment":"scroll","background-type":"","background-media":"","overlay-type":"","overlay-color":"","overlay-opacity":"","overlay-gradient":""},"tablet":{"background-color":"","background-image":"","background-repeat":"repeat","background-position":"center center","background-size":"auto","background-attachment":"scroll","background-type":"","background-media":"","overlay-type":"","overlay-color":"","overlay-opacity":"","overlay-gradient":""},"mobile":{"background-color":"","background-image":"","background-repeat":"repeat","background-position":"center center","background-size":"auto","background-attachment":"scroll","background-type":"","background-media":"","overlay-type":"","overlay-color":"","overlay-opacity":"","overlay-gradient":""}},"ast-content-background-meta":{"desktop":{"background-color":"var(--ast-global-color-5)","background-image":"","background-repeat":"repeat","background-position":"center center","background-size":"auto","background-attachment":"scroll","background-type":"","background-media":"","overlay-type":"","overlay-color":"","overlay-opacity":"","overlay-gradient":""},"tablet":{"background-color":"var(--ast-global-color-5)","background-image":"","background-repeat":"repeat","background-position":"center center","background-size":"auto","background-attachment":"scroll","background-type":"","background-media":"","overlay-type":"","overlay-color":"","overlay-opacity":"","overlay-gradient":""},"mobile":{"background-color":"var(--ast-global-color-5)","background-image":"","background-repeat":"repeat","background-position":"center center","background-size":"auto","background-attachment":"scroll","background-type":"","background-media":"","overlay-type":"","overlay-color":"","overlay-opacity":"","overlay-gradient":""}}},"product_brand":[],"product_cat":[1004,188,944],"product_tag":[],"class_list":{"0":"post-83609","1":"product","2":"type-product","3":"status-publish","4":"has-post-thumbnail","6":"product_cat-dakar","7":"product_cat-freelancer","8":"product_cat-senegal","9":"desktop-align-left","10":"tablet-align-left","11":"mobile-align-left","13":"first","14":"instock","15":"shipping-taxable","16":"product-type-simple"},"_links":{"self":[{"href":"https:\/\/poccky.com\/index.php\/wp-json\/wp\/v2\/product\/83609","targetHints":{"allow":["GET"]}}],"collection":[{"href":"https:\/\/poccky.com\/index.php\/wp-json\/wp\/v2\/product"}],"about":[{"href":"https:\/\/poccky.com\/index.php\/wp-json\/wp\/v2\/types\/product"}],"replies":[{"embeddable":true,"href":"https:\/\/poccky.com\/index.php\/wp-json\/wp\/v2\/comments?post=83609"}],"wp:featuredmedia":[{"embeddable":true,"href":"https:\/\/poccky.com\/index.php\/wp-json\/wp\/v2\/media\/60680"}],"wp:attachment":[{"href":"https:\/\/poccky.com\/index.php\/wp-json\/wp\/v2\/media?parent=83609"}],"wp:term":[{"taxonomy":"product_brand","embeddable":true,"href":"https:\/\/poccky.com\/index.php\/wp-json\/wp\/v2\/product_brand?post=83609"},{"taxonomy":"product_cat","embeddable":true,"href":"https:\/\/poccky.com\/index.php\/wp-json\/wp\/v2\/product_cat?post=83609"},{"taxonomy":"product_tag","embeddable":true,"href":"https:\/\/poccky.com\/index.php\/wp-json\/wp\/v2\/product_tag?post=83609"}],"curies":[{"name":"wp","href":"https:\/\/api.w.org\/{rel}","templated":true}]}}