{"id":83608,"date":"2023-10-16T17:23:20","date_gmt":"2023-10-16T17:23:20","guid":{"rendered":"https:\/\/poccky.com\/?post_type=product&#038;p=83608"},"modified":"2023-10-16T17:23:22","modified_gmt":"2023-10-16T17:23:22","slug":"lady-julia-brazilian-girl-bremen","status":"publish","type":"product","link":"https:\/\/poccky.com\/index.php\/product\/lady-julia-brazilian-girl-bremen\/","title":{"rendered":"Lady Julia \u2013 Brazilian girl Bremen"},"content":{"rendered":"","protected":false},"excerpt":{"rendered":"<p>Guten Tag. liebe Herren! Ich bin eine elegante und charmante Frau. Ich bin eine sehr s\u00fc\u00dfe und l\u00e4chelnde Frau. die es liebt. all deine Fantasien zu erf\u00fcllen. Mit mir ist die S\u00fc\u00dfe einer Begegnung. Ich kann Sie gl\u00fccklich machen. auch wenn es nur eine kurze Zeit sein wird. Sie werden sich an unsere gemeinsame Zeit erinnern! Es ist mir eine Freude. Ihnen Freude zu bereiten und nat\u00fcrlich auch. sie zu empfangen. Immer gute Gef\u00fchle f\u00fcr Sie! Immer das Beste. immer gut gelaunt und bereit. Sie zu treffen! F\u00fcr weitere Informationen wenden Sie sich bitte an. Gr\u00fc\u00dfe Julia Orientation Heterosexual Height 170 cm \/ 5?7? Ethnicity  &#8211; Latina Bust Large Age 28 Shaved  Yes  Smokes  ?No Hair Color  &#8211;  Black  Nationality  &#8211; Brazilian Gender &#8211; Female    Place &#8211;   Bremen<br \/>\nGermany Contact me  at : +49 176 9353 0570<\/p>\n","protected":false},"featured_media":76806,"comment_status":"open","ping_status":"closed","template":"","meta":{"site-sidebar-layout":"default","site-content-layout":"","ast-site-content-layout":"","site-content-style":"default","site-sidebar-style":"default","ast-global-header-display":"","ast-banner-title-visibility":"","ast-main-header-display":"","ast-hfb-above-header-display":"","ast-hfb-below-header-display":"","ast-hfb-mobile-header-display":"","site-post-title":"","ast-breadcrumbs-content":"","ast-featured-img":"","footer-sml-layout":"","theme-transparent-header-meta":"","adv-header-id-meta":"","stick-header-meta":"","header-above-stick-meta":"","header-main-stick-meta":"","header-below-stick-meta":"","astra-migrate-meta-layouts":"default","ast-page-background-enabled":"default","ast-page-background-meta":{"desktop":{"background-color":"var(--ast-global-color-4)","background-image":"","background-repeat":"repeat","background-position":"center center","background-size":"auto","background-attachment":"scroll","background-type":"","background-media":"","overlay-type":"","overlay-color":"","overlay-opacity":"","overlay-gradient":""},"tablet":{"background-color":"","background-image":"","background-repeat":"repeat","background-position":"center center","background-size":"auto","background-attachment":"scroll","background-type":"","background-media":"","overlay-type":"","overlay-color":"","overlay-opacity":"","overlay-gradient":""},"mobile":{"background-color":"","background-image":"","background-repeat":"repeat","background-position":"center center","background-size":"auto","background-attachment":"scroll","background-type":"","background-media":"","overlay-type":"","overlay-color":"","overlay-opacity":"","overlay-gradient":""}},"ast-content-background-meta":{"desktop":{"background-color":"var(--ast-global-color-5)","background-image":"","background-repeat":"repeat","background-position":"center center","background-size":"auto","background-attachment":"scroll","background-type":"","background-media":"","overlay-type":"","overlay-color":"","overlay-opacity":"","overlay-gradient":""},"tablet":{"background-color":"var(--ast-global-color-5)","background-image":"","background-repeat":"repeat","background-position":"center center","background-size":"auto","background-attachment":"scroll","background-type":"","background-media":"","overlay-type":"","overlay-color":"","overlay-opacity":"","overlay-gradient":""},"mobile":{"background-color":"var(--ast-global-color-5)","background-image":"","background-repeat":"repeat","background-position":"center center","background-size":"auto","background-attachment":"scroll","background-type":"","background-media":"","overlay-type":"","overlay-color":"","overlay-opacity":"","overlay-gradient":""}}},"product_brand":[],"product_cat":[1037,188,811],"product_tag":[],"class_list":{"0":"post-83608","1":"product","2":"type-product","3":"status-publish","4":"has-post-thumbnail","6":"product_cat-bremen","7":"product_cat-freelancer","8":"product_cat-germany","9":"desktop-align-left","10":"tablet-align-left","11":"mobile-align-left","13":"first","14":"instock","15":"shipping-taxable","16":"product-type-simple"},"_links":{"self":[{"href":"https:\/\/poccky.com\/index.php\/wp-json\/wp\/v2\/product\/83608","targetHints":{"allow":["GET"]}}],"collection":[{"href":"https:\/\/poccky.com\/index.php\/wp-json\/wp\/v2\/product"}],"about":[{"href":"https:\/\/poccky.com\/index.php\/wp-json\/wp\/v2\/types\/product"}],"replies":[{"embeddable":true,"href":"https:\/\/poccky.com\/index.php\/wp-json\/wp\/v2\/comments?post=83608"}],"wp:featuredmedia":[{"embeddable":true,"href":"https:\/\/poccky.com\/index.php\/wp-json\/wp\/v2\/media\/76806"}],"wp:attachment":[{"href":"https:\/\/poccky.com\/index.php\/wp-json\/wp\/v2\/media?parent=83608"}],"wp:term":[{"taxonomy":"product_brand","embeddable":true,"href":"https:\/\/poccky.com\/index.php\/wp-json\/wp\/v2\/product_brand?post=83608"},{"taxonomy":"product_cat","embeddable":true,"href":"https:\/\/poccky.com\/index.php\/wp-json\/wp\/v2\/product_cat?post=83608"},{"taxonomy":"product_tag","embeddable":true,"href":"https:\/\/poccky.com\/index.php\/wp-json\/wp\/v2\/product_tag?post=83608"}],"curies":[{"name":"wp","href":"https:\/\/api.w.org\/{rel}","templated":true}]}}