{"id":83601,"date":"2023-10-16T17:22:50","date_gmt":"2023-10-16T17:22:50","guid":{"rendered":"https:\/\/poccky.com\/?post_type=product&#038;p=83601"},"modified":"2023-10-16T17:22:53","modified_gmt":"2023-10-16T17:22:53","slug":"kuon-riri-japanese-girl-kobe-japanese-girl-kobe","status":"publish","type":"product","link":"https:\/\/poccky.com\/index.php\/product\/kuon-riri-japanese-girl-kobe-japanese-girl-kobe\/","title":{"rendered":"Kuon riri     Japanese girl Kobe \u2013 Japanese girl Kobe"},"content":{"rendered":"","protected":false},"excerpt":{"rendered":"<p>Most friendly   Japanese outcall escort serve agancy   for foreign residents of Japan and visitors from other countries   <\/p>\n<p>Kobe Outcall Escort. as the name suggests. is a superb escort service that operates mainly in Kobe     Place &#8211;   . You can enjoy the best moments that will remain in your heart with selected beautiful girl.<\/p>\n<p>Carefully Selected Beauties: Call Girl who are not only beautiful to look at. but also beautiful in spirit. will heal your heart and lead you to an amazing moment of bliss.<\/p>\n<p>First-class customer service: At Kobe Outcall Escort. we do our best to provide gracious and elegant customer service to deliver a moving experience to our customers.<\/p>\n<p>Privacy Protection: We respect your privacy and take every detail into account so that you can enjoy our outcall escort services with peace of mind.<\/p>\n<p>Please enjoy the extraordinary extraordinary with Kobe Outcall Escort.<\/p>\n<p>If you would like to make a reservation please fill out the reservation form   or email me and I will reply    <\/p>\n<p>I tell staff about our booking  ?<br \/>\nbefore you contact shop   <\/p>\n<p>I will give you shop&#8217;s what&#8217;s app number  <\/p>\n<p>if you want to make a reservation by phone only in Japanese langu Age  is available for inquiries  <\/p>\n<p>because I have only english customer so staff use what&#8217;s app for only my customer<br \/>\nI am happy to work with them  <\/p>\n<p>so I will only give you contact information if you have read the description and contacted me  <\/p>\n<p>Thank you for your understanding and cooperation     <\/p>\n<p>  All About GFE Service  <\/p>\n<p>70 mins \/ 25.000 JPY<br \/>\n90 mins \/ 33.000 JPY<br \/>\n120 mins \/ 45.000 JPY<br \/>\n150 mins \/ 58.000 JPY<br \/>\n180 mins \/ 70.000 JPY<br \/>\n240 mins\/ 95.000JPY<\/p>\n<p>?<\/p>\n<p>Nomination fee \/ 2.000 JPY<\/p>\n<p>?<\/p>\n<p>Deliver charge  \/ 1.000 JPY~<\/p>\n<p>?<\/p>\n<p>Extention (30 mins) \/ 15.000 JPY<br \/>\nExtention (60 mins) \/ 25.000 JPY<\/p>\n<p>?<\/p>\n<p>Admission fee ( only first time ) \/ 5.000 JPY<\/p>\n<p>The minimum amount for the first use is 33000 yen.<\/p>\n<p>ex<br \/>\nAdmission fee 5000 yen<br \/>\nDelivery fee 1000 yen (central osaka     Place &#8211;   )<br \/>\n70min 25000 yen<br \/>\nNomination fee 2000 yen<\/p>\n<p>Deliver charge (Osaka     Place &#8211;    only ) \/ 1.000 JPY~<\/p>\n<p>  1.000 JPY<br \/>\nCentral Osaka     Place &#8211;    (Kita Ward. Chuo Ward. Nishi Ward. Naniwa Ward. Tennoji Ward. Miyakojima Ward)<\/p>\n<p>  2.000 JPY<br \/>\nOsaka     Place &#8211;    (Abeno Ward. Fukushima Ward. Nishinari Ward. Yodogawa Ward. Higashiyodogawa Ward. Asahi Ward. Joto Ward. Higashinari Ward. Ikuno Ward)<\/p>\n<p>  3.000 JPY<br \/>\nOsaka     Place &#8211;    (areas other than the above)<\/p>\n<p>  4.000 JPY<br \/>\nKita Ward Sakai     Place &#8211;   . Sakai Ward Sakai     Place &#8211;   . Suita     Place &#8211;   . Ikeda     Place &#8211;   . Ibaraki     Place &#8211;   . Toyonaka     Place &#8211;   . Higashiosaka     Place &#8211;   . Moriguchi     Place &#8211;   . Kadoma     Place &#8211;   . Minoh     Place &#8211;   . Settsu     Place &#8211;   . Matsubara     Place &#8211;   . Daito     Place &#8211;   . Yao     Place &#8211;   . Amagasaki     Place &#8211;   <\/p>\n<p>  5.000 JPY<br \/>\nSakai     Place &#8211;    (other than Kita Ward and Sakai Ward). Sayama     Place &#8211;   . Kashiwara     Place &#8211;   . Fujiidera     Place &#8211;   . Takatsuki     Place &#8211;   . Hirakata     Place &#8211;   . Neyagawa     Place &#8211;   . Shijonawate     Place &#8211;   . Katano     Place &#8211;   . Habikino     Place &#8211;   . Takaishi     Place &#8211;   . Takarazuka     Place &#8211;   . Nishinomiya     Place &#8211;   . Itami     Place &#8211;   . Tondabayashi     Place &#8211;   . Izumi     Place &#8211;   . Izumisano     Place &#8211;   . Kishiwada     Place &#8211;   . Kaizuka     Place &#8211;   . Kawachinagano     Place &#8211;   . Izumiotsu     Place &#8211;   <\/p>\n<p>  Consultation area<br \/>\nKobe     Place &#8211;   . near Kyoto Minami Interchange. Wakayama     Place &#8211;   . Nara     Place &#8211;    (varies depending on location)<\/p>\n<p>Kobe Escort. come suggerisce il nome. \u00e8 un eccellente servizio di escort che opera principalmente nella citt\u00e0 di Kobe. Potrai goderti i momenti pi\u00f9 belli che rimarranno nel tuo cuore con bellezze accuratamente selezionate.<\/p>\n<p>Bellezze accuratamente selezionate: le donne che non sono solo belle nell&#8217;aspetto ma anche belle nel cuore guariranno il tuo cuore e ti condurranno al momento di felicit\u00e0 finale.<br \/>\nServizio clienti di prim&#8217;ordine: A Kobe Escorts. facciamo del nostro meglio per fornire un servizio clienti cortese ed elegante al fine di offrire un&#8217;esperienza commovente ai nostri ospiti.<br \/>\nProtezione della privacy: rispettiamo la tua privacy e consideriamo ogni dettaglio in modo che tu possa goderti i nostri servizi di escort in tutta tranquillit\u00e0.<\/p>\n<p>Per favore. goditi lo straordinario con Kobe Escort.<\/p>\n<p>Kobe Escort. comme son nom l&#8217;indique. est un excellent service d&#8217;escorte qui op\u00e8re principalement dans la ville de Kobe. Vous pourrez profiter des meilleurs moments qui resteront dans votre c\u0153ur avec des beaut\u00e9s soigneusement s\u00e9lectionn\u00e9es.<\/p>\n<p>Beaut\u00e9s soigneusement s\u00e9lectionn\u00e9es : Les femmes qui sont non seulement belles en apparence mais aussi belles de c\u0153ur gu\u00e9riront votre c\u0153ur et vous m\u00e8neront au moment de bonheur ultime.<br \/>\nService client de premier ordre\u00a0: Chez Kobe Escorts. nous faisons de notre mieux pour fournir un service client courtois et \u00e9l\u00e9gant afin d&#8217;offrir une exp\u00e9rience \u00e9mouvante \u00e0 nos clients.<br \/>\nProtection de la vie priv\u00e9e : Nous respectons votre vie priv\u00e9e et prenons en compte chaque d\u00e9tail afin que vous puissiez profiter de nos services d&#8217;escorte en toute tranquillit\u00e9.<\/p>\n<p>S&#8217;il vous pla\u00eet. profitez de l&#8217;extraordinaire avec Kobe Escort.<\/p>\n<p>                            ?<\/p>\n<p>      ?<\/p>\n<p>                            ?<\/p>\n<p>      ? Orientation Heterosexual Height 155 cm \/ 5?1? Ethnicity  &#8211; Asian Bust Medium Age 29 Shaved  Yes  Smokes  ?No Hair Color  &#8211;  Blonde  Nationality  &#8211; Japanese Gender &#8211; Female    Place &#8211;   Kobe<br \/>\nJapan Contact me  at : -17230<\/p>\n","protected":false},"featured_media":76911,"comment_status":"open","ping_status":"closed","template":"","meta":{"site-sidebar-layout":"default","site-content-layout":"","ast-site-content-layout":"","site-content-style":"default","site-sidebar-style":"default","ast-global-header-display":"","ast-banner-title-visibility":"","ast-main-header-display":"","ast-hfb-above-header-display":"","ast-hfb-below-header-display":"","ast-hfb-mobile-header-display":"","site-post-title":"","ast-breadcrumbs-content":"","ast-featured-img":"","footer-sml-layout":"","theme-transparent-header-meta":"","adv-header-id-meta":"","stick-header-meta":"","header-above-stick-meta":"","header-main-stick-meta":"","header-below-stick-meta":"","astra-migrate-meta-layouts":"default","ast-page-background-enabled":"default","ast-page-background-meta":{"desktop":{"background-color":"var(--ast-global-color-4)","background-image":"","background-repeat":"repeat","background-position":"center center","background-size":"auto","background-attachment":"scroll","background-type":"","background-media":"","overlay-type":"","overlay-color":"","overlay-opacity":"","overlay-gradient":""},"tablet":{"background-color":"","background-image":"","background-repeat":"repeat","background-position":"center center","background-size":"auto","background-attachment":"scroll","background-type":"","background-media":"","overlay-type":"","overlay-color":"","overlay-opacity":"","overlay-gradient":""},"mobile":{"background-color":"","background-image":"","background-repeat":"repeat","background-position":"center center","background-size":"auto","background-attachment":"scroll","background-type":"","background-media":"","overlay-type":"","overlay-color":"","overlay-opacity":"","overlay-gradient":""}},"ast-content-background-meta":{"desktop":{"background-color":"var(--ast-global-color-5)","background-image":"","background-repeat":"repeat","background-position":"center center","background-size":"auto","background-attachment":"scroll","background-type":"","background-media":"","overlay-type":"","overlay-color":"","overlay-opacity":"","overlay-gradient":""},"tablet":{"background-color":"var(--ast-global-color-5)","background-image":"","background-repeat":"repeat","background-position":"center center","background-size":"auto","background-attachment":"scroll","background-type":"","background-media":"","overlay-type":"","overlay-color":"","overlay-opacity":"","overlay-gradient":""},"mobile":{"background-color":"var(--ast-global-color-5)","background-image":"","background-repeat":"repeat","background-position":"center center","background-size":"auto","background-attachment":"scroll","background-type":"","background-media":"","overlay-type":"","overlay-color":"","overlay-opacity":"","overlay-gradient":""}}},"product_brand":[],"product_cat":[188,795,1061],"product_tag":[],"class_list":{"0":"post-83601","1":"product","2":"type-product","3":"status-publish","4":"has-post-thumbnail","6":"product_cat-freelancer","7":"product_cat-japan","8":"product_cat-kobe","9":"desktop-align-left","10":"tablet-align-left","11":"mobile-align-left","13":"first","14":"instock","15":"shipping-taxable","16":"product-type-simple"},"_links":{"self":[{"href":"https:\/\/poccky.com\/index.php\/wp-json\/wp\/v2\/product\/83601","targetHints":{"allow":["GET"]}}],"collection":[{"href":"https:\/\/poccky.com\/index.php\/wp-json\/wp\/v2\/product"}],"about":[{"href":"https:\/\/poccky.com\/index.php\/wp-json\/wp\/v2\/types\/product"}],"replies":[{"embeddable":true,"href":"https:\/\/poccky.com\/index.php\/wp-json\/wp\/v2\/comments?post=83601"}],"wp:featuredmedia":[{"embeddable":true,"href":"https:\/\/poccky.com\/index.php\/wp-json\/wp\/v2\/media\/76911"}],"wp:attachment":[{"href":"https:\/\/poccky.com\/index.php\/wp-json\/wp\/v2\/media?parent=83601"}],"wp:term":[{"taxonomy":"product_brand","embeddable":true,"href":"https:\/\/poccky.com\/index.php\/wp-json\/wp\/v2\/product_brand?post=83601"},{"taxonomy":"product_cat","embeddable":true,"href":"https:\/\/poccky.com\/index.php\/wp-json\/wp\/v2\/product_cat?post=83601"},{"taxonomy":"product_tag","embeddable":true,"href":"https:\/\/poccky.com\/index.php\/wp-json\/wp\/v2\/product_tag?post=83601"}],"curies":[{"name":"wp","href":"https:\/\/api.w.org\/{rel}","templated":true}]}}