{"id":83553,"date":"2023-10-16T17:20:37","date_gmt":"2023-10-16T17:20:37","guid":{"rendered":"https:\/\/poccky.com\/?post_type=product&#038;p=83553"},"modified":"2023-10-16T17:20:41","modified_gmt":"2023-10-16T17:20:41","slug":"kelly-barbosa-brazilian-girl-lisbon","status":"publish","type":"product","link":"https:\/\/poccky.com\/index.php\/product\/kelly-barbosa-brazilian-girl-lisbon\/","title":{"rendered":"Kelly Barbosa \u2013 Brazilian girl Lisbon"},"content":{"rendered":"","protected":false},"excerpt":{"rendered":"<p>Name: Kelly Barbosa<br \/>\n Age : 25 years old<br \/>\n  Nationality  &#8211; : Brazilian<br \/>\n Height : 1.67m<br \/>\nWeight: 60kg<br \/>\n Bust : 89 cm<br \/>\nLangu Age s: English. Fran\u00e7ais. Espa\u00f1ol. Italiano e Portugu\u00eas<\/p>\n<p>Thank you for reading my profile with love<\/p>\n<p>Welcome to the tropical country. blessed by God and magnificent in nature.<\/p>\n<p> Your search is finished now <\/p>\n<p> Ready! I ARRIVE!<\/p>\n<p> For the first time in Portugal<br \/>\n  My name is KELLY<\/p>\n<p> I describe myself as a young white lady of 22 years<\/p>\n<p> I was born in the hot Brazilian sun.<\/p>\n<p> I am a beautiful hot tigress with beautiful curves<\/p>\n<p> I am a lovely sexy girl.<\/p>\n<p> I am of a smiling and friendly nature I am a good living who appreciates the meetings which take    Place &#8211;    in good humor and bursts of laughter. Make me laugh and I will be conquered<\/p>\n<p> I am the ideal host to show you around the most exclusive    Place &#8211;   s in the     Place &#8211;   .<\/p>\n<p> Exciting and extremely attentive in the type of fun that likes to party. I like meeting new people and socializing is my specialty.<\/p>\n<p> Effortless Sexy and undeniably elegant I love the pleasure of being an elite escort as well as the excitement of doing sexy fashion sessions as a model.<br \/>\n  With this beautiful model on your arms. you will be the envy of every man in the room.<\/p>\n<p> I am real and my photos are 100% guaranteed <\/p>\n<p> For our meeting to be a success. I favor the courteous. respectful gentlemen. sensitive epicureans. gentle and who would like to have a carnal relationship followed and very intense &#8230;&#8230;.<\/p>\n<p> In my bed several positions are allowed.<\/p>\n<p> \u2022 GFE<br \/>\n\u2022 Loves Party<br \/>\n \u2022 PSE (Experienced with porn).<br \/>\n \u2022 FACETING<br \/>\n \u2022 FK<br \/>\n COB (breast or body finish<br \/>\n \u2022 RIM (passive rimming)<br \/>\n \u2022 OWO (Natural fellattion. You have never seen anything like it) (perfect hygiene)<br \/>\n \u2022 69<br \/>\n \u2022STRIPTEASE<br \/>\n \u2022 BODY-BODY. SENSUAL MASS Age  with aphrodisiac oils<br \/>\n \u2022 SENSUAL SHOWER TOGETHER.<br \/>\n \u2022DRESS CODE<\/p>\n<p> \u2022 Impeccable hygiene. guaranteed and required!<br \/>\n (on site. clean towels and everything for your hygiene).<\/p>\n<p>Being very requested. my conditions are in no way negotiable.<\/p>\n<p>I look forward to your call and look forward to welcoming you to make you happy.<\/p>\n<p>I do not answer hidden numbers. Orientation Heterosexual Height 170 cm \/ 5?7? Ethnicity  &#8211; Latina Bust Large Age 25 Shaved  Yes  Smokes  ?No Hair Color  &#8211;  Blonde  Nationality  &#8211; Brazilian Gender &#8211; Female    Place &#8211;   Lisbon<br \/>\nPortugal Contact me  at : +351 92 674 6942<\/p>\n","protected":false},"featured_media":77173,"comment_status":"open","ping_status":"closed","template":"","meta":{"site-sidebar-layout":"default","site-content-layout":"","ast-site-content-layout":"","site-content-style":"default","site-sidebar-style":"default","ast-global-header-display":"","ast-banner-title-visibility":"","ast-main-header-display":"","ast-hfb-above-header-display":"","ast-hfb-below-header-display":"","ast-hfb-mobile-header-display":"","site-post-title":"","ast-breadcrumbs-content":"","ast-featured-img":"","footer-sml-layout":"","theme-transparent-header-meta":"","adv-header-id-meta":"","stick-header-meta":"","header-above-stick-meta":"","header-main-stick-meta":"","header-below-stick-meta":"","astra-migrate-meta-layouts":"default","ast-page-background-enabled":"default","ast-page-background-meta":{"desktop":{"background-color":"var(--ast-global-color-4)","background-image":"","background-repeat":"repeat","background-position":"center center","background-size":"auto","background-attachment":"scroll","background-type":"","background-media":"","overlay-type":"","overlay-color":"","overlay-opacity":"","overlay-gradient":""},"tablet":{"background-color":"","background-image":"","background-repeat":"repeat","background-position":"center center","background-size":"auto","background-attachment":"scroll","background-type":"","background-media":"","overlay-type":"","overlay-color":"","overlay-opacity":"","overlay-gradient":""},"mobile":{"background-color":"","background-image":"","background-repeat":"repeat","background-position":"center center","background-size":"auto","background-attachment":"scroll","background-type":"","background-media":"","overlay-type":"","overlay-color":"","overlay-opacity":"","overlay-gradient":""}},"ast-content-background-meta":{"desktop":{"background-color":"var(--ast-global-color-5)","background-image":"","background-repeat":"repeat","background-position":"center center","background-size":"auto","background-attachment":"scroll","background-type":"","background-media":"","overlay-type":"","overlay-color":"","overlay-opacity":"","overlay-gradient":""},"tablet":{"background-color":"var(--ast-global-color-5)","background-image":"","background-repeat":"repeat","background-position":"center center","background-size":"auto","background-attachment":"scroll","background-type":"","background-media":"","overlay-type":"","overlay-color":"","overlay-opacity":"","overlay-gradient":""},"mobile":{"background-color":"var(--ast-global-color-5)","background-image":"","background-repeat":"repeat","background-position":"center center","background-size":"auto","background-attachment":"scroll","background-type":"","background-media":"","overlay-type":"","overlay-color":"","overlay-opacity":"","overlay-gradient":""}}},"product_brand":[],"product_cat":[188,1018,937],"product_tag":[],"class_list":{"0":"post-83553","1":"product","2":"type-product","3":"status-publish","4":"has-post-thumbnail","6":"product_cat-freelancer","7":"product_cat-lisbon","8":"product_cat-portugal","9":"desktop-align-left","10":"tablet-align-left","11":"mobile-align-left","13":"first","14":"instock","15":"shipping-taxable","16":"product-type-simple"},"_links":{"self":[{"href":"https:\/\/poccky.com\/index.php\/wp-json\/wp\/v2\/product\/83553","targetHints":{"allow":["GET"]}}],"collection":[{"href":"https:\/\/poccky.com\/index.php\/wp-json\/wp\/v2\/product"}],"about":[{"href":"https:\/\/poccky.com\/index.php\/wp-json\/wp\/v2\/types\/product"}],"replies":[{"embeddable":true,"href":"https:\/\/poccky.com\/index.php\/wp-json\/wp\/v2\/comments?post=83553"}],"wp:featuredmedia":[{"embeddable":true,"href":"https:\/\/poccky.com\/index.php\/wp-json\/wp\/v2\/media\/77173"}],"wp:attachment":[{"href":"https:\/\/poccky.com\/index.php\/wp-json\/wp\/v2\/media?parent=83553"}],"wp:term":[{"taxonomy":"product_brand","embeddable":true,"href":"https:\/\/poccky.com\/index.php\/wp-json\/wp\/v2\/product_brand?post=83553"},{"taxonomy":"product_cat","embeddable":true,"href":"https:\/\/poccky.com\/index.php\/wp-json\/wp\/v2\/product_cat?post=83553"},{"taxonomy":"product_tag","embeddable":true,"href":"https:\/\/poccky.com\/index.php\/wp-json\/wp\/v2\/product_tag?post=83553"}],"curies":[{"name":"wp","href":"https:\/\/api.w.org\/{rel}","templated":true}]}}