{"id":83523,"date":"2023-10-16T17:19:04","date_gmt":"2023-10-16T17:19:04","guid":{"rendered":"https:\/\/poccky.com\/?post_type=product&#038;p=83523"},"modified":"2023-10-26T14:18:29","modified_gmt":"2023-10-26T14:18:29","slug":"karolina-eroticas-colombian-girl-bogota","status":"publish","type":"product","link":"https:\/\/poccky.com\/index.php\/product\/karolina-eroticas-colombian-girl-bogota\/","title":{"rendered":"Karolina Eroticas \u2013 Colombian girl Bogot\u00e1"},"content":{"rendered":"","protected":false},"excerpt":{"rendered":"<p>KAROLINA is a sensational young white escort with more to offer than just a fabulous body. However. KAROLINA&#8217;s body deserves a mention. She is slender as her modeling profession demands. with everything in perfect proportion. as can be clearly seen. Perky breasts and a great butt are just the beginning when it comes to this beautiful young lady. But once you get to know her. even a little. you will discover that this escort has a personality that you might find just as sexy. And you can reserve it just for you whenever you want. for as long as you want.<br \/>\nKAROLINA is part of the Erotic  Age ncy. do not waste any more time and meet this beautiful escort in your     Place &#8211;   . you just have to call or write by WhatsApp. Telegram or Signal.<br \/>\nThe service is only at home in hotels. motels or apartments in the most exclusive sectors of the     Place &#8211;   .<br \/>\n&#8212;&#8212;&#8212;&#8212;&#8212;&#8212;&#8212;&#8212;&#8212;&#8212;&#8212;&#8212;&#8212;&#8212;&#8212;&#8212;&#8212;&#8212;&#8212;&#8212;&#8212;&#8212;&#8212;&#8212;&#8212;&#8212;&#8212;&#8212;&#8212;&#8212;&#8212;&#8212;&#8212;<br \/>\nKAROLINA es una sensacional joven escort blanca. con m\u00e1s que ofrecer que simplemente un cuerpo fabuloso. Sin embargo. el cuerpo de KAROLINA merece una menci\u00f3n. Es esbelta como lo exige su profesi\u00f3n de modelo. con todo en perfecta proporci\u00f3n. como se puede ver claramente. Senos parados y un gran trasero son solo el comienzo cuando se trata de esta hermosa jovencita. Pero una vez que la conozcas. aunque sea un poco. descubrir\u00e1s que esta escort tiene una personalidad que podr\u00edas encontrar igual de sexy. Y puedes reservarla solo para ti cuando quieras. durante el tiempo que quieras.<br \/>\nKAROLINA hace parte de la  Age ncia Er\u00f3ticas. no pierdas m\u00e1s el tiempo y conoce a esta hermosa escort en tu ciudad. s\u00f3lo debes llamar o escribir por WhatsApp. Telegram o Signal.<br \/>\nEl servicio es \u00fanicamente a domicilio en hoteles. moteles o apartamentos en los sectores m\u00e1s exclusivos de la ciudad. Orientation Bisexual Height 167 cm \/ 5?6? Ethnicity  &#8211; Latina Bust Medium Age 20  Smokes  ?No Hair Color  &#8211;  Brunette  Nationality  &#8211; Colombian Gender &#8211; Female    Place &#8211;   Bogot\u00e1<br \/>\nColombia Contact me  at : +57 315 330 4003<\/p>\n","protected":false},"featured_media":77355,"comment_status":"open","ping_status":"closed","template":"","meta":{"site-sidebar-layout":"default","site-content-layout":"","ast-site-content-layout":"","site-content-style":"default","site-sidebar-style":"default","ast-global-header-display":"","ast-banner-title-visibility":"","ast-main-header-display":"","ast-hfb-above-header-display":"","ast-hfb-below-header-display":"","ast-hfb-mobile-header-display":"","site-post-title":"","ast-breadcrumbs-content":"","ast-featured-img":"","footer-sml-layout":"","theme-transparent-header-meta":"","adv-header-id-meta":"","stick-header-meta":"","header-above-stick-meta":"","header-main-stick-meta":"","header-below-stick-meta":"","astra-migrate-meta-layouts":"default","ast-page-background-enabled":"default","ast-page-background-meta":{"desktop":{"background-color":"var(--ast-global-color-4)","background-image":"","background-repeat":"repeat","background-position":"center center","background-size":"auto","background-attachment":"scroll","background-type":"","background-media":"","overlay-type":"","overlay-color":"","overlay-opacity":"","overlay-gradient":""},"tablet":{"background-color":"","background-image":"","background-repeat":"repeat","background-position":"center center","background-size":"auto","background-attachment":"scroll","background-type":"","background-media":"","overlay-type":"","overlay-color":"","overlay-opacity":"","overlay-gradient":""},"mobile":{"background-color":"","background-image":"","background-repeat":"repeat","background-position":"center center","background-size":"auto","background-attachment":"scroll","background-type":"","background-media":"","overlay-type":"","overlay-color":"","overlay-opacity":"","overlay-gradient":""}},"ast-content-background-meta":{"desktop":{"background-color":"var(--ast-global-color-5)","background-image":"","background-repeat":"repeat","background-position":"center center","background-size":"auto","background-attachment":"scroll","background-type":"","background-media":"","overlay-type":"","overlay-color":"","overlay-opacity":"","overlay-gradient":""},"tablet":{"background-color":"var(--ast-global-color-5)","background-image":"","background-repeat":"repeat","background-position":"center center","background-size":"auto","background-attachment":"scroll","background-type":"","background-media":"","overlay-type":"","overlay-color":"","overlay-opacity":"","overlay-gradient":""},"mobile":{"background-color":"var(--ast-global-color-5)","background-image":"","background-repeat":"repeat","background-position":"center center","background-size":"auto","background-attachment":"scroll","background-type":"","background-media":"","overlay-type":"","overlay-color":"","overlay-opacity":"","overlay-gradient":""}}},"product_brand":[],"product_cat":[1017,418,188],"product_tag":[],"class_list":{"0":"post-83523","1":"product","2":"type-product","3":"status-publish","4":"has-post-thumbnail","6":"product_cat-bogota","7":"product_cat-colombia","8":"product_cat-freelancer","9":"desktop-align-left","10":"tablet-align-left","11":"mobile-align-left","13":"first","14":"instock","15":"shipping-taxable","16":"product-type-simple"},"_links":{"self":[{"href":"https:\/\/poccky.com\/index.php\/wp-json\/wp\/v2\/product\/83523","targetHints":{"allow":["GET"]}}],"collection":[{"href":"https:\/\/poccky.com\/index.php\/wp-json\/wp\/v2\/product"}],"about":[{"href":"https:\/\/poccky.com\/index.php\/wp-json\/wp\/v2\/types\/product"}],"replies":[{"embeddable":true,"href":"https:\/\/poccky.com\/index.php\/wp-json\/wp\/v2\/comments?post=83523"}],"wp:featuredmedia":[{"embeddable":true,"href":"https:\/\/poccky.com\/index.php\/wp-json\/wp\/v2\/media\/77355"}],"wp:attachment":[{"href":"https:\/\/poccky.com\/index.php\/wp-json\/wp\/v2\/media?parent=83523"}],"wp:term":[{"taxonomy":"product_brand","embeddable":true,"href":"https:\/\/poccky.com\/index.php\/wp-json\/wp\/v2\/product_brand?post=83523"},{"taxonomy":"product_cat","embeddable":true,"href":"https:\/\/poccky.com\/index.php\/wp-json\/wp\/v2\/product_cat?post=83523"},{"taxonomy":"product_tag","embeddable":true,"href":"https:\/\/poccky.com\/index.php\/wp-json\/wp\/v2\/product_tag?post=83523"}],"curies":[{"name":"wp","href":"https:\/\/api.w.org\/{rel}","templated":true}]}}