{"id":83510,"date":"2023-10-16T17:18:07","date_gmt":"2023-10-16T17:18:07","guid":{"rendered":"https:\/\/poccky.com\/?post_type=product&#038;p=83510"},"modified":"2023-10-26T14:18:50","modified_gmt":"2023-10-26T14:18:50","slug":"juliette-eroticas-colombian-girl-bogota","status":"publish","type":"product","link":"https:\/\/poccky.com\/index.php\/product\/juliette-eroticas-colombian-girl-bogota\/","title":{"rendered":"Juliette Eroticas \u2013 Colombian girl Bogot\u00e1"},"content":{"rendered":"","protected":false},"excerpt":{"rendered":"<p>JULIETTE is one of the freshest faces you&#8217;ll see in the escort community right now. Attractive. impressionable and highly excitable. Those are the words that would sum it up. so to speak. He has an inexhaustible enthusiasm for meeting people. he can&#8217;t get enough of the kind and attentive gentlemen he has met.<br \/>\nFor JULIETTE. there just aren&#8217;t enough hours in the day. She has a fabulous. firm and toned body and she looks great with whatever she wears (as you can see here in these photos). Apparently her favorite attribute is her tail. and we think we agree with her on that one. You&#8217;ll have to meet her in person to fully appreciate it. of course.<br \/>\nJULIETTE is part of the Eroticas  Age ncy. don&#8217;t waste any more time and meet this beautiful escort in your     Place &#8211;   . you just have to call or write by WhatsApp. Telegram or Signal.<br \/>\nThe service is only at home in hotels. motels or apartments in the most exclusive sectors of the     Place &#8211;   .<\/p>\n<p>&#8212;&#8212;&#8212;&#8212;&#8212;&#8212;&#8212;&#8212;&#8212;&#8212;&#8212;&#8212;&#8212;&#8212;&#8212;&#8212;&#8212;&#8212;&#8212;&#8212;&#8212;&#8212;&#8212;&#8212;&#8212;&#8212;&#8212;&#8212;&#8212;&#8212;&#8212;&#8212;&#8212;&#8212;&#8212;&#8212;&#8212;&#8212;<\/p>\n<p>JULIETTE es una de las caras m\u00e1s frescas que ver\u00e1s en la comunidad de acompa\u00f1antes en este momento. Atractiva. impresionable y altamente excitable. Esas son las palabras que la resumir\u00edan. por as\u00ed decirlo. Tiene un entusiasmo inagotable por conocer gente. no se cansa de los amables y atentos caballeros que ha conocido.<br \/>\nPara JULIETTE. simplemente no hay suficientes horas en el d\u00eda. Tiene un cuerpo fabuloso. firme y tonificado. y se ve muy bien con cualquier cosa que se ponga (como puedes ver aqu\u00ed en estas fotos). Aparentemente. su atributo favorito es su cola. y creemos que estamos de acuerdo con ella en eso. Tendr\u00e1s que conocerla en persona para apreciarlo por completo. por supuesto.<br \/>\nJULIETTE hace parte de la  Age ncia Er\u00f3ticas. no pierdas m\u00e1s el tiempo y conoce a esta hermosa escort en tu ciudad. s\u00f3lo debes llamar o escribir por WhatsApp. Telegram o Signal.<br \/>\nEl servicio es \u00fanicamente a domicilio en hoteles. moteles o apartamentos en los sectores m\u00e1s exclusivos de la ciudad. Orientation Bisexual Height 160 cm \/ 5?3? Ethnicity  &#8211; Latina Bust Medium Age 19  Smokes  ?No Hair Color  &#8211;  Red  Nationality  &#8211; Colombian Gender &#8211; Female    Place &#8211;   Bogot\u00e1<br \/>\nColombia Contact me  at : +57 315 330 4003<\/p>\n","protected":false},"featured_media":77452,"comment_status":"open","ping_status":"closed","template":"","meta":{"site-sidebar-layout":"default","site-content-layout":"","ast-site-content-layout":"","site-content-style":"default","site-sidebar-style":"default","ast-global-header-display":"","ast-banner-title-visibility":"","ast-main-header-display":"","ast-hfb-above-header-display":"","ast-hfb-below-header-display":"","ast-hfb-mobile-header-display":"","site-post-title":"","ast-breadcrumbs-content":"","ast-featured-img":"","footer-sml-layout":"","theme-transparent-header-meta":"","adv-header-id-meta":"","stick-header-meta":"","header-above-stick-meta":"","header-main-stick-meta":"","header-below-stick-meta":"","astra-migrate-meta-layouts":"default","ast-page-background-enabled":"default","ast-page-background-meta":{"desktop":{"background-color":"var(--ast-global-color-4)","background-image":"","background-repeat":"repeat","background-position":"center center","background-size":"auto","background-attachment":"scroll","background-type":"","background-media":"","overlay-type":"","overlay-color":"","overlay-opacity":"","overlay-gradient":""},"tablet":{"background-color":"","background-image":"","background-repeat":"repeat","background-position":"center center","background-size":"auto","background-attachment":"scroll","background-type":"","background-media":"","overlay-type":"","overlay-color":"","overlay-opacity":"","overlay-gradient":""},"mobile":{"background-color":"","background-image":"","background-repeat":"repeat","background-position":"center center","background-size":"auto","background-attachment":"scroll","background-type":"","background-media":"","overlay-type":"","overlay-color":"","overlay-opacity":"","overlay-gradient":""}},"ast-content-background-meta":{"desktop":{"background-color":"var(--ast-global-color-5)","background-image":"","background-repeat":"repeat","background-position":"center center","background-size":"auto","background-attachment":"scroll","background-type":"","background-media":"","overlay-type":"","overlay-color":"","overlay-opacity":"","overlay-gradient":""},"tablet":{"background-color":"var(--ast-global-color-5)","background-image":"","background-repeat":"repeat","background-position":"center center","background-size":"auto","background-attachment":"scroll","background-type":"","background-media":"","overlay-type":"","overlay-color":"","overlay-opacity":"","overlay-gradient":""},"mobile":{"background-color":"var(--ast-global-color-5)","background-image":"","background-repeat":"repeat","background-position":"center center","background-size":"auto","background-attachment":"scroll","background-type":"","background-media":"","overlay-type":"","overlay-color":"","overlay-opacity":"","overlay-gradient":""}}},"product_brand":[],"product_cat":[1017,418,188],"product_tag":[],"class_list":{"0":"post-83510","1":"product","2":"type-product","3":"status-publish","4":"has-post-thumbnail","6":"product_cat-bogota","7":"product_cat-colombia","8":"product_cat-freelancer","9":"desktop-align-left","10":"tablet-align-left","11":"mobile-align-left","13":"first","14":"instock","15":"shipping-taxable","16":"product-type-simple"},"_links":{"self":[{"href":"https:\/\/poccky.com\/index.php\/wp-json\/wp\/v2\/product\/83510","targetHints":{"allow":["GET"]}}],"collection":[{"href":"https:\/\/poccky.com\/index.php\/wp-json\/wp\/v2\/product"}],"about":[{"href":"https:\/\/poccky.com\/index.php\/wp-json\/wp\/v2\/types\/product"}],"replies":[{"embeddable":true,"href":"https:\/\/poccky.com\/index.php\/wp-json\/wp\/v2\/comments?post=83510"}],"wp:featuredmedia":[{"embeddable":true,"href":"https:\/\/poccky.com\/index.php\/wp-json\/wp\/v2\/media\/77452"}],"wp:attachment":[{"href":"https:\/\/poccky.com\/index.php\/wp-json\/wp\/v2\/media?parent=83510"}],"wp:term":[{"taxonomy":"product_brand","embeddable":true,"href":"https:\/\/poccky.com\/index.php\/wp-json\/wp\/v2\/product_brand?post=83510"},{"taxonomy":"product_cat","embeddable":true,"href":"https:\/\/poccky.com\/index.php\/wp-json\/wp\/v2\/product_cat?post=83510"},{"taxonomy":"product_tag","embeddable":true,"href":"https:\/\/poccky.com\/index.php\/wp-json\/wp\/v2\/product_tag?post=83510"}],"curies":[{"name":"wp","href":"https:\/\/api.w.org\/{rel}","templated":true}]}}