{"id":83473,"date":"2023-10-16T17:16:12","date_gmt":"2023-10-16T17:16:12","guid":{"rendered":"https:\/\/poccky.com\/?post_type=product&#038;p=83473"},"modified":"2023-10-16T17:16:15","modified_gmt":"2023-10-16T17:16:15","slug":"joana-real-portuguese-girl-lisbon","status":"publish","type":"product","link":"https:\/\/poccky.com\/index.php\/product\/joana-real-portuguese-girl-lisbon\/","title":{"rendered":"Joana Real \u2013 Portuguese girl Lisbon"},"content":{"rendered":"","protected":false},"excerpt":{"rendered":"<p>Sou uma menina bonita e querida com 21 anos &#8230; O meu atendimento \u00e9 sem pressa.top de linha. sou uma companhia de alto n\u00edvel Se procura uma companhia meiga. doce se procura passar um momento tranquilo.prazeroso. de qualidade.e talvez fora do contexto habitual.n\u00e3o tenha d\u00favidas.aqui encontrar\u00e1 tudo que merece &#8230; &#8220;Seja educado na sua abord Age m. a boa educa\u00e7\u00e3o \u00e9 um afrodis\u00edaco&#8221; &#8230;Higi\u00e9nica e perfumada&#8230; Beijo e at\u00e9 j\u00e1!!!                 I am a beautiful and sweet girl  Age d 21&#8230; My service is unhurried. top of the line. I am a high level company If you&#8217;re looking for a sweet. sweet company. if you&#8217;re looking to spend a quiet. pleasant. quality moment. and maybe out of the usual context. have no doubt. here you&#8217;ll find everything you deserve&#8230; &#8220;Be polite in your approach. good manners are an aphrodisiac&#8221; &#8230;Hygienic and fragrant&#8230; Kisses and see you soon!!! Orientation Heterosexual Height 160 cm \/ 5?3? Ethnicity  &#8211; White Bust Small Age 21 Shaved  Yes  Smokes  ?No Hair Color  &#8211;  Black  Nationality  &#8211; Portuguese Gender &#8211; Female    Place &#8211;   Lisbon<br \/>\nPortugal Contact me  at : +351 92 764 0124<\/p>\n","protected":false},"featured_media":77641,"comment_status":"open","ping_status":"closed","template":"","meta":{"site-sidebar-layout":"default","site-content-layout":"","ast-site-content-layout":"","site-content-style":"default","site-sidebar-style":"default","ast-global-header-display":"","ast-banner-title-visibility":"","ast-main-header-display":"","ast-hfb-above-header-display":"","ast-hfb-below-header-display":"","ast-hfb-mobile-header-display":"","site-post-title":"","ast-breadcrumbs-content":"","ast-featured-img":"","footer-sml-layout":"","theme-transparent-header-meta":"","adv-header-id-meta":"","stick-header-meta":"","header-above-stick-meta":"","header-main-stick-meta":"","header-below-stick-meta":"","astra-migrate-meta-layouts":"default","ast-page-background-enabled":"default","ast-page-background-meta":{"desktop":{"background-color":"var(--ast-global-color-4)","background-image":"","background-repeat":"repeat","background-position":"center center","background-size":"auto","background-attachment":"scroll","background-type":"","background-media":"","overlay-type":"","overlay-color":"","overlay-opacity":"","overlay-gradient":""},"tablet":{"background-color":"","background-image":"","background-repeat":"repeat","background-position":"center center","background-size":"auto","background-attachment":"scroll","background-type":"","background-media":"","overlay-type":"","overlay-color":"","overlay-opacity":"","overlay-gradient":""},"mobile":{"background-color":"","background-image":"","background-repeat":"repeat","background-position":"center center","background-size":"auto","background-attachment":"scroll","background-type":"","background-media":"","overlay-type":"","overlay-color":"","overlay-opacity":"","overlay-gradient":""}},"ast-content-background-meta":{"desktop":{"background-color":"var(--ast-global-color-5)","background-image":"","background-repeat":"repeat","background-position":"center center","background-size":"auto","background-attachment":"scroll","background-type":"","background-media":"","overlay-type":"","overlay-color":"","overlay-opacity":"","overlay-gradient":""},"tablet":{"background-color":"var(--ast-global-color-5)","background-image":"","background-repeat":"repeat","background-position":"center center","background-size":"auto","background-attachment":"scroll","background-type":"","background-media":"","overlay-type":"","overlay-color":"","overlay-opacity":"","overlay-gradient":""},"mobile":{"background-color":"var(--ast-global-color-5)","background-image":"","background-repeat":"repeat","background-position":"center center","background-size":"auto","background-attachment":"scroll","background-type":"","background-media":"","overlay-type":"","overlay-color":"","overlay-opacity":"","overlay-gradient":""}}},"product_brand":[],"product_cat":[188,1018,937],"product_tag":[],"class_list":{"0":"post-83473","1":"product","2":"type-product","3":"status-publish","4":"has-post-thumbnail","6":"product_cat-freelancer","7":"product_cat-lisbon","8":"product_cat-portugal","9":"desktop-align-left","10":"tablet-align-left","11":"mobile-align-left","13":"first","14":"instock","15":"shipping-taxable","16":"product-type-simple"},"_links":{"self":[{"href":"https:\/\/poccky.com\/index.php\/wp-json\/wp\/v2\/product\/83473","targetHints":{"allow":["GET"]}}],"collection":[{"href":"https:\/\/poccky.com\/index.php\/wp-json\/wp\/v2\/product"}],"about":[{"href":"https:\/\/poccky.com\/index.php\/wp-json\/wp\/v2\/types\/product"}],"replies":[{"embeddable":true,"href":"https:\/\/poccky.com\/index.php\/wp-json\/wp\/v2\/comments?post=83473"}],"wp:featuredmedia":[{"embeddable":true,"href":"https:\/\/poccky.com\/index.php\/wp-json\/wp\/v2\/media\/77641"}],"wp:attachment":[{"href":"https:\/\/poccky.com\/index.php\/wp-json\/wp\/v2\/media?parent=83473"}],"wp:term":[{"taxonomy":"product_brand","embeddable":true,"href":"https:\/\/poccky.com\/index.php\/wp-json\/wp\/v2\/product_brand?post=83473"},{"taxonomy":"product_cat","embeddable":true,"href":"https:\/\/poccky.com\/index.php\/wp-json\/wp\/v2\/product_cat?post=83473"},{"taxonomy":"product_tag","embeddable":true,"href":"https:\/\/poccky.com\/index.php\/wp-json\/wp\/v2\/product_tag?post=83473"}],"curies":[{"name":"wp","href":"https:\/\/api.w.org\/{rel}","templated":true}]}}