{"id":83459,"date":"2023-10-16T17:15:21","date_gmt":"2023-10-16T17:15:21","guid":{"rendered":"https:\/\/poccky.com\/?post_type=product&#038;p=83459"},"modified":"2023-10-16T17:15:25","modified_gmt":"2023-10-16T17:15:25","slug":"jessica-in-salmya-filipino-girl-kuwait","status":"publish","type":"product","link":"https:\/\/poccky.com\/index.php\/product\/jessica-in-salmya-filipino-girl-kuwait\/","title":{"rendered":"JESSICA in Salmya \u2013 Filipino girl Kuwait"},"content":{"rendered":"","protected":false},"excerpt":{"rendered":"<p>Ch\u00e0o qu\u00fd \u00f4ng.<br \/>\nIam Jessica 24 tu?i. T\u00f4i  n t? Philippines . T\u00f4i l\u00e0 m?t c\u00f4 g\u00e1i m?i  n Kuwait v\u00e0 th\u00edch g?p g? ng\u00e0y c\u00e0ng nhi?u qu\u00fd \u00f4ng ? ?\u00e2y.<br \/>\nT\u00f4i y\u00eau t\u00ecnh d?c. T\u00f4i th\u00edch ai ?\u00f3 c\u00f3 th? s? d?ng   c?a anh ?y tr\u00ean c? th? t\u00f4i. s\u00e2u trong   c?a t\u00f4i v\u00e0 khi?n t\u00f4i ho\u00e0n to\u00e0n  t \u00e1t   . T\u00f4i th\u00edch ?n     t? t? v\u00e0 t?ng b c   n\u00f3 l?n h?n r?i   tr\u00ean khu\u00f4n m?t c?a t\u00f4i.<br \/>\nB?n c\u00f3 th\u00edch t\u00ecnh d?c kh\u00f4ng? B?n c\u00f3 th\u00edch ch?m v\u00e0o c? th? t? nhi\u00ean. l\u00e0n da m?m m?i v\u00e0 l\u00e0m t\u00ecnh v?i c\u00f4 g\u00e1i ng?t ng\u00e0o v\u00e0 tr? trung. ng i c\u00f3 th? cho b?n t?t c? ?am m\u00ea v\u00e0 h?ng th\u00fa kh\u00f4ng?<br \/>\nH\u00e3y nh?n tin cho t\u00f4i tr\u00ean whatsapp.Nh?ng b?c ?nh c?a t\u00f4i  u l\u00e0 th?t h\u00e3y tin t ng t\u00f4i v\u00e0 t\u00f4i s? mang  n cho b?n nh?ng tr?i nhi?m th\u00fa v? v? t\u00ecnh d?c. V?y n\u00ean h\u00e3y  n v?i t\u00f4i. b?n s? kh\u00f4ng th?t v?ng d\u00f9 ch? 1%<br \/>\n.H\u00e3y  n v?i t\u00f4i v\u00e0 l\u00e0m cho cu?c s?ng c?a b?n ch?t l ng h?n. B?n ?\u00e3 l\u00e0m vi?c r?t ch?m ch?   ki?m ti?n. t?i sao kh\u00f4ng cho m\u00ecnh m?t kho?ng th?i gian   th? gi\u00e3n  .Ch\u00fang ta s? ? b\u00ean nhau v\u00e0 t?n h ng nh?ng kho?ng th?i gian tuy?t v?i Orientation Heterosexual Height 166 cm \/ 5?5? Ethnicity  &#8211; Asian Bust Medium Age 24 Shaved  Yes  Smokes  ?Yes Hair Color  &#8211;  Black  Nationality  &#8211; Filipino Gender &#8211; Female    Place &#8211;   Kuwait Contact me  at : +965 9496 9706<\/p>\n","protected":false},"featured_media":77744,"comment_status":"open","ping_status":"closed","template":"","meta":{"site-sidebar-layout":"default","site-content-layout":"","ast-site-content-layout":"","site-content-style":"default","site-sidebar-style":"default","ast-global-header-display":"","ast-banner-title-visibility":"","ast-main-header-display":"","ast-hfb-above-header-display":"","ast-hfb-below-header-display":"","ast-hfb-mobile-header-display":"","site-post-title":"","ast-breadcrumbs-content":"","ast-featured-img":"","footer-sml-layout":"","theme-transparent-header-meta":"","adv-header-id-meta":"","stick-header-meta":"","header-above-stick-meta":"","header-main-stick-meta":"","header-below-stick-meta":"","astra-migrate-meta-layouts":"default","ast-page-background-enabled":"default","ast-page-background-meta":{"desktop":{"background-color":"var(--ast-global-color-4)","background-image":"","background-repeat":"repeat","background-position":"center center","background-size":"auto","background-attachment":"scroll","background-type":"","background-media":"","overlay-type":"","overlay-color":"","overlay-opacity":"","overlay-gradient":""},"tablet":{"background-color":"","background-image":"","background-repeat":"repeat","background-position":"center center","background-size":"auto","background-attachment":"scroll","background-type":"","background-media":"","overlay-type":"","overlay-color":"","overlay-opacity":"","overlay-gradient":""},"mobile":{"background-color":"","background-image":"","background-repeat":"repeat","background-position":"center center","background-size":"auto","background-attachment":"scroll","background-type":"","background-media":"","overlay-type":"","overlay-color":"","overlay-opacity":"","overlay-gradient":""}},"ast-content-background-meta":{"desktop":{"background-color":"var(--ast-global-color-5)","background-image":"","background-repeat":"repeat","background-position":"center center","background-size":"auto","background-attachment":"scroll","background-type":"","background-media":"","overlay-type":"","overlay-color":"","overlay-opacity":"","overlay-gradient":""},"tablet":{"background-color":"var(--ast-global-color-5)","background-image":"","background-repeat":"repeat","background-position":"center center","background-size":"auto","background-attachment":"scroll","background-type":"","background-media":"","overlay-type":"","overlay-color":"","overlay-opacity":"","overlay-gradient":""},"mobile":{"background-color":"var(--ast-global-color-5)","background-image":"","background-repeat":"repeat","background-position":"center center","background-size":"auto","background-attachment":"scroll","background-type":"","background-media":"","overlay-type":"","overlay-color":"","overlay-opacity":"","overlay-gradient":""}}},"product_brand":[],"product_cat":[188,419,1010],"product_tag":[],"class_list":{"0":"post-83459","1":"product","2":"type-product","3":"status-publish","4":"has-post-thumbnail","6":"product_cat-freelancer","7":"product_cat-kuwait","8":"product_cat-kuwait-city","9":"desktop-align-left","10":"tablet-align-left","11":"mobile-align-left","13":"first","14":"instock","15":"shipping-taxable","16":"product-type-simple"},"_links":{"self":[{"href":"https:\/\/poccky.com\/index.php\/wp-json\/wp\/v2\/product\/83459","targetHints":{"allow":["GET"]}}],"collection":[{"href":"https:\/\/poccky.com\/index.php\/wp-json\/wp\/v2\/product"}],"about":[{"href":"https:\/\/poccky.com\/index.php\/wp-json\/wp\/v2\/types\/product"}],"replies":[{"embeddable":true,"href":"https:\/\/poccky.com\/index.php\/wp-json\/wp\/v2\/comments?post=83459"}],"wp:featuredmedia":[{"embeddable":true,"href":"https:\/\/poccky.com\/index.php\/wp-json\/wp\/v2\/media\/77744"}],"wp:attachment":[{"href":"https:\/\/poccky.com\/index.php\/wp-json\/wp\/v2\/media?parent=83459"}],"wp:term":[{"taxonomy":"product_brand","embeddable":true,"href":"https:\/\/poccky.com\/index.php\/wp-json\/wp\/v2\/product_brand?post=83459"},{"taxonomy":"product_cat","embeddable":true,"href":"https:\/\/poccky.com\/index.php\/wp-json\/wp\/v2\/product_cat?post=83459"},{"taxonomy":"product_tag","embeddable":true,"href":"https:\/\/poccky.com\/index.php\/wp-json\/wp\/v2\/product_tag?post=83459"}],"curies":[{"name":"wp","href":"https:\/\/api.w.org\/{rel}","templated":true}]}}