{"id":83456,"date":"2023-10-16T17:15:13","date_gmt":"2023-10-16T17:15:13","guid":{"rendered":"https:\/\/poccky.com\/?post_type=product&#038;p=83456"},"modified":"2023-10-16T17:15:14","modified_gmt":"2023-10-16T17:15:14","slug":"jessica-burkinabe-girl-dakar","status":"publish","type":"product","link":"https:\/\/poccky.com\/index.php\/product\/jessica-burkinabe-girl-dakar\/","title":{"rendered":"Jessica \u2013 Burkinabe girl Dakar"},"content":{"rendered":"","protected":false},"excerpt":{"rendered":"<p>Bonjour ch\u00e9rie. bienvenue sur mon profil. J&#8217;esp\u00e8re que tout va bien et que tu pourras encore t&#8217;am\u00e9liorer. Je suis une nouvelle escorte chaude et douce.<\/p>\n<p>Dans mes programmes. je suis tr\u00e8s coquine. sexy. polie. chaude. amicale et tr\u00e8s affectueuse. Je sens toujours bon. Je fais tout pour te rendre fou de plaisir. Je fais du sexe anal. et fr\u00e9quente aussi des couples et des femmes. Orientation Heterosexual Height 170 cm \/ 5?7? Ethnicity  &#8211; Black Bust Large Age 23 Shaved  No  Smokes  ?No Hair Color  &#8211;  Black  Nationality  &#8211; Burkinabe Gender &#8211; Female    Place &#8211;   Dakar<br \/>\nSenegal Contact me  at : +221 7845 68804<\/p>\n","protected":false},"featured_media":60388,"comment_status":"open","ping_status":"closed","template":"","meta":{"site-sidebar-layout":"default","site-content-layout":"","ast-site-content-layout":"","site-content-style":"default","site-sidebar-style":"default","ast-global-header-display":"","ast-banner-title-visibility":"","ast-main-header-display":"","ast-hfb-above-header-display":"","ast-hfb-below-header-display":"","ast-hfb-mobile-header-display":"","site-post-title":"","ast-breadcrumbs-content":"","ast-featured-img":"","footer-sml-layout":"","theme-transparent-header-meta":"","adv-header-id-meta":"","stick-header-meta":"","header-above-stick-meta":"","header-main-stick-meta":"","header-below-stick-meta":"","astra-migrate-meta-layouts":"default","ast-page-background-enabled":"default","ast-page-background-meta":{"desktop":{"background-color":"var(--ast-global-color-4)","background-image":"","background-repeat":"repeat","background-position":"center center","background-size":"auto","background-attachment":"scroll","background-type":"","background-media":"","overlay-type":"","overlay-color":"","overlay-opacity":"","overlay-gradient":""},"tablet":{"background-color":"","background-image":"","background-repeat":"repeat","background-position":"center center","background-size":"auto","background-attachment":"scroll","background-type":"","background-media":"","overlay-type":"","overlay-color":"","overlay-opacity":"","overlay-gradient":""},"mobile":{"background-color":"","background-image":"","background-repeat":"repeat","background-position":"center center","background-size":"auto","background-attachment":"scroll","background-type":"","background-media":"","overlay-type":"","overlay-color":"","overlay-opacity":"","overlay-gradient":""}},"ast-content-background-meta":{"desktop":{"background-color":"var(--ast-global-color-5)","background-image":"","background-repeat":"repeat","background-position":"center center","background-size":"auto","background-attachment":"scroll","background-type":"","background-media":"","overlay-type":"","overlay-color":"","overlay-opacity":"","overlay-gradient":""},"tablet":{"background-color":"var(--ast-global-color-5)","background-image":"","background-repeat":"repeat","background-position":"center center","background-size":"auto","background-attachment":"scroll","background-type":"","background-media":"","overlay-type":"","overlay-color":"","overlay-opacity":"","overlay-gradient":""},"mobile":{"background-color":"var(--ast-global-color-5)","background-image":"","background-repeat":"repeat","background-position":"center center","background-size":"auto","background-attachment":"scroll","background-type":"","background-media":"","overlay-type":"","overlay-color":"","overlay-opacity":"","overlay-gradient":""}}},"product_brand":[],"product_cat":[1004,188,944],"product_tag":[],"class_list":{"0":"post-83456","1":"product","2":"type-product","3":"status-publish","4":"has-post-thumbnail","6":"product_cat-dakar","7":"product_cat-freelancer","8":"product_cat-senegal","9":"desktop-align-left","10":"tablet-align-left","11":"mobile-align-left","13":"first","14":"instock","15":"shipping-taxable","16":"product-type-simple"},"_links":{"self":[{"href":"https:\/\/poccky.com\/index.php\/wp-json\/wp\/v2\/product\/83456","targetHints":{"allow":["GET"]}}],"collection":[{"href":"https:\/\/poccky.com\/index.php\/wp-json\/wp\/v2\/product"}],"about":[{"href":"https:\/\/poccky.com\/index.php\/wp-json\/wp\/v2\/types\/product"}],"replies":[{"embeddable":true,"href":"https:\/\/poccky.com\/index.php\/wp-json\/wp\/v2\/comments?post=83456"}],"wp:featuredmedia":[{"embeddable":true,"href":"https:\/\/poccky.com\/index.php\/wp-json\/wp\/v2\/media\/60388"}],"wp:attachment":[{"href":"https:\/\/poccky.com\/index.php\/wp-json\/wp\/v2\/media?parent=83456"}],"wp:term":[{"taxonomy":"product_brand","embeddable":true,"href":"https:\/\/poccky.com\/index.php\/wp-json\/wp\/v2\/product_brand?post=83456"},{"taxonomy":"product_cat","embeddable":true,"href":"https:\/\/poccky.com\/index.php\/wp-json\/wp\/v2\/product_cat?post=83456"},{"taxonomy":"product_tag","embeddable":true,"href":"https:\/\/poccky.com\/index.php\/wp-json\/wp\/v2\/product_tag?post=83456"}],"curies":[{"name":"wp","href":"https:\/\/api.w.org\/{rel}","templated":true}]}}