{"id":83349,"date":"2023-10-16T17:09:20","date_gmt":"2023-10-16T17:09:20","guid":{"rendered":"https:\/\/poccky.com\/?post_type=product&#038;p=83349"},"modified":"2023-10-16T17:09:21","modified_gmt":"2023-10-16T17:09:21","slug":"harmonie-senegalese-girl-dakar","status":"publish","type":"product","link":"https:\/\/poccky.com\/index.php\/product\/harmonie-senegalese-girl-dakar\/","title":{"rendered":"Harmonie \u2013 Senegalese girl Dakar"},"content":{"rendered":"","protected":false},"excerpt":{"rendered":"<p>Je suis une fille incroyablement passionn\u00e9e et sexy qui ma\u00eetrise toutes les astuces possibles pour rendre un homme fou. Je suis tr\u00e8s sensible et appr\u00e9cie la tendresse et le respect dans toutes mes relations. c&#8217;est pourquoi je propose un vrai service GFE. Ne nous pr\u00e9cipitons pas car je veux aussi me faire plaisir. Toujours souriant et de bonne humeur. Je vous rencontrerai dans mon appartement propre et confortable. Je vous invite \u00e0 part Age r avec moi vos fantasmes les plus secrets. car je serai toujours \u00e0 l&#8217;\u00e9coute de vos envies et me ferai un plaisir de les r\u00e9aliser. Orientation Heterosexual Height 170 cm \/ 5?7? Ethnicity  &#8211; Black Bust Medium Age 23 Shaved  No  Smokes  ?No Hair Color  &#8211;  Black  Nationality  &#8211; Senegalese Gender &#8211; Female    Place &#8211;   Dakar<br \/>\nSenegal Contact me  at : +212 6 49 45 31 67<\/p>\n","protected":false},"featured_media":60174,"comment_status":"open","ping_status":"closed","template":"","meta":{"site-sidebar-layout":"default","site-content-layout":"","ast-site-content-layout":"","site-content-style":"default","site-sidebar-style":"default","ast-global-header-display":"","ast-banner-title-visibility":"","ast-main-header-display":"","ast-hfb-above-header-display":"","ast-hfb-below-header-display":"","ast-hfb-mobile-header-display":"","site-post-title":"","ast-breadcrumbs-content":"","ast-featured-img":"","footer-sml-layout":"","theme-transparent-header-meta":"","adv-header-id-meta":"","stick-header-meta":"","header-above-stick-meta":"","header-main-stick-meta":"","header-below-stick-meta":"","astra-migrate-meta-layouts":"default","ast-page-background-enabled":"default","ast-page-background-meta":{"desktop":{"background-color":"var(--ast-global-color-4)","background-image":"","background-repeat":"repeat","background-position":"center center","background-size":"auto","background-attachment":"scroll","background-type":"","background-media":"","overlay-type":"","overlay-color":"","overlay-opacity":"","overlay-gradient":""},"tablet":{"background-color":"","background-image":"","background-repeat":"repeat","background-position":"center center","background-size":"auto","background-attachment":"scroll","background-type":"","background-media":"","overlay-type":"","overlay-color":"","overlay-opacity":"","overlay-gradient":""},"mobile":{"background-color":"","background-image":"","background-repeat":"repeat","background-position":"center center","background-size":"auto","background-attachment":"scroll","background-type":"","background-media":"","overlay-type":"","overlay-color":"","overlay-opacity":"","overlay-gradient":""}},"ast-content-background-meta":{"desktop":{"background-color":"var(--ast-global-color-5)","background-image":"","background-repeat":"repeat","background-position":"center center","background-size":"auto","background-attachment":"scroll","background-type":"","background-media":"","overlay-type":"","overlay-color":"","overlay-opacity":"","overlay-gradient":""},"tablet":{"background-color":"var(--ast-global-color-5)","background-image":"","background-repeat":"repeat","background-position":"center center","background-size":"auto","background-attachment":"scroll","background-type":"","background-media":"","overlay-type":"","overlay-color":"","overlay-opacity":"","overlay-gradient":""},"mobile":{"background-color":"var(--ast-global-color-5)","background-image":"","background-repeat":"repeat","background-position":"center center","background-size":"auto","background-attachment":"scroll","background-type":"","background-media":"","overlay-type":"","overlay-color":"","overlay-opacity":"","overlay-gradient":""}}},"product_brand":[],"product_cat":[1004,188,944],"product_tag":[],"class_list":{"0":"post-83349","1":"product","2":"type-product","3":"status-publish","4":"has-post-thumbnail","6":"product_cat-dakar","7":"product_cat-freelancer","8":"product_cat-senegal","9":"desktop-align-left","10":"tablet-align-left","11":"mobile-align-left","13":"first","14":"instock","15":"shipping-taxable","16":"product-type-simple"},"_links":{"self":[{"href":"https:\/\/poccky.com\/index.php\/wp-json\/wp\/v2\/product\/83349","targetHints":{"allow":["GET"]}}],"collection":[{"href":"https:\/\/poccky.com\/index.php\/wp-json\/wp\/v2\/product"}],"about":[{"href":"https:\/\/poccky.com\/index.php\/wp-json\/wp\/v2\/types\/product"}],"replies":[{"embeddable":true,"href":"https:\/\/poccky.com\/index.php\/wp-json\/wp\/v2\/comments?post=83349"}],"wp:featuredmedia":[{"embeddable":true,"href":"https:\/\/poccky.com\/index.php\/wp-json\/wp\/v2\/media\/60174"}],"wp:attachment":[{"href":"https:\/\/poccky.com\/index.php\/wp-json\/wp\/v2\/media?parent=83349"}],"wp:term":[{"taxonomy":"product_brand","embeddable":true,"href":"https:\/\/poccky.com\/index.php\/wp-json\/wp\/v2\/product_brand?post=83349"},{"taxonomy":"product_cat","embeddable":true,"href":"https:\/\/poccky.com\/index.php\/wp-json\/wp\/v2\/product_cat?post=83349"},{"taxonomy":"product_tag","embeddable":true,"href":"https:\/\/poccky.com\/index.php\/wp-json\/wp\/v2\/product_tag?post=83349"}],"curies":[{"name":"wp","href":"https:\/\/api.w.org\/{rel}","templated":true}]}}