{"id":83340,"date":"2023-10-16T17:08:52","date_gmt":"2023-10-16T17:08:52","guid":{"rendered":"https:\/\/poccky.com\/?post_type=product&#038;p=83340"},"modified":"2023-10-16T17:08:53","modified_gmt":"2023-10-16T17:08:53","slug":"haneul-french-girl-cannes","status":"publish","type":"product","link":"https:\/\/poccky.com\/index.php\/product\/haneul-french-girl-cannes\/","title":{"rendered":"Haneul \u2013 French girl Cannes"},"content":{"rendered":"","protected":false},"excerpt":{"rendered":"<p>\u00c9tape pour prendre rendez-vous comme une personne respectable et non comme un animal ! Je ne vois personne qui est \u00e2g\u00e9 de moins de 28 ans et toute personne non respectueuse. vous parlez \u00e0 \u00eatre humain donc si vous voulez le respect il faut aussi le pratiquer. oui je vois les couples. les femmes et personne transgenre (en transition aussi).<\/p>\n<p>1. Rendez-vous uniquement sur Cannes. ce qui signifie que je ne re\u00e7ois pas. si o\u00f9 vous souhaitez me recevoir ne figure pas sur la liste. ne r\u00e9pondez pas car cela ne vous concerne pas : <\/p>\n<p>&#8211; Cannes centre : du suquet \u00e0 palm beach<br \/>\n&#8211; Boulevard Carnot<br \/>\n&#8211; Rocheville<br \/>\n&#8211; Riou<br \/>\n&#8211; Haute et basse californie<\/p>\n<p>2. Il n\u2019y a aucune n\u00e9gociation. donation fixe. si vous fessais moins de temps vous n\u2019aurait AUCUNE r\u00e9duction de temps\/donation. l\u2019hygi\u00e8ne et la ponctualit\u00e9 n\u2019est pas une option.<\/p>\n<p>Retard plus de 15 minutes factur\u00e9. qu\u2019importe si c\u2019est ce n\u2019est que 5 minutes de plus. veiller \u00e0 respecter le temps d\u2019autrui et \u00e0 pr\u00e9parer d\u2019avance si vous pensez avoir un retard.<\/p>\n<p>Le pr\u00e9servatif n\u2019est pas une option et NON n\u00e9gociable. veuillez en avoir. question d\u2019hygi\u00e8ne et respect de soi.<\/p>\n<p>Step to make an appointment as a respectable person and not as an animal! I don&#8217;t see anyone who is under 28 years old and anyone who is not respectful. you are talking to a human being so if you want respect you must also practice it. yes I see couples. women and trans Gender &#8211;  people (in transition too).<\/p>\n<p>1. I only do outcalls in Cannes. which means that I do not receive. if where you want to receive me is not on the list. do not contact because it does not concern you:<\/p>\n<p>&#8211; Downtown: from suquet to palm beach<\/p>\n<p>&#8211; Boulevard Carnot<\/p>\n<p>&#8211; Rocheville<\/p>\n<p>&#8211; Riou<\/p>\n<p>&#8211; Haute and basse Californie.<\/p>\n<p>2. There is no negotiation. fixed donation. if you spent less time you will have NO time\/donation reduction. hygiene and punctuality is not an option.<\/p>\n<p>Delay more than 15 minutes is charged. no matter if it&#8217;s only 5 minutes more. make sure to respect the time of others and prepare in advance if you think you have a delay.<\/p>\n<p>Condoms are not an option and NOT negotiable. please have some. basic hygiene and self-respect. Orientation Bisexual Height 173 cm \/ 5?8? Ethnicity  &#8211; Black Bust Large Age 23 Shaved  Yes  Smokes  ?Yes Hair Color  &#8211;  Black  Nationality  &#8211; French Gender &#8211; Female    Place &#8211;   Cannes<br \/>\nFrance Contact me  at : 331000000000<\/p>\n","protected":false},"featured_media":78373,"comment_status":"open","ping_status":"closed","template":"","meta":{"site-sidebar-layout":"default","site-content-layout":"","ast-site-content-layout":"","site-content-style":"default","site-sidebar-style":"default","ast-global-header-display":"","ast-banner-title-visibility":"","ast-main-header-display":"","ast-hfb-above-header-display":"","ast-hfb-below-header-display":"","ast-hfb-mobile-header-display":"","site-post-title":"","ast-breadcrumbs-content":"","ast-featured-img":"","footer-sml-layout":"","theme-transparent-header-meta":"","adv-header-id-meta":"","stick-header-meta":"","header-above-stick-meta":"","header-main-stick-meta":"","header-below-stick-meta":"","astra-migrate-meta-layouts":"default","ast-page-background-enabled":"default","ast-page-background-meta":{"desktop":{"background-color":"var(--ast-global-color-4)","background-image":"","background-repeat":"repeat","background-position":"center center","background-size":"auto","background-attachment":"scroll","background-type":"","background-media":"","overlay-type":"","overlay-color":"","overlay-opacity":"","overlay-gradient":""},"tablet":{"background-color":"","background-image":"","background-repeat":"repeat","background-position":"center center","background-size":"auto","background-attachment":"scroll","background-type":"","background-media":"","overlay-type":"","overlay-color":"","overlay-opacity":"","overlay-gradient":""},"mobile":{"background-color":"","background-image":"","background-repeat":"repeat","background-position":"center center","background-size":"auto","background-attachment":"scroll","background-type":"","background-media":"","overlay-type":"","overlay-color":"","overlay-opacity":"","overlay-gradient":""}},"ast-content-background-meta":{"desktop":{"background-color":"var(--ast-global-color-5)","background-image":"","background-repeat":"repeat","background-position":"center center","background-size":"auto","background-attachment":"scroll","background-type":"","background-media":"","overlay-type":"","overlay-color":"","overlay-opacity":"","overlay-gradient":""},"tablet":{"background-color":"var(--ast-global-color-5)","background-image":"","background-repeat":"repeat","background-position":"center center","background-size":"auto","background-attachment":"scroll","background-type":"","background-media":"","overlay-type":"","overlay-color":"","overlay-opacity":"","overlay-gradient":""},"mobile":{"background-color":"var(--ast-global-color-5)","background-image":"","background-repeat":"repeat","background-position":"center center","background-size":"auto","background-attachment":"scroll","background-type":"","background-media":"","overlay-type":"","overlay-color":"","overlay-opacity":"","overlay-gradient":""}}},"product_brand":[],"product_cat":[1022,244,188],"product_tag":[],"class_list":{"0":"post-83340","1":"product","2":"type-product","3":"status-publish","4":"has-post-thumbnail","6":"product_cat-cannes","7":"product_cat-france","8":"product_cat-freelancer","9":"desktop-align-left","10":"tablet-align-left","11":"mobile-align-left","13":"first","14":"instock","15":"shipping-taxable","16":"product-type-simple"},"_links":{"self":[{"href":"https:\/\/poccky.com\/index.php\/wp-json\/wp\/v2\/product\/83340","targetHints":{"allow":["GET"]}}],"collection":[{"href":"https:\/\/poccky.com\/index.php\/wp-json\/wp\/v2\/product"}],"about":[{"href":"https:\/\/poccky.com\/index.php\/wp-json\/wp\/v2\/types\/product"}],"replies":[{"embeddable":true,"href":"https:\/\/poccky.com\/index.php\/wp-json\/wp\/v2\/comments?post=83340"}],"wp:featuredmedia":[{"embeddable":true,"href":"https:\/\/poccky.com\/index.php\/wp-json\/wp\/v2\/media\/78373"}],"wp:attachment":[{"href":"https:\/\/poccky.com\/index.php\/wp-json\/wp\/v2\/media?parent=83340"}],"wp:term":[{"taxonomy":"product_brand","embeddable":true,"href":"https:\/\/poccky.com\/index.php\/wp-json\/wp\/v2\/product_brand?post=83340"},{"taxonomy":"product_cat","embeddable":true,"href":"https:\/\/poccky.com\/index.php\/wp-json\/wp\/v2\/product_cat?post=83340"},{"taxonomy":"product_tag","embeddable":true,"href":"https:\/\/poccky.com\/index.php\/wp-json\/wp\/v2\/product_tag?post=83340"}],"curies":[{"name":"wp","href":"https:\/\/api.w.org\/{rel}","templated":true}]}}