{"id":83255,"date":"2023-10-16T17:03:52","date_gmt":"2023-10-16T17:03:52","guid":{"rendered":"https:\/\/poccky.com\/?post_type=product&#038;p=83255"},"modified":"2023-10-16T17:03:54","modified_gmt":"2023-10-16T17:03:54","slug":"evelyn-private-apartment-full-sex-brazilian-girl-lisbon","status":"publish","type":"product","link":"https:\/\/poccky.com\/index.php\/product\/evelyn-private-apartment-full-sex-brazilian-girl-lisbon\/","title":{"rendered":"Evelyn Private apartment. full sex  \u2013 Brazilian girl Lisbon"},"content":{"rendered":"","protected":false},"excerpt":{"rendered":"<p>Hello. I&#8217;m Evelyn. Charming and affectionate.. . worked and refined body. Pure fire. I love seduction games. I&#8217;m sweet. tender. looking like a good girl but very sexual and perverted. I love being and dressing sexy and elegant. I really like meeting new people. traveling. learning other cultures. I like romantic encounters. passionate kisses and I stand out for attracting the attention of men and women with my sensuality and good energy. This is my magic. the one that generates meetings of those who are worth repeating.<\/p>\n<p>\u2014\u2014\u2014\u2014<\/p>\n<p>Bonjour. je suis Evelyn.  Charmant et affectueux.. corps travaill\u00e9 et raffin\u00e9.  Feu pur.  J&#8217;adore les jeux de s\u00e9duction.  Je suis douce. tendre. j&#8217;ai l&#8217;air d&#8217;une gentille fille mais tr\u00e8s sexuelle et perverse.  J&#8217;aime \u00eatre et m&#8217;habiller sexy et \u00e9l\u00e9gante.  J&#8217;aime vraiment rencontrer de nouvelles personnes. voy Age r. apprendre d&#8217;autres cultures.  J&#8217;aime les rencontres romantiques. les baisers passionn\u00e9s et je me distingue pour attirer l&#8217;attention des hommes et des femmes avec ma sensualit\u00e9 et ma bonne \u00e9nergie.  C&#8217;est ma magie. celle qui a engendr\u00e9 des rencontres de ceux qui valent la peine d&#8217;\u00eatre r\u00e9p\u00e9t\u00e9es. Orientation Bisexual Height 173 cm \/ 5?8? Ethnicity  &#8211; Latina Bust Large Age 26 Shaved  Yes  Smokes  ?No Hair Color  &#8211;  Black  Nationality  &#8211; Brazilian Gender &#8211; Female    Place &#8211;   Lisbon<br \/>\nPortugal Contact me  at : +351 92 030 1434<\/p>\n","protected":false},"featured_media":78918,"comment_status":"open","ping_status":"closed","template":"","meta":{"site-sidebar-layout":"default","site-content-layout":"","ast-site-content-layout":"","site-content-style":"default","site-sidebar-style":"default","ast-global-header-display":"","ast-banner-title-visibility":"","ast-main-header-display":"","ast-hfb-above-header-display":"","ast-hfb-below-header-display":"","ast-hfb-mobile-header-display":"","site-post-title":"","ast-breadcrumbs-content":"","ast-featured-img":"","footer-sml-layout":"","theme-transparent-header-meta":"","adv-header-id-meta":"","stick-header-meta":"","header-above-stick-meta":"","header-main-stick-meta":"","header-below-stick-meta":"","astra-migrate-meta-layouts":"default","ast-page-background-enabled":"default","ast-page-background-meta":{"desktop":{"background-color":"var(--ast-global-color-4)","background-image":"","background-repeat":"repeat","background-position":"center center","background-size":"auto","background-attachment":"scroll","background-type":"","background-media":"","overlay-type":"","overlay-color":"","overlay-opacity":"","overlay-gradient":""},"tablet":{"background-color":"","background-image":"","background-repeat":"repeat","background-position":"center center","background-size":"auto","background-attachment":"scroll","background-type":"","background-media":"","overlay-type":"","overlay-color":"","overlay-opacity":"","overlay-gradient":""},"mobile":{"background-color":"","background-image":"","background-repeat":"repeat","background-position":"center center","background-size":"auto","background-attachment":"scroll","background-type":"","background-media":"","overlay-type":"","overlay-color":"","overlay-opacity":"","overlay-gradient":""}},"ast-content-background-meta":{"desktop":{"background-color":"var(--ast-global-color-5)","background-image":"","background-repeat":"repeat","background-position":"center center","background-size":"auto","background-attachment":"scroll","background-type":"","background-media":"","overlay-type":"","overlay-color":"","overlay-opacity":"","overlay-gradient":""},"tablet":{"background-color":"var(--ast-global-color-5)","background-image":"","background-repeat":"repeat","background-position":"center center","background-size":"auto","background-attachment":"scroll","background-type":"","background-media":"","overlay-type":"","overlay-color":"","overlay-opacity":"","overlay-gradient":""},"mobile":{"background-color":"var(--ast-global-color-5)","background-image":"","background-repeat":"repeat","background-position":"center center","background-size":"auto","background-attachment":"scroll","background-type":"","background-media":"","overlay-type":"","overlay-color":"","overlay-opacity":"","overlay-gradient":""}}},"product_brand":[],"product_cat":[188,1018,937],"product_tag":[],"class_list":{"0":"post-83255","1":"product","2":"type-product","3":"status-publish","4":"has-post-thumbnail","6":"product_cat-freelancer","7":"product_cat-lisbon","8":"product_cat-portugal","9":"desktop-align-left","10":"tablet-align-left","11":"mobile-align-left","13":"first","14":"instock","15":"shipping-taxable","16":"product-type-simple"},"_links":{"self":[{"href":"https:\/\/poccky.com\/index.php\/wp-json\/wp\/v2\/product\/83255","targetHints":{"allow":["GET"]}}],"collection":[{"href":"https:\/\/poccky.com\/index.php\/wp-json\/wp\/v2\/product"}],"about":[{"href":"https:\/\/poccky.com\/index.php\/wp-json\/wp\/v2\/types\/product"}],"replies":[{"embeddable":true,"href":"https:\/\/poccky.com\/index.php\/wp-json\/wp\/v2\/comments?post=83255"}],"wp:featuredmedia":[{"embeddable":true,"href":"https:\/\/poccky.com\/index.php\/wp-json\/wp\/v2\/media\/78918"}],"wp:attachment":[{"href":"https:\/\/poccky.com\/index.php\/wp-json\/wp\/v2\/media?parent=83255"}],"wp:term":[{"taxonomy":"product_brand","embeddable":true,"href":"https:\/\/poccky.com\/index.php\/wp-json\/wp\/v2\/product_brand?post=83255"},{"taxonomy":"product_cat","embeddable":true,"href":"https:\/\/poccky.com\/index.php\/wp-json\/wp\/v2\/product_cat?post=83255"},{"taxonomy":"product_tag","embeddable":true,"href":"https:\/\/poccky.com\/index.php\/wp-json\/wp\/v2\/product_tag?post=83255"}],"curies":[{"name":"wp","href":"https:\/\/api.w.org\/{rel}","templated":true}]}}