{"id":83246,"date":"2023-10-16T17:03:22","date_gmt":"2023-10-16T17:03:22","guid":{"rendered":"https:\/\/poccky.com\/?post_type=product&#038;p=83246"},"modified":"2023-10-26T15:02:14","modified_gmt":"2023-10-26T15:02:14","slug":"eva-colombian-girl-bogota","status":"publish","type":"product","link":"https:\/\/poccky.com\/index.php\/product\/eva-colombian-girl-bogota\/","title":{"rendered":"Eva \u2013 Colombian girl Bogot\u00e1"},"content":{"rendered":"","protected":false},"excerpt":{"rendered":"<p>*Hello. my love. my name is Eva. a beautiful erotic escort who will offer you the best treatment and the complete pack Age . where I will give you a body-to-body mass Age . kisses. all the poses you want. caresses. girlfriend treatment. <\/p>\n<p>*Hola amores. me llamo Eva. una preciosa escort er\u00f3tica que te ofrecer\u00e1 el mejor trato y el paquete completo. Te dar\u00e9 un masaje cuerpo a cuerpo. besos. todas las poses que quieras. caricias. tratamiento tipo novia. Orientation Bisexual Height 165 cm \/ 5?5? Ethnicity  &#8211; Latina Bust Medium Age 23 Shaved  Yes  Smokes  ?No Hair Color  &#8211;  Black  Nationality  &#8211; Colombian Gender &#8211; Female    Place &#8211;   Bogot\u00e1<br \/>\nColombia Contact me  at : +57 310 303 2940<\/p>\n","protected":false},"featured_media":78956,"comment_status":"open","ping_status":"closed","template":"","meta":{"site-sidebar-layout":"default","site-content-layout":"","ast-site-content-layout":"","site-content-style":"default","site-sidebar-style":"default","ast-global-header-display":"","ast-banner-title-visibility":"","ast-main-header-display":"","ast-hfb-above-header-display":"","ast-hfb-below-header-display":"","ast-hfb-mobile-header-display":"","site-post-title":"","ast-breadcrumbs-content":"","ast-featured-img":"","footer-sml-layout":"","theme-transparent-header-meta":"","adv-header-id-meta":"","stick-header-meta":"","header-above-stick-meta":"","header-main-stick-meta":"","header-below-stick-meta":"","astra-migrate-meta-layouts":"default","ast-page-background-enabled":"default","ast-page-background-meta":{"desktop":{"background-color":"var(--ast-global-color-4)","background-image":"","background-repeat":"repeat","background-position":"center center","background-size":"auto","background-attachment":"scroll","background-type":"","background-media":"","overlay-type":"","overlay-color":"","overlay-opacity":"","overlay-gradient":""},"tablet":{"background-color":"","background-image":"","background-repeat":"repeat","background-position":"center center","background-size":"auto","background-attachment":"scroll","background-type":"","background-media":"","overlay-type":"","overlay-color":"","overlay-opacity":"","overlay-gradient":""},"mobile":{"background-color":"","background-image":"","background-repeat":"repeat","background-position":"center center","background-size":"auto","background-attachment":"scroll","background-type":"","background-media":"","overlay-type":"","overlay-color":"","overlay-opacity":"","overlay-gradient":""}},"ast-content-background-meta":{"desktop":{"background-color":"var(--ast-global-color-5)","background-image":"","background-repeat":"repeat","background-position":"center center","background-size":"auto","background-attachment":"scroll","background-type":"","background-media":"","overlay-type":"","overlay-color":"","overlay-opacity":"","overlay-gradient":""},"tablet":{"background-color":"var(--ast-global-color-5)","background-image":"","background-repeat":"repeat","background-position":"center center","background-size":"auto","background-attachment":"scroll","background-type":"","background-media":"","overlay-type":"","overlay-color":"","overlay-opacity":"","overlay-gradient":""},"mobile":{"background-color":"var(--ast-global-color-5)","background-image":"","background-repeat":"repeat","background-position":"center center","background-size":"auto","background-attachment":"scroll","background-type":"","background-media":"","overlay-type":"","overlay-color":"","overlay-opacity":"","overlay-gradient":""}}},"product_brand":[],"product_cat":[1017,418,188],"product_tag":[],"class_list":{"0":"post-83246","1":"product","2":"type-product","3":"status-publish","4":"has-post-thumbnail","6":"product_cat-bogota","7":"product_cat-colombia","8":"product_cat-freelancer","9":"desktop-align-left","10":"tablet-align-left","11":"mobile-align-left","13":"first","14":"instock","15":"shipping-taxable","16":"product-type-simple"},"_links":{"self":[{"href":"https:\/\/poccky.com\/index.php\/wp-json\/wp\/v2\/product\/83246","targetHints":{"allow":["GET"]}}],"collection":[{"href":"https:\/\/poccky.com\/index.php\/wp-json\/wp\/v2\/product"}],"about":[{"href":"https:\/\/poccky.com\/index.php\/wp-json\/wp\/v2\/types\/product"}],"replies":[{"embeddable":true,"href":"https:\/\/poccky.com\/index.php\/wp-json\/wp\/v2\/comments?post=83246"}],"wp:featuredmedia":[{"embeddable":true,"href":"https:\/\/poccky.com\/index.php\/wp-json\/wp\/v2\/media\/78956"}],"wp:attachment":[{"href":"https:\/\/poccky.com\/index.php\/wp-json\/wp\/v2\/media?parent=83246"}],"wp:term":[{"taxonomy":"product_brand","embeddable":true,"href":"https:\/\/poccky.com\/index.php\/wp-json\/wp\/v2\/product_brand?post=83246"},{"taxonomy":"product_cat","embeddable":true,"href":"https:\/\/poccky.com\/index.php\/wp-json\/wp\/v2\/product_cat?post=83246"},{"taxonomy":"product_tag","embeddable":true,"href":"https:\/\/poccky.com\/index.php\/wp-json\/wp\/v2\/product_tag?post=83246"}],"curies":[{"name":"wp","href":"https:\/\/api.w.org\/{rel}","templated":true}]}}