{"id":83239,"date":"2023-10-16T17:03:02","date_gmt":"2023-10-16T17:03:02","guid":{"rendered":"https:\/\/poccky.com\/?post_type=product&#038;p=83239"},"modified":"2023-10-26T13:43:33","modified_gmt":"2023-10-26T13:43:33","slug":"eroticasbogota-colombian-girl-bogota","status":"publish","type":"product","link":"https:\/\/poccky.com\/index.php\/product\/eroticasbogota-colombian-girl-bogota\/","title":{"rendered":"Eroticasbogota \u2013 Colombian girl Bogot\u00e1"},"content":{"rendered":"","protected":false},"excerpt":{"rendered":"<p>The best VIP escort service in Colombia.<br \/>\nIf you live in Bogot\u00e1. Medell\u00edn or Cali or you are visiting and want to have a good time with beautiful women. we have the best escorts for you. with them you will not stop enjoying. We offer you the best service to find your escort in Bogot\u00e1 so that you can fulfill all the wishes you have in mind.<\/p>\n<p>We promise a service with a high level of confidentiality. trust and security so that you have the experience you deserve.<\/p>\n<p>The service consists of mass Age . kisses. caresses. Girlfriend Experience (GFE). oral and vaginal intercourse with a condom as many times as you wish during the requested time.<\/p>\n<p>So don&#8217;t think about it anymore and meet some of these girls. you just have to call us or write to us via Whatsapp. Telegram or Signal. We serve outcall in hotels. motels or apartments in the most exclusive areas of the Bogot\u00e1. Medell\u00edn. Cart Age na and Cali.<\/p>\n<p>El mejor servicio de escorts VIP en Colombia.<\/p>\n<p>Si vives en Bogot\u00e1. Medell\u00edn o Cali o est\u00e1s de visita y quieres pasar un buen rato con hermosas mujeres. tenemos las mejores escorts para ti. con ellas no parar\u00e1s de disfrutar. Te brindamos el mejor servicio para encontrar tu escort en Bogot\u00e1 para que puedas cumplir todos los deseos que tengas en mente.<\/p>\n<p>Prometemos un servicio con un alto nivel de confidencialidad. confianza y seguridad para que tengas la experiencia que te mereces.<\/p>\n<p>El servicio consta de besos. caricias. masaje. trato tipo novia (GFE). relaci\u00f3n oral y vaginal con preservativo las veces que desee durante el tiempo solicitado.<br \/>\nAs\u00ed que no lo pienses mas y conoce alguna de estas chicas. s\u00f3lo debes llamarnos o escribirnos v\u00eda Whatsapp. Telegram o Signal. Atendemos a domicilio en hoteles. moteles o apartamentos en los sectores m\u00e1s exclusivos de Bogot\u00e1. Medell\u00edn. Cart Age na y Cali. Orientation Bisexual Ethnicity  &#8211; Latina Bust Medium Age 20 Shaved  Yes  Smokes  ?No Hair Color  &#8211;  Other  Nationality  &#8211; Colombian Gender &#8211; Female    Place &#8211;   Bogot\u00e1<br \/>\nColombia Contact me  at : +57 315 330 4003<\/p>\n","protected":false},"featured_media":79026,"comment_status":"open","ping_status":"closed","template":"","meta":{"site-sidebar-layout":"default","site-content-layout":"","ast-site-content-layout":"","site-content-style":"default","site-sidebar-style":"default","ast-global-header-display":"","ast-banner-title-visibility":"","ast-main-header-display":"","ast-hfb-above-header-display":"","ast-hfb-below-header-display":"","ast-hfb-mobile-header-display":"","site-post-title":"","ast-breadcrumbs-content":"","ast-featured-img":"","footer-sml-layout":"","theme-transparent-header-meta":"","adv-header-id-meta":"","stick-header-meta":"","header-above-stick-meta":"","header-main-stick-meta":"","header-below-stick-meta":"","astra-migrate-meta-layouts":"default","ast-page-background-enabled":"default","ast-page-background-meta":{"desktop":{"background-color":"var(--ast-global-color-4)","background-image":"","background-repeat":"repeat","background-position":"center center","background-size":"auto","background-attachment":"scroll","background-type":"","background-media":"","overlay-type":"","overlay-color":"","overlay-opacity":"","overlay-gradient":""},"tablet":{"background-color":"","background-image":"","background-repeat":"repeat","background-position":"center center","background-size":"auto","background-attachment":"scroll","background-type":"","background-media":"","overlay-type":"","overlay-color":"","overlay-opacity":"","overlay-gradient":""},"mobile":{"background-color":"","background-image":"","background-repeat":"repeat","background-position":"center center","background-size":"auto","background-attachment":"scroll","background-type":"","background-media":"","overlay-type":"","overlay-color":"","overlay-opacity":"","overlay-gradient":""}},"ast-content-background-meta":{"desktop":{"background-color":"var(--ast-global-color-5)","background-image":"","background-repeat":"repeat","background-position":"center center","background-size":"auto","background-attachment":"scroll","background-type":"","background-media":"","overlay-type":"","overlay-color":"","overlay-opacity":"","overlay-gradient":""},"tablet":{"background-color":"var(--ast-global-color-5)","background-image":"","background-repeat":"repeat","background-position":"center center","background-size":"auto","background-attachment":"scroll","background-type":"","background-media":"","overlay-type":"","overlay-color":"","overlay-opacity":"","overlay-gradient":""},"mobile":{"background-color":"var(--ast-global-color-5)","background-image":"","background-repeat":"repeat","background-position":"center center","background-size":"auto","background-attachment":"scroll","background-type":"","background-media":"","overlay-type":"","overlay-color":"","overlay-opacity":"","overlay-gradient":""}}},"product_brand":[],"product_cat":[1017,418,188],"product_tag":[],"class_list":{"0":"post-83239","1":"product","2":"type-product","3":"status-publish","4":"has-post-thumbnail","6":"product_cat-bogota","7":"product_cat-colombia","8":"product_cat-freelancer","9":"desktop-align-left","10":"tablet-align-left","11":"mobile-align-left","13":"first","14":"instock","15":"shipping-taxable","16":"product-type-simple"},"_links":{"self":[{"href":"https:\/\/poccky.com\/index.php\/wp-json\/wp\/v2\/product\/83239","targetHints":{"allow":["GET"]}}],"collection":[{"href":"https:\/\/poccky.com\/index.php\/wp-json\/wp\/v2\/product"}],"about":[{"href":"https:\/\/poccky.com\/index.php\/wp-json\/wp\/v2\/types\/product"}],"replies":[{"embeddable":true,"href":"https:\/\/poccky.com\/index.php\/wp-json\/wp\/v2\/comments?post=83239"}],"wp:featuredmedia":[{"embeddable":true,"href":"https:\/\/poccky.com\/index.php\/wp-json\/wp\/v2\/media\/79026"}],"wp:attachment":[{"href":"https:\/\/poccky.com\/index.php\/wp-json\/wp\/v2\/media?parent=83239"}],"wp:term":[{"taxonomy":"product_brand","embeddable":true,"href":"https:\/\/poccky.com\/index.php\/wp-json\/wp\/v2\/product_brand?post=83239"},{"taxonomy":"product_cat","embeddable":true,"href":"https:\/\/poccky.com\/index.php\/wp-json\/wp\/v2\/product_cat?post=83239"},{"taxonomy":"product_tag","embeddable":true,"href":"https:\/\/poccky.com\/index.php\/wp-json\/wp\/v2\/product_tag?post=83239"}],"curies":[{"name":"wp","href":"https:\/\/api.w.org\/{rel}","templated":true}]}}