{"id":83223,"date":"2023-10-16T17:02:01","date_gmt":"2023-10-16T17:02:01","guid":{"rendered":"https:\/\/poccky.com\/?post_type=product&#038;p=83223"},"modified":"2023-10-16T17:02:04","modified_gmt":"2023-10-16T17:02:04","slug":"ema-full-service-in-kuwait-thai-girl-kuwait","status":"publish","type":"product","link":"https:\/\/poccky.com\/index.php\/product\/ema-full-service-in-kuwait-thai-girl-kuwait\/","title":{"rendered":"Ema Full Service in Kuwait \u2013 Thai girl Kuwait"},"content":{"rendered":"","protected":false},"excerpt":{"rendered":"<p>Hi t\u00ecnh y\u00eau c?a t\u00f4i!<br \/>\nT\u00ean t\u00f4i l\u00e0 ema T\u00f4i l\u00e0 m?t ng i m?u tr?. thanh l?ch v\u00e0 s?ch s?  n t? thailan. T\u00f4i c\u00f3 th? n\u00f3i ti?ng Anh.<br \/>\nC? th? c?a t\u00f4i l\u00e0 v?a v?n v\u00e0 g?i c?m. T\u00f4i 20 tu?i. r?t ch?nh t?. m\u00f3ng tay v\u00e0 m\u00f3ng ch\u00e2n c?a t\u00f4i l\u00fac n\u00e0o c?ng l\u00fd t ng. T\u00f4i  c bi?t ch\u00fa \u00fd  n c? th? c?a m\u00ecnh m?i ng\u00e0y.<br \/>\nT\u00f4i l\u00e0 m?t c\u00f4 g\u00e1i si\u00eau x\u00e3 h?i. th\u00edch vui v? v\u00e0 l\u00e0m cho m?i ng i c?m th?y tho?i m\u00e1i khi ? ?\u00f3. T\u00f4i c?ng r?t c?i m? trong chuy?n ch?n g?i. v\u00e0 t\u00f4i th\u00edch tr?i nghi?m nh?ng c?m gi\u00e1c m?i.<br \/>\nEm c\u00f3 th? l\u00e0 ng i b?n g\u00e1i g?i c?m v\u00e0 tinh ngh?ch nh?t m\u00e0 anh h?ng m?  c. T\u00f4i th\u00edch qu\u00e1 nhi?u ng i t?t. nh?ng ng i c\u00f3 th? s?ng v?i t ng t ng cao h?n c?a h? v?i t\u00f4i.<br \/>\nL?a ch?n t\u00f4i s? l\u00e0 l?a ch?n ngh? d ng tuy?t v?i nh?t m\u00e0 b?n t?ng c\u00f3 trong  i.<br \/>\nT\u00f4i th\u00edch d\u00e0nh th?i gian v\u00e0 cho ni?m vui t?t nh?t. t\u00f4i th\u00edch th?y r?ng ng i trong c\u00f4ng ty t\u00f4i c?m th?y nh? m?t v? vua.<br \/>\nNh\u00ecn th?y em trong th\u00e2n h\u00ecnh n\u00f3ng b?ng ?\u00e1ng y\u00eau c?a t\u00f4i ? Orientation Heterosexual Height 165 cm \/ 5?5? Ethnicity  &#8211; Asian Bust Medium Age 20 Shaved  Yes  Smokes  ?No Hair Color  &#8211;  Black  Nationality  &#8211; Thai Gender &#8211; Female    Place &#8211;   Kuwait Contact me  at : +965 6651 6374<\/p>\n","protected":false},"featured_media":79162,"comment_status":"open","ping_status":"closed","template":"","meta":{"site-sidebar-layout":"default","site-content-layout":"","ast-site-content-layout":"","site-content-style":"default","site-sidebar-style":"default","ast-global-header-display":"","ast-banner-title-visibility":"","ast-main-header-display":"","ast-hfb-above-header-display":"","ast-hfb-below-header-display":"","ast-hfb-mobile-header-display":"","site-post-title":"","ast-breadcrumbs-content":"","ast-featured-img":"","footer-sml-layout":"","theme-transparent-header-meta":"","adv-header-id-meta":"","stick-header-meta":"","header-above-stick-meta":"","header-main-stick-meta":"","header-below-stick-meta":"","astra-migrate-meta-layouts":"default","ast-page-background-enabled":"default","ast-page-background-meta":{"desktop":{"background-color":"var(--ast-global-color-4)","background-image":"","background-repeat":"repeat","background-position":"center center","background-size":"auto","background-attachment":"scroll","background-type":"","background-media":"","overlay-type":"","overlay-color":"","overlay-opacity":"","overlay-gradient":""},"tablet":{"background-color":"","background-image":"","background-repeat":"repeat","background-position":"center center","background-size":"auto","background-attachment":"scroll","background-type":"","background-media":"","overlay-type":"","overlay-color":"","overlay-opacity":"","overlay-gradient":""},"mobile":{"background-color":"","background-image":"","background-repeat":"repeat","background-position":"center center","background-size":"auto","background-attachment":"scroll","background-type":"","background-media":"","overlay-type":"","overlay-color":"","overlay-opacity":"","overlay-gradient":""}},"ast-content-background-meta":{"desktop":{"background-color":"var(--ast-global-color-5)","background-image":"","background-repeat":"repeat","background-position":"center center","background-size":"auto","background-attachment":"scroll","background-type":"","background-media":"","overlay-type":"","overlay-color":"","overlay-opacity":"","overlay-gradient":""},"tablet":{"background-color":"var(--ast-global-color-5)","background-image":"","background-repeat":"repeat","background-position":"center center","background-size":"auto","background-attachment":"scroll","background-type":"","background-media":"","overlay-type":"","overlay-color":"","overlay-opacity":"","overlay-gradient":""},"mobile":{"background-color":"var(--ast-global-color-5)","background-image":"","background-repeat":"repeat","background-position":"center center","background-size":"auto","background-attachment":"scroll","background-type":"","background-media":"","overlay-type":"","overlay-color":"","overlay-opacity":"","overlay-gradient":""}}},"product_brand":[],"product_cat":[188,419,1010],"product_tag":[],"class_list":{"0":"post-83223","1":"product","2":"type-product","3":"status-publish","4":"has-post-thumbnail","6":"product_cat-freelancer","7":"product_cat-kuwait","8":"product_cat-kuwait-city","9":"desktop-align-left","10":"tablet-align-left","11":"mobile-align-left","13":"first","14":"instock","15":"shipping-taxable","16":"product-type-simple"},"_links":{"self":[{"href":"https:\/\/poccky.com\/index.php\/wp-json\/wp\/v2\/product\/83223","targetHints":{"allow":["GET"]}}],"collection":[{"href":"https:\/\/poccky.com\/index.php\/wp-json\/wp\/v2\/product"}],"about":[{"href":"https:\/\/poccky.com\/index.php\/wp-json\/wp\/v2\/types\/product"}],"replies":[{"embeddable":true,"href":"https:\/\/poccky.com\/index.php\/wp-json\/wp\/v2\/comments?post=83223"}],"wp:featuredmedia":[{"embeddable":true,"href":"https:\/\/poccky.com\/index.php\/wp-json\/wp\/v2\/media\/79162"}],"wp:attachment":[{"href":"https:\/\/poccky.com\/index.php\/wp-json\/wp\/v2\/media?parent=83223"}],"wp:term":[{"taxonomy":"product_brand","embeddable":true,"href":"https:\/\/poccky.com\/index.php\/wp-json\/wp\/v2\/product_brand?post=83223"},{"taxonomy":"product_cat","embeddable":true,"href":"https:\/\/poccky.com\/index.php\/wp-json\/wp\/v2\/product_cat?post=83223"},{"taxonomy":"product_tag","embeddable":true,"href":"https:\/\/poccky.com\/index.php\/wp-json\/wp\/v2\/product_tag?post=83223"}],"curies":[{"name":"wp","href":"https:\/\/api.w.org\/{rel}","templated":true}]}}