{"id":83143,"date":"2023-10-16T16:57:16","date_gmt":"2023-10-16T16:57:16","guid":{"rendered":"https:\/\/poccky.com\/?post_type=product&#038;p=83143"},"modified":"2023-10-26T10:39:45","modified_gmt":"2023-10-26T10:39:45","slug":"danna-eroticas-bogota-colombian-girl-bogota","status":"publish","type":"product","link":"https:\/\/poccky.com\/index.php\/product\/danna-eroticas-bogota-colombian-girl-bogota\/","title":{"rendered":"Danna Eroticas Bogot\u00e1 \u2013 Colombian girl Bogot\u00e1"},"content":{"rendered":"","protected":false},"excerpt":{"rendered":"<p>DANNA is undoubtedly a luxury escort. make no mistake. In fact. she joined the  Age ncy as one of our highest rated girls in the VIP escort category. These are the professionals who really know how to entertain at a higher level and beyond. She offers a wonderful service. and we are already hearing great things about her.<br \/>\nAs you can see. DANNA has impeccable natural beauty and a very well proportioned and toned physique. There is nothing not to like about this beautiful lady.<br \/>\nDANNA is part of the Eroticas  Age ncy. don&#8217;t waste any more time and meet this beautiful escort in your     Place &#8211;   . you just have to call or write by WhatsApp. Telegram or Signal.<br \/>\nThe service is only at home in hotels. motels or apartments in the most exclusive sectors of the     Place &#8211;   .<\/p>\n<p>________<\/p>\n<p>DANNA es sin duda una escort de lujo. no te equivoques. De hecho. se uni\u00f3 a la  Age ncia como una de nuestras chicas de m\u00e1s alto nivel en la categor\u00eda de acompa\u00f1antes VIP. Estas son los profesionales que realmente saben c\u00f3mo entretener a un nivel superior y m\u00e1s all\u00e1. Ofrece un servicio maravilloso. y ya estamos escuchando grandes cosas sobre ella.<br \/>\nComo puedes ver. DANNA tiene una belleza natural impecable y un f\u00edsico muy bien proporcionado y tonificado. No hay nada que no nos guste de esta hermosa dama.<br \/>\nDANNA hace parte de la  Age ncia Er\u00f3ticas. no pierdas m\u00e1s el tiempo y conoce a esta hermosa escort en tu ciudad. s\u00f3lo debes llamar o escribir por WhatsApp. Telegram o Signal.<br \/>\nEl servicio es \u00fanicamente a domicilio en hoteles. moteles o apartamentos en los sectores m\u00e1s exclusivos de la ciudad. Orientation Bisexual Height 162 cm \/ 5?4? Ethnicity  &#8211; White Bust Medium Age 20 Shaved  Yes  Smokes  ?No Hair Color  &#8211;  Black  Nationality  &#8211; Colombian Gender &#8211; Female    Place &#8211;   Bogot\u00e1<br \/>\nColombia Contact me  at : +57 315 330 4003<\/p>\n","protected":false},"featured_media":68229,"comment_status":"open","ping_status":"closed","template":"","meta":{"site-sidebar-layout":"default","site-content-layout":"","ast-site-content-layout":"","site-content-style":"default","site-sidebar-style":"default","ast-global-header-display":"","ast-banner-title-visibility":"","ast-main-header-display":"","ast-hfb-above-header-display":"","ast-hfb-below-header-display":"","ast-hfb-mobile-header-display":"","site-post-title":"","ast-breadcrumbs-content":"","ast-featured-img":"","footer-sml-layout":"","theme-transparent-header-meta":"","adv-header-id-meta":"","stick-header-meta":"","header-above-stick-meta":"","header-main-stick-meta":"","header-below-stick-meta":"","astra-migrate-meta-layouts":"default","ast-page-background-enabled":"default","ast-page-background-meta":{"desktop":{"background-color":"var(--ast-global-color-4)","background-image":"","background-repeat":"repeat","background-position":"center center","background-size":"auto","background-attachment":"scroll","background-type":"","background-media":"","overlay-type":"","overlay-color":"","overlay-opacity":"","overlay-gradient":""},"tablet":{"background-color":"","background-image":"","background-repeat":"repeat","background-position":"center center","background-size":"auto","background-attachment":"scroll","background-type":"","background-media":"","overlay-type":"","overlay-color":"","overlay-opacity":"","overlay-gradient":""},"mobile":{"background-color":"","background-image":"","background-repeat":"repeat","background-position":"center center","background-size":"auto","background-attachment":"scroll","background-type":"","background-media":"","overlay-type":"","overlay-color":"","overlay-opacity":"","overlay-gradient":""}},"ast-content-background-meta":{"desktop":{"background-color":"var(--ast-global-color-5)","background-image":"","background-repeat":"repeat","background-position":"center center","background-size":"auto","background-attachment":"scroll","background-type":"","background-media":"","overlay-type":"","overlay-color":"","overlay-opacity":"","overlay-gradient":""},"tablet":{"background-color":"var(--ast-global-color-5)","background-image":"","background-repeat":"repeat","background-position":"center center","background-size":"auto","background-attachment":"scroll","background-type":"","background-media":"","overlay-type":"","overlay-color":"","overlay-opacity":"","overlay-gradient":""},"mobile":{"background-color":"var(--ast-global-color-5)","background-image":"","background-repeat":"repeat","background-position":"center center","background-size":"auto","background-attachment":"scroll","background-type":"","background-media":"","overlay-type":"","overlay-color":"","overlay-opacity":"","overlay-gradient":""}}},"product_brand":[],"product_cat":[1017,418,188],"product_tag":[],"class_list":{"0":"post-83143","1":"product","2":"type-product","3":"status-publish","4":"has-post-thumbnail","6":"product_cat-bogota","7":"product_cat-colombia","8":"product_cat-freelancer","9":"desktop-align-left","10":"tablet-align-left","11":"mobile-align-left","13":"first","14":"instock","15":"shipping-taxable","16":"product-type-simple"},"_links":{"self":[{"href":"https:\/\/poccky.com\/index.php\/wp-json\/wp\/v2\/product\/83143","targetHints":{"allow":["GET"]}}],"collection":[{"href":"https:\/\/poccky.com\/index.php\/wp-json\/wp\/v2\/product"}],"about":[{"href":"https:\/\/poccky.com\/index.php\/wp-json\/wp\/v2\/types\/product"}],"replies":[{"embeddable":true,"href":"https:\/\/poccky.com\/index.php\/wp-json\/wp\/v2\/comments?post=83143"}],"wp:featuredmedia":[{"embeddable":true,"href":"https:\/\/poccky.com\/index.php\/wp-json\/wp\/v2\/media\/68229"}],"wp:attachment":[{"href":"https:\/\/poccky.com\/index.php\/wp-json\/wp\/v2\/media?parent=83143"}],"wp:term":[{"taxonomy":"product_brand","embeddable":true,"href":"https:\/\/poccky.com\/index.php\/wp-json\/wp\/v2\/product_brand?post=83143"},{"taxonomy":"product_cat","embeddable":true,"href":"https:\/\/poccky.com\/index.php\/wp-json\/wp\/v2\/product_cat?post=83143"},{"taxonomy":"product_tag","embeddable":true,"href":"https:\/\/poccky.com\/index.php\/wp-json\/wp\/v2\/product_tag?post=83143"}],"curies":[{"name":"wp","href":"https:\/\/api.w.org\/{rel}","templated":true}]}}