{"id":83139,"date":"2023-10-16T16:57:04","date_gmt":"2023-10-16T16:57:04","guid":{"rendered":"https:\/\/poccky.com\/?post_type=product&#038;p=83139"},"modified":"2023-10-16T16:57:06","modified_gmt":"2023-10-16T16:57:06","slug":"daniela-french-girl-pau","status":"publish","type":"product","link":"https:\/\/poccky.com\/index.php\/product\/daniela-french-girl-pau\/","title":{"rendered":"Daniela \u2013 French girl Pau"},"content":{"rendered":"","protected":false},"excerpt":{"rendered":"<p>Mes Amours. je suis Daniela. je suis une belle Escorte blond tr\u00e8s charmante. Une belle tigresse. chaud et sensuelle. J\u2019invite les gentlemans avenir passer un moment inoubliable en ma compagnie. un moment intime et relaxant. Je re\u00e7ois dans ma gar\u00e7onni\u00e8re chemin\u00e9e et je me d\u00e9   Place &#8211;   . Je cherche toujours \u00e0 plaire et \u00e0 ne jamais d\u00e9cevoir ! Une fois que vous me rencontrerez et passerez du temps. vous supplierez de revenir pour plus! Mes photos sont 100% r\u00e9elles et r\u00e9centes.<br \/>\nDisponible uniquement sur telegram et Viber sur mon num\u00e9ro<br \/>\nMon Telegram: Ladys_Danie<\/p>\n<p>Si je ne vous r\u00e9pond pas de suite. merci d&#8217;\u00eatre compr\u00e9hensif et de ne pas insister. je suis certainement occup\u00e9e. je vous recontacterai au plus vite.<br \/>\nP.S : Merci d&#8217;\u00e9viter mes romans lors de vos mess Age s et d&#8217;aller droit au but.<br \/>\nMerci Orientation Heterosexual Height 169 cm \/ 5?7? Ethnicity  &#8211; Asian Bust Medium Age 26 Shaved  Partially  Smokes  ?No Hair Color  &#8211;  Blonde  Nationality  &#8211; French Gender &#8211; Female    Place &#8211;   Pau<br \/>\nFrance Contact me  at : 331000000000<\/p>\n","protected":false},"featured_media":59435,"comment_status":"open","ping_status":"closed","template":"","meta":{"site-sidebar-layout":"default","site-content-layout":"","ast-site-content-layout":"","site-content-style":"default","site-sidebar-style":"default","ast-global-header-display":"","ast-banner-title-visibility":"","ast-main-header-display":"","ast-hfb-above-header-display":"","ast-hfb-below-header-display":"","ast-hfb-mobile-header-display":"","site-post-title":"","ast-breadcrumbs-content":"","ast-featured-img":"","footer-sml-layout":"","theme-transparent-header-meta":"","adv-header-id-meta":"","stick-header-meta":"","header-above-stick-meta":"","header-main-stick-meta":"","header-below-stick-meta":"","astra-migrate-meta-layouts":"default","ast-page-background-enabled":"default","ast-page-background-meta":{"desktop":{"background-color":"var(--ast-global-color-4)","background-image":"","background-repeat":"repeat","background-position":"center center","background-size":"auto","background-attachment":"scroll","background-type":"","background-media":"","overlay-type":"","overlay-color":"","overlay-opacity":"","overlay-gradient":""},"tablet":{"background-color":"","background-image":"","background-repeat":"repeat","background-position":"center center","background-size":"auto","background-attachment":"scroll","background-type":"","background-media":"","overlay-type":"","overlay-color":"","overlay-opacity":"","overlay-gradient":""},"mobile":{"background-color":"","background-image":"","background-repeat":"repeat","background-position":"center center","background-size":"auto","background-attachment":"scroll","background-type":"","background-media":"","overlay-type":"","overlay-color":"","overlay-opacity":"","overlay-gradient":""}},"ast-content-background-meta":{"desktop":{"background-color":"var(--ast-global-color-5)","background-image":"","background-repeat":"repeat","background-position":"center center","background-size":"auto","background-attachment":"scroll","background-type":"","background-media":"","overlay-type":"","overlay-color":"","overlay-opacity":"","overlay-gradient":""},"tablet":{"background-color":"var(--ast-global-color-5)","background-image":"","background-repeat":"repeat","background-position":"center center","background-size":"auto","background-attachment":"scroll","background-type":"","background-media":"","overlay-type":"","overlay-color":"","overlay-opacity":"","overlay-gradient":""},"mobile":{"background-color":"var(--ast-global-color-5)","background-image":"","background-repeat":"repeat","background-position":"center center","background-size":"auto","background-attachment":"scroll","background-type":"","background-media":"","overlay-type":"","overlay-color":"","overlay-opacity":"","overlay-gradient":""}}},"product_brand":[],"product_cat":[244,188,1000],"product_tag":[],"class_list":{"0":"post-83139","1":"product","2":"type-product","3":"status-publish","4":"has-post-thumbnail","6":"product_cat-france","7":"product_cat-freelancer","8":"product_cat-pau","9":"desktop-align-left","10":"tablet-align-left","11":"mobile-align-left","13":"first","14":"instock","15":"shipping-taxable","16":"product-type-simple"},"_links":{"self":[{"href":"https:\/\/poccky.com\/index.php\/wp-json\/wp\/v2\/product\/83139","targetHints":{"allow":["GET"]}}],"collection":[{"href":"https:\/\/poccky.com\/index.php\/wp-json\/wp\/v2\/product"}],"about":[{"href":"https:\/\/poccky.com\/index.php\/wp-json\/wp\/v2\/types\/product"}],"replies":[{"embeddable":true,"href":"https:\/\/poccky.com\/index.php\/wp-json\/wp\/v2\/comments?post=83139"}],"wp:featuredmedia":[{"embeddable":true,"href":"https:\/\/poccky.com\/index.php\/wp-json\/wp\/v2\/media\/59435"}],"wp:attachment":[{"href":"https:\/\/poccky.com\/index.php\/wp-json\/wp\/v2\/media?parent=83139"}],"wp:term":[{"taxonomy":"product_brand","embeddable":true,"href":"https:\/\/poccky.com\/index.php\/wp-json\/wp\/v2\/product_brand?post=83139"},{"taxonomy":"product_cat","embeddable":true,"href":"https:\/\/poccky.com\/index.php\/wp-json\/wp\/v2\/product_cat?post=83139"},{"taxonomy":"product_tag","embeddable":true,"href":"https:\/\/poccky.com\/index.php\/wp-json\/wp\/v2\/product_tag?post=83139"}],"curies":[{"name":"wp","href":"https:\/\/api.w.org\/{rel}","templated":true}]}}