{"id":83122,"date":"2023-10-16T16:56:05","date_gmt":"2023-10-16T16:56:05","guid":{"rendered":"https:\/\/poccky.com\/?post_type=product&#038;p=83122"},"modified":"2023-10-16T16:56:23","modified_gmt":"2023-10-16T16:56:23","slug":"cris-sex-coach-sodomie-mass-age-spanish-girl-geneva","status":"publish","type":"product","link":"https:\/\/poccky.com\/index.php\/product\/cris-sex-coach-sodomie-mass-age-spanish-girl-geneva\/","title":{"rendered":"Cris Sex Coach Sodomie Mass Age  \u2013 Spanish girl Geneva"},"content":{"rendered":"","protected":false},"excerpt":{"rendered":"<p>Bonjour. je suis Cristina. je suis n\u00e9e \u00e0 Madrid en 1973.  Je suis une femme bisexualle polygame. nu. naturaliste et lib\u00e9ral.<br \/>\nJe suis une Life Sex Coach.  J\u2019enseigne. aide et motive les couples et \/ ou les femmes c\u00e9libataires \u00e0 avoir une vie sexuelle satisfaisante et \u00e9panouissante. Apprenez \u00e0 profiter le plus possible du sexe.<\/p>\n<p>Je suis dans le secteur de la sexualit\u00e9 depuis 12 ans et j\u2019ai observ\u00e9 que le monde des couples manque de bonnes relations sexuelles. Comment aussi une femme c\u00e9libataire d\u2019\u00e2ge avanc\u00e9.<\/p>\n<p>Mon travail est d\u2019apprendre \u00e0 avoir de bons orgasmes. en couple ou individuellement. Pour communiquer aux couples au lit. Pour r\u00e9soudre les doutes sur le sexe.<\/p>\n<p>Je suis aussi une Escorte Mature Ind\u00e9pendante que  vous pouvez me trouver \u00e0 Geneve 1204.<\/p>\n<p>Je suis parfaitement bisexuelle. Mes services sont indiff\u00e9remment pour les hommes. femmes. couples. Trans. Gays. Bi. polyamoureux.<\/p>\n<p>Si vous cherchez un moment de d\u00e9tente sans h\u00e2te. je peux \u00eatre votre sex amie. Je suis une personne \u00e9duqu\u00e9e et discr\u00e8te. J\u2019aime l\u2019hygi\u00e8ne et l\u2019\u00e9ducation.<\/p>\n<p>J\u2019adore mon travail et je l\u2019appr\u00e9cie beaucoup. Je comprends que c\u2019est un moment agr\u00e9able. de d\u00e9tente et de d\u00e9connexion. Je ne pr\u00e9juge pas et je suis assez ouverte d\u2019esprit.<\/p>\n<p>Attrayante. joyeuse. souriante. diff\u00e9rente. sp\u00e9ciale.<\/p>\n<p>Corps spectaculaire \u00e0 mon \u00e2ge!<\/p>\n<p>Je vous offre d\u00e9tente. plaisir. confidentialit\u00e9. savoir-\u00eatre. bonne conversation. bon sexe et peut-\u00eatre bon mass Age .<\/p>\n<p>F\u00e9minine. \u00e9duqu\u00e9e. d\u00e9contract\u00e9e et habill\u00e9e avec la plus grande discr\u00e9tion.<\/p>\n<p>Je suis aussi une mannequine nu artisitique et \u00e9rotique. Je fais de collaboration avec tous ceux qui veulent prendre des photos avec son appareil photo.  Et je peux les publier sur mon site Web.<\/p>\n<p>Je pense que normaliser la nudit\u00e9 aide \u00e0 normaliser la sexualit\u00e9.<\/p>\n<p>Aussi. vous \u00eates invit\u00e9s \u00e0 faire partie de la Communaut\u00e9 de Sexualdiad o\u00f9 nous nous r\u00e9unissons une fois par mois pour parler de sexe. Des doutes. des questions. des anecdotes. tout ce qui touche \u00e0 la sexualit\u00e9. Vous pouvez vous inscrire \u00e0 ce lien.<\/p>\n<p>meetup.com\/es-ES\/Grupo-de-Meetup-en-Madrid-de-Sexualidad\/<\/p>\n<p>Nous nous r\u00e9unissons une fois par mois.<\/p>\n<p>UN GROS BISOU!<\/p>\n<p>Plus sur moi dans mon blog Orientation Bisexual Height 173 cm \/ 5?8? Ethnicity  &#8211; White Bust Medium Age 48 Shaved  Yes  Smokes  ?No Hair Color  &#8211;  Blonde  Nationality  &#8211; Spanish Gender &#8211; Female    Place &#8211;   Geneva<br \/>\nSwitzerland Contact me  at : +34 691 480 780<\/p>\n","protected":false},"featured_media":68089,"comment_status":"open","ping_status":"closed","template":"","meta":{"site-sidebar-layout":"default","site-content-layout":"","ast-site-content-layout":"","site-content-style":"default","site-sidebar-style":"default","ast-global-header-display":"","ast-banner-title-visibility":"","ast-main-header-display":"","ast-hfb-above-header-display":"","ast-hfb-below-header-display":"","ast-hfb-mobile-header-display":"","site-post-title":"","ast-breadcrumbs-content":"","ast-featured-img":"","footer-sml-layout":"","theme-transparent-header-meta":"","adv-header-id-meta":"","stick-header-meta":"","header-above-stick-meta":"","header-main-stick-meta":"","header-below-stick-meta":"","astra-migrate-meta-layouts":"default","ast-page-background-enabled":"default","ast-page-background-meta":{"desktop":{"background-color":"var(--ast-global-color-4)","background-image":"","background-repeat":"repeat","background-position":"center center","background-size":"auto","background-attachment":"scroll","background-type":"","background-media":"","overlay-type":"","overlay-color":"","overlay-opacity":"","overlay-gradient":""},"tablet":{"background-color":"","background-image":"","background-repeat":"repeat","background-position":"center center","background-size":"auto","background-attachment":"scroll","background-type":"","background-media":"","overlay-type":"","overlay-color":"","overlay-opacity":"","overlay-gradient":""},"mobile":{"background-color":"","background-image":"","background-repeat":"repeat","background-position":"center center","background-size":"auto","background-attachment":"scroll","background-type":"","background-media":"","overlay-type":"","overlay-color":"","overlay-opacity":"","overlay-gradient":""}},"ast-content-background-meta":{"desktop":{"background-color":"var(--ast-global-color-5)","background-image":"","background-repeat":"repeat","background-position":"center center","background-size":"auto","background-attachment":"scroll","background-type":"","background-media":"","overlay-type":"","overlay-color":"","overlay-opacity":"","overlay-gradient":""},"tablet":{"background-color":"var(--ast-global-color-5)","background-image":"","background-repeat":"repeat","background-position":"center center","background-size":"auto","background-attachment":"scroll","background-type":"","background-media":"","overlay-type":"","overlay-color":"","overlay-opacity":"","overlay-gradient":""},"mobile":{"background-color":"var(--ast-global-color-5)","background-image":"","background-repeat":"repeat","background-position":"center center","background-size":"auto","background-attachment":"scroll","background-type":"","background-media":"","overlay-type":"","overlay-color":"","overlay-opacity":"","overlay-gradient":""}}},"product_brand":[],"product_cat":[188,1021,958],"product_tag":[],"class_list":{"0":"post-83122","1":"product","2":"type-product","3":"status-publish","4":"has-post-thumbnail","6":"product_cat-freelancer","7":"product_cat-geneva","8":"product_cat-switzerland","9":"desktop-align-left","10":"tablet-align-left","11":"mobile-align-left","13":"first","14":"instock","15":"shipping-taxable","16":"product-type-simple"},"_links":{"self":[{"href":"https:\/\/poccky.com\/index.php\/wp-json\/wp\/v2\/product\/83122","targetHints":{"allow":["GET"]}}],"collection":[{"href":"https:\/\/poccky.com\/index.php\/wp-json\/wp\/v2\/product"}],"about":[{"href":"https:\/\/poccky.com\/index.php\/wp-json\/wp\/v2\/types\/product"}],"replies":[{"embeddable":true,"href":"https:\/\/poccky.com\/index.php\/wp-json\/wp\/v2\/comments?post=83122"}],"wp:featuredmedia":[{"embeddable":true,"href":"https:\/\/poccky.com\/index.php\/wp-json\/wp\/v2\/media\/68089"}],"wp:attachment":[{"href":"https:\/\/poccky.com\/index.php\/wp-json\/wp\/v2\/media?parent=83122"}],"wp:term":[{"taxonomy":"product_brand","embeddable":true,"href":"https:\/\/poccky.com\/index.php\/wp-json\/wp\/v2\/product_brand?post=83122"},{"taxonomy":"product_cat","embeddable":true,"href":"https:\/\/poccky.com\/index.php\/wp-json\/wp\/v2\/product_cat?post=83122"},{"taxonomy":"product_tag","embeddable":true,"href":"https:\/\/poccky.com\/index.php\/wp-json\/wp\/v2\/product_tag?post=83122"}],"curies":[{"name":"wp","href":"https:\/\/api.w.org\/{rel}","templated":true}]}}