{"id":83118,"date":"2023-10-16T16:55:54","date_gmt":"2023-10-16T16:55:54","guid":{"rendered":"https:\/\/poccky.com\/?post_type=product&#038;p=83118"},"modified":"2023-10-16T16:55:56","modified_gmt":"2023-10-16T16:55:56","slug":"cora-girl-lisbon","status":"publish","type":"product","link":"https:\/\/poccky.com\/index.php\/product\/cora-girl-lisbon\/","title":{"rendered":"Cora \u2013 girl Lisbon"},"content":{"rendered":"","protected":false},"excerpt":{"rendered":"<p>Cheguei. meus amores! E cheguei para te satisfazer de todas as formas poss\u00edveis.<br \/>\nMeu nome  Cora  DEUSA. estou situada em Lisboa. tenho 25aninhos. meu corpo e natural com uma bunda linda e inesquec\u00edvel.<br \/>\nSou totalmente sem restri\u00e7\u00f5es. n\u00e3o tem nada que eu n\u00e3o tenha feito.<br \/>\nOu voc\u00ea me mostra algo novo&#8230;Sou exclusiva para pessoas que buscam mais que uma bela acompanhante.<br \/>\nSafada. envolvente e enigm\u00e1tica. posso te acompanhar em jantares e afins.<br \/>\nApreciando um bom Cabernet ou suas fantasias e fetiches mais secretos.<br \/>\nVenha se surpreender. O rel\u00f3gio n\u00e3o ser\u00e1 uma preocupa\u00e7\u00e3o. <\/p>\n<p>I&#8217;m here. my loves! And I came to satisfy you in every way I could.<br \/>\nMy name Cora. I&#8217;m located in Lisbon. I have 25aninhos. my body and natural with a beautiful and unforgettable ass.<br \/>\nI&#8217;m totally unrestricted. there&#8217;s nothing I haven&#8217;t done.<br \/>\nOr you show me something new&#8230; I am exclusive to people who seek more than a beautiful companion.<br \/>\nNaughty. engaging and enigmatic. I can accompany you at dinners and the like.<br \/>\nEnjoying a good Cabernet or its most secret fantasies and fetishes.<br \/>\nCome and be surprised. The clock won&#8217;t be a concern. Orientation Heterosexual Height 165 cm \/ 5?5? Ethnicity  &#8211; Latina Shaved  Partially  Smokes  ?No Gender &#8211; Female    Place &#8211;   Lisbon<br \/>\nPortugal Contact me  at : +351 91 275 8627<\/p>\n","protected":false},"featured_media":68068,"comment_status":"open","ping_status":"closed","template":"","meta":{"site-sidebar-layout":"default","site-content-layout":"","ast-site-content-layout":"","site-content-style":"default","site-sidebar-style":"default","ast-global-header-display":"","ast-banner-title-visibility":"","ast-main-header-display":"","ast-hfb-above-header-display":"","ast-hfb-below-header-display":"","ast-hfb-mobile-header-display":"","site-post-title":"","ast-breadcrumbs-content":"","ast-featured-img":"","footer-sml-layout":"","theme-transparent-header-meta":"","adv-header-id-meta":"","stick-header-meta":"","header-above-stick-meta":"","header-main-stick-meta":"","header-below-stick-meta":"","astra-migrate-meta-layouts":"default","ast-page-background-enabled":"default","ast-page-background-meta":{"desktop":{"background-color":"var(--ast-global-color-4)","background-image":"","background-repeat":"repeat","background-position":"center center","background-size":"auto","background-attachment":"scroll","background-type":"","background-media":"","overlay-type":"","overlay-color":"","overlay-opacity":"","overlay-gradient":""},"tablet":{"background-color":"","background-image":"","background-repeat":"repeat","background-position":"center center","background-size":"auto","background-attachment":"scroll","background-type":"","background-media":"","overlay-type":"","overlay-color":"","overlay-opacity":"","overlay-gradient":""},"mobile":{"background-color":"","background-image":"","background-repeat":"repeat","background-position":"center center","background-size":"auto","background-attachment":"scroll","background-type":"","background-media":"","overlay-type":"","overlay-color":"","overlay-opacity":"","overlay-gradient":""}},"ast-content-background-meta":{"desktop":{"background-color":"var(--ast-global-color-5)","background-image":"","background-repeat":"repeat","background-position":"center center","background-size":"auto","background-attachment":"scroll","background-type":"","background-media":"","overlay-type":"","overlay-color":"","overlay-opacity":"","overlay-gradient":""},"tablet":{"background-color":"var(--ast-global-color-5)","background-image":"","background-repeat":"repeat","background-position":"center center","background-size":"auto","background-attachment":"scroll","background-type":"","background-media":"","overlay-type":"","overlay-color":"","overlay-opacity":"","overlay-gradient":""},"mobile":{"background-color":"var(--ast-global-color-5)","background-image":"","background-repeat":"repeat","background-position":"center center","background-size":"auto","background-attachment":"scroll","background-type":"","background-media":"","overlay-type":"","overlay-color":"","overlay-opacity":"","overlay-gradient":""}}},"product_brand":[],"product_cat":[188,1018,937],"product_tag":[],"class_list":{"0":"post-83118","1":"product","2":"type-product","3":"status-publish","4":"has-post-thumbnail","6":"product_cat-freelancer","7":"product_cat-lisbon","8":"product_cat-portugal","9":"desktop-align-left","10":"tablet-align-left","11":"mobile-align-left","13":"first","14":"instock","15":"shipping-taxable","16":"product-type-simple"},"_links":{"self":[{"href":"https:\/\/poccky.com\/index.php\/wp-json\/wp\/v2\/product\/83118","targetHints":{"allow":["GET"]}}],"collection":[{"href":"https:\/\/poccky.com\/index.php\/wp-json\/wp\/v2\/product"}],"about":[{"href":"https:\/\/poccky.com\/index.php\/wp-json\/wp\/v2\/types\/product"}],"replies":[{"embeddable":true,"href":"https:\/\/poccky.com\/index.php\/wp-json\/wp\/v2\/comments?post=83118"}],"wp:featuredmedia":[{"embeddable":true,"href":"https:\/\/poccky.com\/index.php\/wp-json\/wp\/v2\/media\/68068"}],"wp:attachment":[{"href":"https:\/\/poccky.com\/index.php\/wp-json\/wp\/v2\/media?parent=83118"}],"wp:term":[{"taxonomy":"product_brand","embeddable":true,"href":"https:\/\/poccky.com\/index.php\/wp-json\/wp\/v2\/product_brand?post=83118"},{"taxonomy":"product_cat","embeddable":true,"href":"https:\/\/poccky.com\/index.php\/wp-json\/wp\/v2\/product_cat?post=83118"},{"taxonomy":"product_tag","embeddable":true,"href":"https:\/\/poccky.com\/index.php\/wp-json\/wp\/v2\/product_tag?post=83118"}],"curies":[{"name":"wp","href":"https:\/\/api.w.org\/{rel}","templated":true}]}}