{"id":82958,"date":"2023-10-16T16:46:00","date_gmt":"2023-10-16T16:46:00","guid":{"rendered":"https:\/\/poccky.com\/?post_type=product&#038;p=82958"},"modified":"2023-10-16T16:46:01","modified_gmt":"2023-10-16T16:46:01","slug":"bela-filipino-girl-khobar","status":"publish","type":"product","link":"https:\/\/poccky.com\/index.php\/product\/bela-filipino-girl-khobar\/","title":{"rendered":"Bela \u2013 Filipino girl Khobar"},"content":{"rendered":"","protected":false},"excerpt":{"rendered":"<p>T\u00f4i l\u00e0 m?t ph? n? c\u00f3  ?ng cong h?p d?n t? nhi\u00ean. cao 165 cm. 65kg. c\u00fap ng?c DD. m\u00e1i t\u00f3c d\u00e0i m\u00e0u v\u00e0ng s?m v\u00e0 ?\u00f4i m?t xanh l?p l\u00e1nh. T\u00f4i c\u00f3 tr\u00ed tu?. kinh nghi?m v\u00e0 s? ki\u00ean nh?n. T\u00f4i cung c?p nhi?u h?n v?  p t? nhi\u00ean. T\u00ednh c\u00e1ch c?a t\u00f4i l\u00e0 ?m \u00e1p. ch\u00e0o ?\u00f3n v\u00e0 t?t b?ng. Tinh th?n t\u00f4i cao v\u00e0 s\u00f4i s?c. T\u00f4i l\u00e0 m?t ph? n? r?t n? t\u00ednh. lu\u00f4n c\u00f3 v? ngo\u00e0i ho\u00e0n h?o v\u00e0 tr\u00f2 chuy?n v?a h\u00e0i h c v?a th\u00f4ng minh.<\/p>\n<p>T\u00f4i th\u00edch c\u00e1c cu?c h?p k\u00e9o d\u00e0i h?n nh? h?n h\u00f2 ?n t?i. Qua ?\u00eam v\u00e0 c? Ti?c t\u00f9ng.<\/p>\n<p>Th?i gian c?a t\u00f4i c\u00f3 gi\u00e1 tr? nh? th?i gian c?a b?n. v\u00e0 t\u00f4i ch? s?n s\u00e0ng cho nh?ng y\u00eau c?u nghi\u00eam Orientation Heterosexual Height 165 cm \/ 5?5? Ethnicity  &#8211; White Bust Medium Age 23  Smokes  ?No Hair Color  &#8211;  Black  Nationality  &#8211; Filipino Gender &#8211; Female    Place &#8211;   Khobar<br \/>\nSaudi Arabia Contact me  at : +966 54 362 8514<\/p>\n","protected":false},"featured_media":66963,"comment_status":"open","ping_status":"closed","template":"","meta":{"site-sidebar-layout":"default","site-content-layout":"","ast-site-content-layout":"","site-content-style":"default","site-sidebar-style":"default","ast-global-header-display":"","ast-banner-title-visibility":"","ast-main-header-display":"","ast-hfb-above-header-display":"","ast-hfb-below-header-display":"","ast-hfb-mobile-header-display":"","site-post-title":"","ast-breadcrumbs-content":"","ast-featured-img":"","footer-sml-layout":"","theme-transparent-header-meta":"","adv-header-id-meta":"","stick-header-meta":"","header-above-stick-meta":"","header-main-stick-meta":"","header-below-stick-meta":"","astra-migrate-meta-layouts":"default","ast-page-background-enabled":"default","ast-page-background-meta":{"desktop":{"background-color":"var(--ast-global-color-4)","background-image":"","background-repeat":"repeat","background-position":"center center","background-size":"auto","background-attachment":"scroll","background-type":"","background-media":"","overlay-type":"","overlay-color":"","overlay-opacity":"","overlay-gradient":""},"tablet":{"background-color":"","background-image":"","background-repeat":"repeat","background-position":"center center","background-size":"auto","background-attachment":"scroll","background-type":"","background-media":"","overlay-type":"","overlay-color":"","overlay-opacity":"","overlay-gradient":""},"mobile":{"background-color":"","background-image":"","background-repeat":"repeat","background-position":"center center","background-size":"auto","background-attachment":"scroll","background-type":"","background-media":"","overlay-type":"","overlay-color":"","overlay-opacity":"","overlay-gradient":""}},"ast-content-background-meta":{"desktop":{"background-color":"var(--ast-global-color-5)","background-image":"","background-repeat":"repeat","background-position":"center center","background-size":"auto","background-attachment":"scroll","background-type":"","background-media":"","overlay-type":"","overlay-color":"","overlay-opacity":"","overlay-gradient":""},"tablet":{"background-color":"var(--ast-global-color-5)","background-image":"","background-repeat":"repeat","background-position":"center center","background-size":"auto","background-attachment":"scroll","background-type":"","background-media":"","overlay-type":"","overlay-color":"","overlay-opacity":"","overlay-gradient":""},"mobile":{"background-color":"var(--ast-global-color-5)","background-image":"","background-repeat":"repeat","background-position":"center center","background-size":"auto","background-attachment":"scroll","background-type":"","background-media":"","overlay-type":"","overlay-color":"","overlay-opacity":"","overlay-gradient":""}}},"product_brand":[],"product_cat":[188,1012,799],"product_tag":[],"class_list":{"0":"post-82958","1":"product","2":"type-product","3":"status-publish","4":"has-post-thumbnail","6":"product_cat-freelancer","7":"product_cat-khobar","8":"product_cat-saudi-arabia","9":"desktop-align-left","10":"tablet-align-left","11":"mobile-align-left","13":"first","14":"instock","15":"shipping-taxable","16":"product-type-simple"},"_links":{"self":[{"href":"https:\/\/poccky.com\/index.php\/wp-json\/wp\/v2\/product\/82958","targetHints":{"allow":["GET"]}}],"collection":[{"href":"https:\/\/poccky.com\/index.php\/wp-json\/wp\/v2\/product"}],"about":[{"href":"https:\/\/poccky.com\/index.php\/wp-json\/wp\/v2\/types\/product"}],"replies":[{"embeddable":true,"href":"https:\/\/poccky.com\/index.php\/wp-json\/wp\/v2\/comments?post=82958"}],"wp:featuredmedia":[{"embeddable":true,"href":"https:\/\/poccky.com\/index.php\/wp-json\/wp\/v2\/media\/66963"}],"wp:attachment":[{"href":"https:\/\/poccky.com\/index.php\/wp-json\/wp\/v2\/media?parent=82958"}],"wp:term":[{"taxonomy":"product_brand","embeddable":true,"href":"https:\/\/poccky.com\/index.php\/wp-json\/wp\/v2\/product_brand?post=82958"},{"taxonomy":"product_cat","embeddable":true,"href":"https:\/\/poccky.com\/index.php\/wp-json\/wp\/v2\/product_cat?post=82958"},{"taxonomy":"product_tag","embeddable":true,"href":"https:\/\/poccky.com\/index.php\/wp-json\/wp\/v2\/product_tag?post=82958"}],"curies":[{"name":"wp","href":"https:\/\/api.w.org\/{rel}","templated":true}]}}