{"id":82935,"date":"2023-10-16T16:44:33","date_gmt":"2023-10-16T16:44:33","guid":{"rendered":"https:\/\/poccky.com\/?post_type=product&#038;p=82935"},"modified":"2023-10-16T16:44:34","modified_gmt":"2023-10-16T16:44:34","slug":"available-greek-girl-geneva","status":"publish","type":"product","link":"https:\/\/poccky.com\/index.php\/product\/available-greek-girl-geneva\/","title":{"rendered":"Available \u2013 Greek girl Geneva"},"content":{"rendered":"","protected":false},"excerpt":{"rendered":"<p>Hello messieurs c\u2019est Christina Je suis tr\u00e8s sexy et \u00e9l\u00e9gante comme vous pouvez le voir sur mes photos qui sont nouvelles et exclusives de ma r\u00e9cente s\u00e9ance photo. Il n&#8217;y a pas de  surprises cach\u00e9es chez moi. c&#8217;est promis ! J&#8217;offre une gamme compl\u00e8te de services. j&#8217;aime faire la f\u00eate et j&#8217;ouvrirai toujours la porte pr\u00eate \u00e0 r\u00e9aliser tous vos r\u00eaves et fantasmes les plus fous et les plus sombres. Je propose une gamme compl\u00e8te de services auxquels j&#8217;accueille dans mon appartement propre et discret. Ma salle de bain est spacieuse et dispose d&#8217;une baignoire et d&#8217;une douche. Avec des serviettes douces et propres pour se s\u00e9cher. Ne perdez pas une minute de plus et appelez-moi maintenant. ensemble nous garderons des souvenirs \u00e0 ne jamais oublier. SMS et whatsapp<br \/>\nT\u00e9l\u00e9gramme : @Eva Christina <\/p>\n<p>Bisou Orientation Heterosexual Height 170 cm \/ 5?7? Ethnicity  &#8211; White Bust Large Age 27 Shaved  Yes  Smokes  ?No Hair Color  &#8211;  Red  Nationality  &#8211; Greek Gender &#8211; Female    Place &#8211;   Geneva<br \/>\nSwitzerland Contact me  at : +33 7 56 80 30 95<\/p>\n","protected":false},"featured_media":66793,"comment_status":"open","ping_status":"closed","template":"","meta":{"site-sidebar-layout":"default","site-content-layout":"","ast-site-content-layout":"","site-content-style":"default","site-sidebar-style":"default","ast-global-header-display":"","ast-banner-title-visibility":"","ast-main-header-display":"","ast-hfb-above-header-display":"","ast-hfb-below-header-display":"","ast-hfb-mobile-header-display":"","site-post-title":"","ast-breadcrumbs-content":"","ast-featured-img":"","footer-sml-layout":"","theme-transparent-header-meta":"","adv-header-id-meta":"","stick-header-meta":"","header-above-stick-meta":"","header-main-stick-meta":"","header-below-stick-meta":"","astra-migrate-meta-layouts":"default","ast-page-background-enabled":"default","ast-page-background-meta":{"desktop":{"background-color":"var(--ast-global-color-4)","background-image":"","background-repeat":"repeat","background-position":"center center","background-size":"auto","background-attachment":"scroll","background-type":"","background-media":"","overlay-type":"","overlay-color":"","overlay-opacity":"","overlay-gradient":""},"tablet":{"background-color":"","background-image":"","background-repeat":"repeat","background-position":"center center","background-size":"auto","background-attachment":"scroll","background-type":"","background-media":"","overlay-type":"","overlay-color":"","overlay-opacity":"","overlay-gradient":""},"mobile":{"background-color":"","background-image":"","background-repeat":"repeat","background-position":"center center","background-size":"auto","background-attachment":"scroll","background-type":"","background-media":"","overlay-type":"","overlay-color":"","overlay-opacity":"","overlay-gradient":""}},"ast-content-background-meta":{"desktop":{"background-color":"var(--ast-global-color-5)","background-image":"","background-repeat":"repeat","background-position":"center center","background-size":"auto","background-attachment":"scroll","background-type":"","background-media":"","overlay-type":"","overlay-color":"","overlay-opacity":"","overlay-gradient":""},"tablet":{"background-color":"var(--ast-global-color-5)","background-image":"","background-repeat":"repeat","background-position":"center center","background-size":"auto","background-attachment":"scroll","background-type":"","background-media":"","overlay-type":"","overlay-color":"","overlay-opacity":"","overlay-gradient":""},"mobile":{"background-color":"var(--ast-global-color-5)","background-image":"","background-repeat":"repeat","background-position":"center center","background-size":"auto","background-attachment":"scroll","background-type":"","background-media":"","overlay-type":"","overlay-color":"","overlay-opacity":"","overlay-gradient":""}}},"product_brand":[],"product_cat":[188,1021,958],"product_tag":[],"class_list":{"0":"post-82935","1":"product","2":"type-product","3":"status-publish","4":"has-post-thumbnail","6":"product_cat-freelancer","7":"product_cat-geneva","8":"product_cat-switzerland","9":"desktop-align-left","10":"tablet-align-left","11":"mobile-align-left","13":"first","14":"instock","15":"shipping-taxable","16":"product-type-simple"},"_links":{"self":[{"href":"https:\/\/poccky.com\/index.php\/wp-json\/wp\/v2\/product\/82935","targetHints":{"allow":["GET"]}}],"collection":[{"href":"https:\/\/poccky.com\/index.php\/wp-json\/wp\/v2\/product"}],"about":[{"href":"https:\/\/poccky.com\/index.php\/wp-json\/wp\/v2\/types\/product"}],"replies":[{"embeddable":true,"href":"https:\/\/poccky.com\/index.php\/wp-json\/wp\/v2\/comments?post=82935"}],"wp:featuredmedia":[{"embeddable":true,"href":"https:\/\/poccky.com\/index.php\/wp-json\/wp\/v2\/media\/66793"}],"wp:attachment":[{"href":"https:\/\/poccky.com\/index.php\/wp-json\/wp\/v2\/media?parent=82935"}],"wp:term":[{"taxonomy":"product_brand","embeddable":true,"href":"https:\/\/poccky.com\/index.php\/wp-json\/wp\/v2\/product_brand?post=82935"},{"taxonomy":"product_cat","embeddable":true,"href":"https:\/\/poccky.com\/index.php\/wp-json\/wp\/v2\/product_cat?post=82935"},{"taxonomy":"product_tag","embeddable":true,"href":"https:\/\/poccky.com\/index.php\/wp-json\/wp\/v2\/product_tag?post=82935"}],"curies":[{"name":"wp","href":"https:\/\/api.w.org\/{rel}","templated":true}]}}