{"id":82930,"date":"2023-10-16T16:44:08","date_gmt":"2023-10-16T16:44:08","guid":{"rendered":"https:\/\/poccky.com\/?post_type=product&#038;p=82930"},"modified":"2023-10-16T16:44:10","modified_gmt":"2023-10-16T16:44:10","slug":"atena-brazilian-masseuse-in-lisbon","status":"publish","type":"product","link":"https:\/\/poccky.com\/index.php\/product\/atena-brazilian-masseuse-in-lisbon\/","title":{"rendered":"Atena \u2013 Brazilian masseuse in Lisbon"},"content":{"rendered":"","protected":false},"excerpt":{"rendered":"<p>Prazer. para quem n\u00e3o me conhece sou a ATENA. DOCE. EX\u00d3TICA e BRASILEIRA . terapeuta de MASS Age M relaxante. SENSUAL E T\u00c2NTRICA.<\/p>\n<p>privado de alto padr\u00e3o em pr\u00e9dio discreto e aconchegante em Estoril.<\/p>\n<p>Fa\u00e7o uma mass Age m que \u00e9 com toques \u00fanicos no seu corpo. engloba t\u00e9cnicas sensuais. er\u00f3ticas. relaxantes. uma aten\u00e7\u00e3o especial a parte \u00edntima (pila devido as manobras da t\u00e9cnica t\u00e2ntrica. e um corpo a corpo de enlouquecer). <\/p>\n<p>\u00c9 um mix de mass Age ns em UMA S\u00d3. Uma hora de dura\u00e7\u00e3o. duchas (inicial e final). <\/p>\n<p>N\u00e3o coloco limites no seu prazer (ejacula\u00e7\u00e3o). As t\u00e9cnicas usadas s\u00e3o exatamente para isso. <\/p>\n<p>Venha sentir. olhar. ser olhado. tocar. <\/p>\n<p>Te aguardo. Hora e dia marcados. <\/p>\n<p>N\u00e3o HA CONVIVIO!!! <\/p>\n<p>Retorno todas liga\u00e7\u00f5es ou mens Age ns assim que posso e n\u00e3o em hor\u00e1rios &#8220;comprometedores&#8221; a voc\u00eas. Respeito cada cliente. <\/p>\n<p>Venha desfrutar de momentos \u00fanicos junto a uma bela companhia.<\/p>\n<p>Fa\u00e7a JA sua marca\u00e7\u00e3o!<\/p>\n<p>Segunda a s\u00e1bado de acordo com disponibilidade.<\/p>\n<p>Toda \u00e9tica e respeito s\u00e3o bem vindos. <\/p>\n<p>Beijinhos<\/p>\n<p>ATENA! Orientation Heterosexual Height 165 cm \/ 5?5? Ethnicity  &#8211; Latina Bust Medium Age 24 Shaved  Yes  Smokes  ?No Hair Color  &#8211;  Blonde  Nationality  &#8211; Brazilian Gender &#8211; Female    Place &#8211;   Lisbon<br \/>\nPortugal Contact me  at : +351 96 404 9482<\/p>\n","protected":false},"featured_media":66739,"comment_status":"open","ping_status":"closed","template":"","meta":{"site-sidebar-layout":"default","site-content-layout":"","ast-site-content-layout":"","site-content-style":"default","site-sidebar-style":"default","ast-global-header-display":"","ast-banner-title-visibility":"","ast-main-header-display":"","ast-hfb-above-header-display":"","ast-hfb-below-header-display":"","ast-hfb-mobile-header-display":"","site-post-title":"","ast-breadcrumbs-content":"","ast-featured-img":"","footer-sml-layout":"","theme-transparent-header-meta":"","adv-header-id-meta":"","stick-header-meta":"","header-above-stick-meta":"","header-main-stick-meta":"","header-below-stick-meta":"","astra-migrate-meta-layouts":"default","ast-page-background-enabled":"default","ast-page-background-meta":{"desktop":{"background-color":"var(--ast-global-color-4)","background-image":"","background-repeat":"repeat","background-position":"center center","background-size":"auto","background-attachment":"scroll","background-type":"","background-media":"","overlay-type":"","overlay-color":"","overlay-opacity":"","overlay-gradient":""},"tablet":{"background-color":"","background-image":"","background-repeat":"repeat","background-position":"center center","background-size":"auto","background-attachment":"scroll","background-type":"","background-media":"","overlay-type":"","overlay-color":"","overlay-opacity":"","overlay-gradient":""},"mobile":{"background-color":"","background-image":"","background-repeat":"repeat","background-position":"center center","background-size":"auto","background-attachment":"scroll","background-type":"","background-media":"","overlay-type":"","overlay-color":"","overlay-opacity":"","overlay-gradient":""}},"ast-content-background-meta":{"desktop":{"background-color":"var(--ast-global-color-5)","background-image":"","background-repeat":"repeat","background-position":"center center","background-size":"auto","background-attachment":"scroll","background-type":"","background-media":"","overlay-type":"","overlay-color":"","overlay-opacity":"","overlay-gradient":""},"tablet":{"background-color":"var(--ast-global-color-5)","background-image":"","background-repeat":"repeat","background-position":"center center","background-size":"auto","background-attachment":"scroll","background-type":"","background-media":"","overlay-type":"","overlay-color":"","overlay-opacity":"","overlay-gradient":""},"mobile":{"background-color":"var(--ast-global-color-5)","background-image":"","background-repeat":"repeat","background-position":"center center","background-size":"auto","background-attachment":"scroll","background-type":"","background-media":"","overlay-type":"","overlay-color":"","overlay-opacity":"","overlay-gradient":""}}},"product_brand":[],"product_cat":[188,1018,937],"product_tag":[],"class_list":{"0":"post-82930","1":"product","2":"type-product","3":"status-publish","4":"has-post-thumbnail","6":"product_cat-freelancer","7":"product_cat-lisbon","8":"product_cat-portugal","9":"desktop-align-left","10":"tablet-align-left","11":"mobile-align-left","13":"first","14":"instock","15":"shipping-taxable","16":"product-type-simple"},"_links":{"self":[{"href":"https:\/\/poccky.com\/index.php\/wp-json\/wp\/v2\/product\/82930","targetHints":{"allow":["GET"]}}],"collection":[{"href":"https:\/\/poccky.com\/index.php\/wp-json\/wp\/v2\/product"}],"about":[{"href":"https:\/\/poccky.com\/index.php\/wp-json\/wp\/v2\/types\/product"}],"replies":[{"embeddable":true,"href":"https:\/\/poccky.com\/index.php\/wp-json\/wp\/v2\/comments?post=82930"}],"wp:featuredmedia":[{"embeddable":true,"href":"https:\/\/poccky.com\/index.php\/wp-json\/wp\/v2\/media\/66739"}],"wp:attachment":[{"href":"https:\/\/poccky.com\/index.php\/wp-json\/wp\/v2\/media?parent=82930"}],"wp:term":[{"taxonomy":"product_brand","embeddable":true,"href":"https:\/\/poccky.com\/index.php\/wp-json\/wp\/v2\/product_brand?post=82930"},{"taxonomy":"product_cat","embeddable":true,"href":"https:\/\/poccky.com\/index.php\/wp-json\/wp\/v2\/product_cat?post=82930"},{"taxonomy":"product_tag","embeddable":true,"href":"https:\/\/poccky.com\/index.php\/wp-json\/wp\/v2\/product_tag?post=82930"}],"curies":[{"name":"wp","href":"https:\/\/api.w.org\/{rel}","templated":true}]}}