{"id":82929,"date":"2023-10-16T16:44:07","date_gmt":"2023-10-16T16:44:07","guid":{"rendered":"https:\/\/poccky.com\/?post_type=product&#038;p=82929"},"modified":"2023-10-16T16:44:07","modified_gmt":"2023-10-16T16:44:07","slug":"astrid-belgian-girl-bochum","status":"publish","type":"product","link":"https:\/\/poccky.com\/index.php\/product\/astrid-belgian-girl-bochum\/","title":{"rendered":"Astrid \u2013 Belgian girl Bochum"},"content":{"rendered":"","protected":false},"excerpt":{"rendered":"<p>Tout le monde a des r\u00eaves. une id\u00e9e de ce qu&#8217;est la beaut\u00e9. le go\u00fbt et la sensualit\u00e9. Sonya est celle qui peut vous aider \u00e0 r\u00e9aliser ces r\u00eaves. En qu\u00eate de plaisir. assaisonn\u00e9e au go\u00fbt de Chablis. des conversations qui seront \u00e9panouissantes et douces comme du velours. pr\u00e9sentant des r\u00eaves comme le ferait une belle f\u00e9e. c&#8217;est Sonya ! Discr\u00e9tion. charme. parfum et go\u00fbt. Essayez et vous trouverez certainement Sonya. Il n&#8217;y a pas de temps \u00e0 attendre &#8211; envoyez un Telegram @kallania<br \/>\nSnapchat   kallania1 Orientation Heterosexual Height 168 cm \/ 5?6? Ethnicity  &#8211; White Bust Medium Age 27 Shaved  Partially  Smokes  ?Yes Hair Color  &#8211;  Brunette  Nationality  &#8211; Belgian Gender &#8211; Female    Place &#8211;   Bochum<br \/>\nGermany Contact me  at : +33 7 57 82 62 41<\/p>\n","protected":false},"featured_media":66728,"comment_status":"open","ping_status":"closed","template":"","meta":{"site-sidebar-layout":"default","site-content-layout":"","ast-site-content-layout":"","site-content-style":"default","site-sidebar-style":"default","ast-global-header-display":"","ast-banner-title-visibility":"","ast-main-header-display":"","ast-hfb-above-header-display":"","ast-hfb-below-header-display":"","ast-hfb-mobile-header-display":"","site-post-title":"","ast-breadcrumbs-content":"","ast-featured-img":"","footer-sml-layout":"","theme-transparent-header-meta":"","adv-header-id-meta":"","stick-header-meta":"","header-above-stick-meta":"","header-main-stick-meta":"","header-below-stick-meta":"","astra-migrate-meta-layouts":"default","ast-page-background-enabled":"default","ast-page-background-meta":{"desktop":{"background-color":"var(--ast-global-color-4)","background-image":"","background-repeat":"repeat","background-position":"center center","background-size":"auto","background-attachment":"scroll","background-type":"","background-media":"","overlay-type":"","overlay-color":"","overlay-opacity":"","overlay-gradient":""},"tablet":{"background-color":"","background-image":"","background-repeat":"repeat","background-position":"center center","background-size":"auto","background-attachment":"scroll","background-type":"","background-media":"","overlay-type":"","overlay-color":"","overlay-opacity":"","overlay-gradient":""},"mobile":{"background-color":"","background-image":"","background-repeat":"repeat","background-position":"center center","background-size":"auto","background-attachment":"scroll","background-type":"","background-media":"","overlay-type":"","overlay-color":"","overlay-opacity":"","overlay-gradient":""}},"ast-content-background-meta":{"desktop":{"background-color":"var(--ast-global-color-5)","background-image":"","background-repeat":"repeat","background-position":"center center","background-size":"auto","background-attachment":"scroll","background-type":"","background-media":"","overlay-type":"","overlay-color":"","overlay-opacity":"","overlay-gradient":""},"tablet":{"background-color":"var(--ast-global-color-5)","background-image":"","background-repeat":"repeat","background-position":"center center","background-size":"auto","background-attachment":"scroll","background-type":"","background-media":"","overlay-type":"","overlay-color":"","overlay-opacity":"","overlay-gradient":""},"mobile":{"background-color":"var(--ast-global-color-5)","background-image":"","background-repeat":"repeat","background-position":"center center","background-size":"auto","background-attachment":"scroll","background-type":"","background-media":"","overlay-type":"","overlay-color":"","overlay-opacity":"","overlay-gradient":""}}},"product_brand":[],"product_cat":[1035,188,811],"product_tag":[],"class_list":{"0":"post-82929","1":"product","2":"type-product","3":"status-publish","4":"has-post-thumbnail","6":"product_cat-bochum","7":"product_cat-freelancer","8":"product_cat-germany","9":"desktop-align-left","10":"tablet-align-left","11":"mobile-align-left","13":"first","14":"instock","15":"shipping-taxable","16":"product-type-simple"},"_links":{"self":[{"href":"https:\/\/poccky.com\/index.php\/wp-json\/wp\/v2\/product\/82929","targetHints":{"allow":["GET"]}}],"collection":[{"href":"https:\/\/poccky.com\/index.php\/wp-json\/wp\/v2\/product"}],"about":[{"href":"https:\/\/poccky.com\/index.php\/wp-json\/wp\/v2\/types\/product"}],"replies":[{"embeddable":true,"href":"https:\/\/poccky.com\/index.php\/wp-json\/wp\/v2\/comments?post=82929"}],"wp:featuredmedia":[{"embeddable":true,"href":"https:\/\/poccky.com\/index.php\/wp-json\/wp\/v2\/media\/66728"}],"wp:attachment":[{"href":"https:\/\/poccky.com\/index.php\/wp-json\/wp\/v2\/media?parent=82929"}],"wp:term":[{"taxonomy":"product_brand","embeddable":true,"href":"https:\/\/poccky.com\/index.php\/wp-json\/wp\/v2\/product_brand?post=82929"},{"taxonomy":"product_cat","embeddable":true,"href":"https:\/\/poccky.com\/index.php\/wp-json\/wp\/v2\/product_cat?post=82929"},{"taxonomy":"product_tag","embeddable":true,"href":"https:\/\/poccky.com\/index.php\/wp-json\/wp\/v2\/product_tag?post=82929"}],"curies":[{"name":"wp","href":"https:\/\/api.w.org\/{rel}","templated":true}]}}