{"id":82890,"date":"2023-10-16T16:42:09","date_gmt":"2023-10-16T16:42:09","guid":{"rendered":"https:\/\/poccky.com\/?post_type=product&#038;p=82890"},"modified":"2023-10-16T16:42:11","modified_gmt":"2023-10-16T16:42:11","slug":"anna25-ukrainian-masseuse-in-nice","status":"publish","type":"product","link":"https:\/\/poccky.com\/index.php\/product\/anna25-ukrainian-masseuse-in-nice\/","title":{"rendered":"Anna25 \u2013 Ukrainian masseuse in Nice"},"content":{"rendered":"","protected":false},"excerpt":{"rendered":"<p>bonjour. je m&#8217;appelle Anna.. Je suis belle et \u00e9lanc\u00e9e. aux yeux verts&#8230; Je vous propose de visiter mon mass Age  de relaxation verbal hypnotique professionnel&#8230; Avec des bougies et une musique agr\u00e9able.. Je l&#8217;accepte \u00e0 la maison.. Pour payer un taxi. je viens \u00e0 vous.. .Enregistrer \u00e0 l&#8217;avance .Je ne travaille pas avec le sexe. car je peux procurer du plaisir avec mon \u00e9nergie et une communication agr\u00e9able &#8230;<br \/>\n60 min-110 euro mass Age  nuru<br \/>\n60 min -120 euro mass Age  body<br \/>\n30min-70 euro body<br \/>\nmass Age  \u00e0 mains  -200 euro<br \/>\nrencontre avec moi dans un restaurant -200 euros-1 heure<br \/>\nBDCM -20 min-150 euro <\/p>\n<p>hello. my name is Anna.. I am beautiful and slender. with green eyes&#8230; I suggest you visit my professional hypnotic verbal relaxation mass Age &#8230; With candles and pleasant music.. I accept it at home.. For paying for a taxi. I come to you..  .Record in advance .I don\u2019t work with sex. because I can provide pleasure with my energy. and pleasant communication &#8230; Orientation Heterosexual Height 170 cm \/ 5?7? Ethnicity  &#8211; White Bust Medium Age 25 Shaved  Yes  Smokes  ?No Hair Color  &#8211;  Other  Nationality  &#8211; Ukrainian Gender &#8211; Female    Place &#8211;   Nice<br \/>\nFrance Contact me  at : +33 7 49 43 71 57<\/p>\n","protected":false},"featured_media":66429,"comment_status":"open","ping_status":"closed","template":"","meta":{"site-sidebar-layout":"default","site-content-layout":"","ast-site-content-layout":"","site-content-style":"default","site-sidebar-style":"default","ast-global-header-display":"","ast-banner-title-visibility":"","ast-main-header-display":"","ast-hfb-above-header-display":"","ast-hfb-below-header-display":"","ast-hfb-mobile-header-display":"","site-post-title":"","ast-breadcrumbs-content":"","ast-featured-img":"","footer-sml-layout":"","theme-transparent-header-meta":"","adv-header-id-meta":"","stick-header-meta":"","header-above-stick-meta":"","header-main-stick-meta":"","header-below-stick-meta":"","astra-migrate-meta-layouts":"default","ast-page-background-enabled":"default","ast-page-background-meta":{"desktop":{"background-color":"var(--ast-global-color-4)","background-image":"","background-repeat":"repeat","background-position":"center center","background-size":"auto","background-attachment":"scroll","background-type":"","background-media":"","overlay-type":"","overlay-color":"","overlay-opacity":"","overlay-gradient":""},"tablet":{"background-color":"","background-image":"","background-repeat":"repeat","background-position":"center center","background-size":"auto","background-attachment":"scroll","background-type":"","background-media":"","overlay-type":"","overlay-color":"","overlay-opacity":"","overlay-gradient":""},"mobile":{"background-color":"","background-image":"","background-repeat":"repeat","background-position":"center center","background-size":"auto","background-attachment":"scroll","background-type":"","background-media":"","overlay-type":"","overlay-color":"","overlay-opacity":"","overlay-gradient":""}},"ast-content-background-meta":{"desktop":{"background-color":"var(--ast-global-color-5)","background-image":"","background-repeat":"repeat","background-position":"center center","background-size":"auto","background-attachment":"scroll","background-type":"","background-media":"","overlay-type":"","overlay-color":"","overlay-opacity":"","overlay-gradient":""},"tablet":{"background-color":"var(--ast-global-color-5)","background-image":"","background-repeat":"repeat","background-position":"center center","background-size":"auto","background-attachment":"scroll","background-type":"","background-media":"","overlay-type":"","overlay-color":"","overlay-opacity":"","overlay-gradient":""},"mobile":{"background-color":"var(--ast-global-color-5)","background-image":"","background-repeat":"repeat","background-position":"center center","background-size":"auto","background-attachment":"scroll","background-type":"","background-media":"","overlay-type":"","overlay-color":"","overlay-opacity":"","overlay-gradient":""}}},"product_brand":[],"product_cat":[244,188,1023],"product_tag":[],"class_list":{"0":"post-82890","1":"product","2":"type-product","3":"status-publish","4":"has-post-thumbnail","6":"product_cat-france","7":"product_cat-freelancer","8":"product_cat-nice","9":"desktop-align-left","10":"tablet-align-left","11":"mobile-align-left","13":"first","14":"instock","15":"shipping-taxable","16":"product-type-simple"},"_links":{"self":[{"href":"https:\/\/poccky.com\/index.php\/wp-json\/wp\/v2\/product\/82890","targetHints":{"allow":["GET"]}}],"collection":[{"href":"https:\/\/poccky.com\/index.php\/wp-json\/wp\/v2\/product"}],"about":[{"href":"https:\/\/poccky.com\/index.php\/wp-json\/wp\/v2\/types\/product"}],"replies":[{"embeddable":true,"href":"https:\/\/poccky.com\/index.php\/wp-json\/wp\/v2\/comments?post=82890"}],"wp:featuredmedia":[{"embeddable":true,"href":"https:\/\/poccky.com\/index.php\/wp-json\/wp\/v2\/media\/66429"}],"wp:attachment":[{"href":"https:\/\/poccky.com\/index.php\/wp-json\/wp\/v2\/media?parent=82890"}],"wp:term":[{"taxonomy":"product_brand","embeddable":true,"href":"https:\/\/poccky.com\/index.php\/wp-json\/wp\/v2\/product_brand?post=82890"},{"taxonomy":"product_cat","embeddable":true,"href":"https:\/\/poccky.com\/index.php\/wp-json\/wp\/v2\/product_cat?post=82890"},{"taxonomy":"product_tag","embeddable":true,"href":"https:\/\/poccky.com\/index.php\/wp-json\/wp\/v2\/product_tag?post=82890"}],"curies":[{"name":"wp","href":"https:\/\/api.w.org\/{rel}","templated":true}]}}