{"id":82709,"date":"2023-10-16T16:31:08","date_gmt":"2023-10-16T16:31:08","guid":{"rendered":"https:\/\/poccky.com\/?post_type=product&#038;p=82709"},"modified":"2023-10-16T16:31:11","modified_gmt":"2023-10-16T16:31:11","slug":"russia-arabic-asian-available-girl-jeddah","status":"publish","type":"product","link":"https:\/\/poccky.com\/index.php\/product\/russia-arabic-asian-available-girl-jeddah\/","title":{"rendered":"Russia Arabic Asian Available   \u2013 girl Jeddah"},"content":{"rendered":"","protected":false},"excerpt":{"rendered":"<p>\nCh\u00e0o em y\u00eau!!! T\u00f4i l\u00e0Madlen m?t ng i ph? n? h?p d?n. thanh l?ch v?i nhi?u g?i c?m v\u00e0 c\u00e1 t\u00ednh. T\u00f4i l\u00e0 m?t ng i h? t?ng sang tr?ng r?t ?am m\u00ea v\u00e0 t\u00ecnh c?m v\u00e0 ? ri\u00eang t?. m?t con ?i?m xu?t s?c v?i c\u00e1ch  i x? tinh t? v?i t\u00f4i. b?n s? c\u00f3 m?t kho?ng th?i gian kh\u00f3 qu\u00ean&#8230;. T\u00f4i th?t x?u xa kh\u00f4ng ph?c t?p V\u00f3c d\u00e1ng  p   v\u00e0 th\u00e2n h\u00ecnh ho\u00e0n to\u00e0n t? nhi\u00ean c?a t\u00f4i s? khi?n b?n nghi?n Ami T\u00f4i n\u00f3i  ng \u00fd v?i m?i th?!!! L\u00e0m quen v?i t\u00f4i b?n s? kh\u00f4ng h?i ti?c ?\u00e2u!!!!! M?t cu?c h?n n?i s? t? nhi\u00ean. kh\u00eau g?i v\u00e0 ?am m\u00ea l\u00e0 m?t tr?i nghi?m  c ?\u00e1o Orientation Heterosexual  Smokes  ?No Gender &#8211; Female    Place &#8211;   Jeddah<br \/>\nSaudi Arabia Contact me  at : +84 38 9205968<\/p>\n","protected":false},"featured_media":72067,"comment_status":"open","ping_status":"closed","template":"","meta":{"site-sidebar-layout":"default","site-content-layout":"","ast-site-content-layout":"","site-content-style":"default","site-sidebar-style":"default","ast-global-header-display":"","ast-banner-title-visibility":"","ast-main-header-display":"","ast-hfb-above-header-display":"","ast-hfb-below-header-display":"","ast-hfb-mobile-header-display":"","site-post-title":"","ast-breadcrumbs-content":"","ast-featured-img":"","footer-sml-layout":"","theme-transparent-header-meta":"","adv-header-id-meta":"","stick-header-meta":"","header-above-stick-meta":"","header-main-stick-meta":"","header-below-stick-meta":"","astra-migrate-meta-layouts":"default","ast-page-background-enabled":"default","ast-page-background-meta":{"desktop":{"background-color":"var(--ast-global-color-4)","background-image":"","background-repeat":"repeat","background-position":"center center","background-size":"auto","background-attachment":"scroll","background-type":"","background-media":"","overlay-type":"","overlay-color":"","overlay-opacity":"","overlay-gradient":""},"tablet":{"background-color":"","background-image":"","background-repeat":"repeat","background-position":"center center","background-size":"auto","background-attachment":"scroll","background-type":"","background-media":"","overlay-type":"","overlay-color":"","overlay-opacity":"","overlay-gradient":""},"mobile":{"background-color":"","background-image":"","background-repeat":"repeat","background-position":"center center","background-size":"auto","background-attachment":"scroll","background-type":"","background-media":"","overlay-type":"","overlay-color":"","overlay-opacity":"","overlay-gradient":""}},"ast-content-background-meta":{"desktop":{"background-color":"var(--ast-global-color-5)","background-image":"","background-repeat":"repeat","background-position":"center center","background-size":"auto","background-attachment":"scroll","background-type":"","background-media":"","overlay-type":"","overlay-color":"","overlay-opacity":"","overlay-gradient":""},"tablet":{"background-color":"var(--ast-global-color-5)","background-image":"","background-repeat":"repeat","background-position":"center center","background-size":"auto","background-attachment":"scroll","background-type":"","background-media":"","overlay-type":"","overlay-color":"","overlay-opacity":"","overlay-gradient":""},"mobile":{"background-color":"var(--ast-global-color-5)","background-image":"","background-repeat":"repeat","background-position":"center center","background-size":"auto","background-attachment":"scroll","background-type":"","background-media":"","overlay-type":"","overlay-color":"","overlay-opacity":"","overlay-gradient":""}}},"product_brand":[],"product_cat":[188,1011,799],"product_tag":[],"class_list":{"0":"post-82709","1":"product","2":"type-product","3":"status-publish","4":"has-post-thumbnail","6":"product_cat-freelancer","7":"product_cat-jeddah","8":"product_cat-saudi-arabia","9":"desktop-align-left","10":"tablet-align-left","11":"mobile-align-left","13":"first","14":"instock","15":"shipping-taxable","16":"product-type-simple"},"_links":{"self":[{"href":"https:\/\/poccky.com\/index.php\/wp-json\/wp\/v2\/product\/82709","targetHints":{"allow":["GET"]}}],"collection":[{"href":"https:\/\/poccky.com\/index.php\/wp-json\/wp\/v2\/product"}],"about":[{"href":"https:\/\/poccky.com\/index.php\/wp-json\/wp\/v2\/types\/product"}],"replies":[{"embeddable":true,"href":"https:\/\/poccky.com\/index.php\/wp-json\/wp\/v2\/comments?post=82709"}],"wp:featuredmedia":[{"embeddable":true,"href":"https:\/\/poccky.com\/index.php\/wp-json\/wp\/v2\/media\/72067"}],"wp:attachment":[{"href":"https:\/\/poccky.com\/index.php\/wp-json\/wp\/v2\/media?parent=82709"}],"wp:term":[{"taxonomy":"product_brand","embeddable":true,"href":"https:\/\/poccky.com\/index.php\/wp-json\/wp\/v2\/product_brand?post=82709"},{"taxonomy":"product_cat","embeddable":true,"href":"https:\/\/poccky.com\/index.php\/wp-json\/wp\/v2\/product_cat?post=82709"},{"taxonomy":"product_tag","embeddable":true,"href":"https:\/\/poccky.com\/index.php\/wp-json\/wp\/v2\/product_tag?post=82709"}],"curies":[{"name":"wp","href":"https:\/\/api.w.org\/{rel}","templated":true}]}}