{"id":65029,"date":"2023-10-14T05:00:43","date_gmt":"2023-10-14T05:00:43","guid":{"rendered":"https:\/\/poccky.com\/?post_type=product&#038;p=65029"},"modified":"2023-10-14T05:00:46","modified_gmt":"2023-10-14T05:00:46","slug":"kayla-burkinabe-in-dakar","status":"publish","type":"product","link":"https:\/\/poccky.com\/index.php\/product\/kayla-burkinabe-in-dakar\/","title":{"rendered":"Kayla   Burkinabe  &#8211;  in Dakar"},"content":{"rendered":"","protected":false},"excerpt":{"rendered":"<p>Hi ThereBonjour mon roi. je suis une charmante escorte girl qui souhaite passer un moment d\u00e9licieux. En priv\u00e9. je veux que vous profitiez et que vous profitiez de mes charmes. vous verrez que je lubrifie avec une grande facilit\u00e9.<\/p>\n<p>Venez faire une r\u00e9union d&#8217;implication maximale o\u00f9 vous pourrez profiter d&#8217;un oral que vous n&#8217;oublierez jamais. Nous ferons des positions audacieuses. tu pourras me couvrir de tes baisers et je te laisserai te d\u00e9lecter de ma sensualit\u00e9.you can also contact me on Whatsapp or TelegramOrientation &#8211; Heterosexual Height &#8211; 171 cm \/ 5#7#  Ethinicity  &#8211; Black Bust &#8211; Large Age &#8211; 23 Shaved &#8211; No Smokes &#8211; #No Hair color &#8211; Black Nationality &#8211; Burkinabe Gender &#8211; Female City &#8211; Dakar<br \/>\nSenegal  Contact  221 7845 68804<\/p>\n","protected":false},"featured_media":60592,"comment_status":"open","ping_status":"closed","template":"","meta":{"site-sidebar-layout":"default","site-content-layout":"","ast-site-content-layout":"","site-content-style":"default","site-sidebar-style":"default","ast-global-header-display":"","ast-banner-title-visibility":"","ast-main-header-display":"","ast-hfb-above-header-display":"","ast-hfb-below-header-display":"","ast-hfb-mobile-header-display":"","site-post-title":"","ast-breadcrumbs-content":"","ast-featured-img":"","footer-sml-layout":"","theme-transparent-header-meta":"","adv-header-id-meta":"","stick-header-meta":"","header-above-stick-meta":"","header-main-stick-meta":"","header-below-stick-meta":"","astra-migrate-meta-layouts":"default","ast-page-background-enabled":"default","ast-page-background-meta":{"desktop":{"background-color":"var(--ast-global-color-4)","background-image":"","background-repeat":"repeat","background-position":"center center","background-size":"auto","background-attachment":"scroll","background-type":"","background-media":"","overlay-type":"","overlay-color":"","overlay-opacity":"","overlay-gradient":""},"tablet":{"background-color":"","background-image":"","background-repeat":"repeat","background-position":"center center","background-size":"auto","background-attachment":"scroll","background-type":"","background-media":"","overlay-type":"","overlay-color":"","overlay-opacity":"","overlay-gradient":""},"mobile":{"background-color":"","background-image":"","background-repeat":"repeat","background-position":"center center","background-size":"auto","background-attachment":"scroll","background-type":"","background-media":"","overlay-type":"","overlay-color":"","overlay-opacity":"","overlay-gradient":""}},"ast-content-background-meta":{"desktop":{"background-color":"var(--ast-global-color-5)","background-image":"","background-repeat":"repeat","background-position":"center center","background-size":"auto","background-attachment":"scroll","background-type":"","background-media":"","overlay-type":"","overlay-color":"","overlay-opacity":"","overlay-gradient":""},"tablet":{"background-color":"var(--ast-global-color-5)","background-image":"","background-repeat":"repeat","background-position":"center center","background-size":"auto","background-attachment":"scroll","background-type":"","background-media":"","overlay-type":"","overlay-color":"","overlay-opacity":"","overlay-gradient":""},"mobile":{"background-color":"var(--ast-global-color-5)","background-image":"","background-repeat":"repeat","background-position":"center center","background-size":"auto","background-attachment":"scroll","background-type":"","background-media":"","overlay-type":"","overlay-color":"","overlay-opacity":"","overlay-gradient":""}}},"product_brand":[],"product_cat":[1004,188,944],"product_tag":[],"class_list":{"0":"post-65029","1":"product","2":"type-product","3":"status-publish","4":"has-post-thumbnail","6":"product_cat-dakar","7":"product_cat-freelancer","8":"product_cat-senegal","9":"desktop-align-left","10":"tablet-align-left","11":"mobile-align-left","13":"first","14":"instock","15":"shipping-taxable","16":"product-type-simple"},"_links":{"self":[{"href":"https:\/\/poccky.com\/index.php\/wp-json\/wp\/v2\/product\/65029","targetHints":{"allow":["GET"]}}],"collection":[{"href":"https:\/\/poccky.com\/index.php\/wp-json\/wp\/v2\/product"}],"about":[{"href":"https:\/\/poccky.com\/index.php\/wp-json\/wp\/v2\/types\/product"}],"replies":[{"embeddable":true,"href":"https:\/\/poccky.com\/index.php\/wp-json\/wp\/v2\/comments?post=65029"}],"wp:featuredmedia":[{"embeddable":true,"href":"https:\/\/poccky.com\/index.php\/wp-json\/wp\/v2\/media\/60592"}],"wp:attachment":[{"href":"https:\/\/poccky.com\/index.php\/wp-json\/wp\/v2\/media?parent=65029"}],"wp:term":[{"taxonomy":"product_brand","embeddable":true,"href":"https:\/\/poccky.com\/index.php\/wp-json\/wp\/v2\/product_brand?post=65029"},{"taxonomy":"product_cat","embeddable":true,"href":"https:\/\/poccky.com\/index.php\/wp-json\/wp\/v2\/product_cat?post=65029"},{"taxonomy":"product_tag","embeddable":true,"href":"https:\/\/poccky.com\/index.php\/wp-json\/wp\/v2\/product_tag?post=65029"}],"curies":[{"name":"wp","href":"https:\/\/api.w.org\/{rel}","templated":true}]}}