{"id":65017,"date":"2023-10-14T05:00:01","date_gmt":"2023-10-14T05:00:01","guid":{"rendered":"https:\/\/poccky.com\/?post_type=product&#038;p=65017"},"modified":"2023-10-14T05:00:04","modified_gmt":"2023-10-14T05:00:04","slug":"selina-gabonese-in-dakar","status":"publish","type":"product","link":"https:\/\/poccky.com\/index.php\/product\/selina-gabonese-in-dakar\/","title":{"rendered":"Selina   Gabonese  &#8211;  in Dakar"},"content":{"rendered":"","protected":false},"excerpt":{"rendered":"<p>Bonjour ma ch\u00e9rie. je suis une beaut\u00e9 pr\u00e9cieuse. qui est pr\u00eate \u00e0 te plaire du d\u00e9but \u00e0 la fin. Je sais que tu vas profiter de chaque seconde de ma rencontre \u00e9rotique. Je serai votre escort girl id\u00e9ale.<\/p>\n<p>Au lit. je suis pr\u00eat \u00e0 recevoir tout ton lait et \u00e0 danser de mani\u00e8re tr\u00e8s sensuelle. Avec moi. ce sera comme si tu \u00e9tais mon petit ami. j&#8217;aime que tu me traites comme maman ou ton amour. et je serai aussi tr\u00e8s affectueux avec toi.<\/p>\n<p>Fille excit\u00e9e et tr\u00e8s humide. viens me chercher. Belle femme veut sentir tout votre corps.you can also contact me on Whatsapp or TelegramOrientation &#8211; Heterosexual Height &#8211; 170 cm \/ 5#7#  Ethinicity  &#8211; Black Bust &#8211; Medium Age &#8211; 23 Shaved &#8211; No Smokes &#8211; #No Hair color &#8211; Black Nationality &#8211; Gabonese Gender &#8211; Female City &#8211; Dakar<br \/>\nSenegal  Contact  221 7772 73477<\/p>\n","protected":false},"featured_media":62707,"comment_status":"open","ping_status":"closed","template":"","meta":{"site-sidebar-layout":"default","site-content-layout":"","ast-site-content-layout":"","site-content-style":"default","site-sidebar-style":"default","ast-global-header-display":"","ast-banner-title-visibility":"","ast-main-header-display":"","ast-hfb-above-header-display":"","ast-hfb-below-header-display":"","ast-hfb-mobile-header-display":"","site-post-title":"","ast-breadcrumbs-content":"","ast-featured-img":"","footer-sml-layout":"","theme-transparent-header-meta":"","adv-header-id-meta":"","stick-header-meta":"","header-above-stick-meta":"","header-main-stick-meta":"","header-below-stick-meta":"","astra-migrate-meta-layouts":"default","ast-page-background-enabled":"default","ast-page-background-meta":{"desktop":{"background-color":"var(--ast-global-color-4)","background-image":"","background-repeat":"repeat","background-position":"center center","background-size":"auto","background-attachment":"scroll","background-type":"","background-media":"","overlay-type":"","overlay-color":"","overlay-opacity":"","overlay-gradient":""},"tablet":{"background-color":"","background-image":"","background-repeat":"repeat","background-position":"center center","background-size":"auto","background-attachment":"scroll","background-type":"","background-media":"","overlay-type":"","overlay-color":"","overlay-opacity":"","overlay-gradient":""},"mobile":{"background-color":"","background-image":"","background-repeat":"repeat","background-position":"center center","background-size":"auto","background-attachment":"scroll","background-type":"","background-media":"","overlay-type":"","overlay-color":"","overlay-opacity":"","overlay-gradient":""}},"ast-content-background-meta":{"desktop":{"background-color":"var(--ast-global-color-5)","background-image":"","background-repeat":"repeat","background-position":"center center","background-size":"auto","background-attachment":"scroll","background-type":"","background-media":"","overlay-type":"","overlay-color":"","overlay-opacity":"","overlay-gradient":""},"tablet":{"background-color":"var(--ast-global-color-5)","background-image":"","background-repeat":"repeat","background-position":"center center","background-size":"auto","background-attachment":"scroll","background-type":"","background-media":"","overlay-type":"","overlay-color":"","overlay-opacity":"","overlay-gradient":""},"mobile":{"background-color":"var(--ast-global-color-5)","background-image":"","background-repeat":"repeat","background-position":"center center","background-size":"auto","background-attachment":"scroll","background-type":"","background-media":"","overlay-type":"","overlay-color":"","overlay-opacity":"","overlay-gradient":""}}},"product_brand":[],"product_cat":[1004,188,944],"product_tag":[],"class_list":{"0":"post-65017","1":"product","2":"type-product","3":"status-publish","4":"has-post-thumbnail","6":"product_cat-dakar","7":"product_cat-freelancer","8":"product_cat-senegal","9":"desktop-align-left","10":"tablet-align-left","11":"mobile-align-left","13":"first","14":"instock","15":"shipping-taxable","16":"product-type-simple"},"_links":{"self":[{"href":"https:\/\/poccky.com\/index.php\/wp-json\/wp\/v2\/product\/65017","targetHints":{"allow":["GET"]}}],"collection":[{"href":"https:\/\/poccky.com\/index.php\/wp-json\/wp\/v2\/product"}],"about":[{"href":"https:\/\/poccky.com\/index.php\/wp-json\/wp\/v2\/types\/product"}],"replies":[{"embeddable":true,"href":"https:\/\/poccky.com\/index.php\/wp-json\/wp\/v2\/comments?post=65017"}],"wp:featuredmedia":[{"embeddable":true,"href":"https:\/\/poccky.com\/index.php\/wp-json\/wp\/v2\/media\/62707"}],"wp:attachment":[{"href":"https:\/\/poccky.com\/index.php\/wp-json\/wp\/v2\/media?parent=65017"}],"wp:term":[{"taxonomy":"product_brand","embeddable":true,"href":"https:\/\/poccky.com\/index.php\/wp-json\/wp\/v2\/product_brand?post=65017"},{"taxonomy":"product_cat","embeddable":true,"href":"https:\/\/poccky.com\/index.php\/wp-json\/wp\/v2\/product_cat?post=65017"},{"taxonomy":"product_tag","embeddable":true,"href":"https:\/\/poccky.com\/index.php\/wp-json\/wp\/v2\/product_tag?post=65017"}],"curies":[{"name":"wp","href":"https:\/\/api.w.org\/{rel}","templated":true}]}}