{"id":65011,"date":"2023-10-14T04:59:40","date_gmt":"2023-10-14T04:59:40","guid":{"rendered":"https:\/\/poccky.com\/?post_type=product&#038;p=65011"},"modified":"2023-10-14T04:59:43","modified_gmt":"2023-10-14T04:59:43","slug":"fismoni-senegalese-in-dakar","status":"publish","type":"product","link":"https:\/\/poccky.com\/index.php\/product\/fismoni-senegalese-in-dakar\/","title":{"rendered":"Fismoni   Senegalese  &#8211;  in Dakar"},"content":{"rendered":"","protected":false},"excerpt":{"rendered":"<p>Bonjour messieurs Fismoni DE RETOUR A DAKAR JE SUIS SERTIFIE PAR TOUS DES GRAND. SITE PROFETIONNEL AVEC UNE NOTE DE 5 ETOILES JE RECOIS QUE DES HOMME ADULTE RESPONSABLE<br \/>\nEntrez dans ma bulle de douceur et part Age &#8211; z des moments de sensualit\u00e9 .<br \/>\nJe suis un une poup\u00e9e sexuele . une belle douceur aux courbes g\u00e9n\u00e9reuses et harmonieuses. Tr\u00e8s \u00e9l\u00e9gant. sophistiqu\u00e9 et sexy. Je vous sugg\u00e8re de passer un agr\u00e9able moment de plaisir avec moi et vous ne regreterez jamais&#8230;!! &#8230; Je veux que vous viviez une exp\u00e9rience inoubliable dans la douceur. la tendresse. la sensibilit\u00e9. le respect et la discr\u00e9tion &#8230; Je suis tr\u00e8s m\u00e9chant. j&#8217;aime la fine lingerie. les jartelles basses et des talons aiguilles pour vous satisfaire et satisfaire mon envie de tentation &#8230; J&#8217;attache une grande importance \u00e0 la propret\u00e9 de mon partenaire et de moi-m\u00eame pour assurer le succ\u00e8s de ce moment d&#8217;\u00e9change. Un plaisir intime. vous en avez l&#8217;occasion avant et apr\u00e8s profiter de la douche. Veuillez noter que mes services sont pour les hommes adultes. courtois et respectueux &#8230;<br \/>\nMa description vous donne une certaine r\u00e9sonance# N&#8217;h\u00e9sitez pas \u00e0 me contacter. Et c\u2019est avec grand plaisir que je vous recevrai dans mon appartement priv\u00e9 discret et tr\u00e8s confortable. PROPOSE DANS MES PRESTATIONS PLUSIEURS RAPPORTS. TOUTES LES POSITIONS (69. branlette espagnole. cavali\u00e8re. missionaire). GFE (votre copine de r\u00eaves). PSE (votre starporno prefere). FK (embrasse sur les levres). BJBB (fellat. nat. avec DP tr\u00e8s profonde). COB (finition sur les seins ou corp). AR  Contact  50 . GS (A) . . . MASS Age &#8211;  NATURISTE COMPLETE&#8230;.<br \/>\nLINGERIE DES PHOTOS.you can also contact me on Whatsapp or TelegramOrientation &#8211; Heterosexual Height &#8211; 171 cm \/ 5#7#  Ethinicity  &#8211; Black Bust &#8211; Medium Age &#8211; 22 Shaved &#8211; Yes Smokes &#8211; #Yes Hair color &#8211; Black Nationality &#8211; Senegalese Gender &#8211; Female City &#8211; Dakar<br \/>\nSenegal  Contact  221 7772 73477<\/p>\n","protected":false},"featured_media":59983,"comment_status":"open","ping_status":"closed","template":"","meta":{"site-sidebar-layout":"default","site-content-layout":"","ast-site-content-layout":"","site-content-style":"default","site-sidebar-style":"default","ast-global-header-display":"","ast-banner-title-visibility":"","ast-main-header-display":"","ast-hfb-above-header-display":"","ast-hfb-below-header-display":"","ast-hfb-mobile-header-display":"","site-post-title":"","ast-breadcrumbs-content":"","ast-featured-img":"","footer-sml-layout":"","theme-transparent-header-meta":"","adv-header-id-meta":"","stick-header-meta":"","header-above-stick-meta":"","header-main-stick-meta":"","header-below-stick-meta":"","astra-migrate-meta-layouts":"default","ast-page-background-enabled":"default","ast-page-background-meta":{"desktop":{"background-color":"var(--ast-global-color-4)","background-image":"","background-repeat":"repeat","background-position":"center center","background-size":"auto","background-attachment":"scroll","background-type":"","background-media":"","overlay-type":"","overlay-color":"","overlay-opacity":"","overlay-gradient":""},"tablet":{"background-color":"","background-image":"","background-repeat":"repeat","background-position":"center center","background-size":"auto","background-attachment":"scroll","background-type":"","background-media":"","overlay-type":"","overlay-color":"","overlay-opacity":"","overlay-gradient":""},"mobile":{"background-color":"","background-image":"","background-repeat":"repeat","background-position":"center center","background-size":"auto","background-attachment":"scroll","background-type":"","background-media":"","overlay-type":"","overlay-color":"","overlay-opacity":"","overlay-gradient":""}},"ast-content-background-meta":{"desktop":{"background-color":"var(--ast-global-color-5)","background-image":"","background-repeat":"repeat","background-position":"center center","background-size":"auto","background-attachment":"scroll","background-type":"","background-media":"","overlay-type":"","overlay-color":"","overlay-opacity":"","overlay-gradient":""},"tablet":{"background-color":"var(--ast-global-color-5)","background-image":"","background-repeat":"repeat","background-position":"center center","background-size":"auto","background-attachment":"scroll","background-type":"","background-media":"","overlay-type":"","overlay-color":"","overlay-opacity":"","overlay-gradient":""},"mobile":{"background-color":"var(--ast-global-color-5)","background-image":"","background-repeat":"repeat","background-position":"center center","background-size":"auto","background-attachment":"scroll","background-type":"","background-media":"","overlay-type":"","overlay-color":"","overlay-opacity":"","overlay-gradient":""}}},"product_brand":[],"product_cat":[1004,188,944],"product_tag":[],"class_list":{"0":"post-65011","1":"product","2":"type-product","3":"status-publish","4":"has-post-thumbnail","6":"product_cat-dakar","7":"product_cat-freelancer","8":"product_cat-senegal","9":"desktop-align-left","10":"tablet-align-left","11":"mobile-align-left","13":"first","14":"instock","15":"shipping-taxable","16":"product-type-simple"},"_links":{"self":[{"href":"https:\/\/poccky.com\/index.php\/wp-json\/wp\/v2\/product\/65011","targetHints":{"allow":["GET"]}}],"collection":[{"href":"https:\/\/poccky.com\/index.php\/wp-json\/wp\/v2\/product"}],"about":[{"href":"https:\/\/poccky.com\/index.php\/wp-json\/wp\/v2\/types\/product"}],"replies":[{"embeddable":true,"href":"https:\/\/poccky.com\/index.php\/wp-json\/wp\/v2\/comments?post=65011"}],"wp:featuredmedia":[{"embeddable":true,"href":"https:\/\/poccky.com\/index.php\/wp-json\/wp\/v2\/media\/59983"}],"wp:attachment":[{"href":"https:\/\/poccky.com\/index.php\/wp-json\/wp\/v2\/media?parent=65011"}],"wp:term":[{"taxonomy":"product_brand","embeddable":true,"href":"https:\/\/poccky.com\/index.php\/wp-json\/wp\/v2\/product_brand?post=65011"},{"taxonomy":"product_cat","embeddable":true,"href":"https:\/\/poccky.com\/index.php\/wp-json\/wp\/v2\/product_cat?post=65011"},{"taxonomy":"product_tag","embeddable":true,"href":"https:\/\/poccky.com\/index.php\/wp-json\/wp\/v2\/product_tag?post=65011"}],"curies":[{"name":"wp","href":"https:\/\/api.w.org\/{rel}","templated":true}]}}