{"id":64971,"date":"2023-10-14T04:56:48","date_gmt":"2023-10-14T04:56:48","guid":{"rendered":"https:\/\/poccky.com\/?post_type=product&#038;p=64971"},"modified":"2023-10-14T04:56:51","modified_gmt":"2023-10-14T04:56:51","slug":"elegante-avec-un-sourire-magique-french-in-pau","status":"publish","type":"product","link":"https:\/\/poccky.com\/index.php\/product\/elegante-avec-un-sourire-magique-french-in-pau\/","title":{"rendered":"Elegante Avec Un Sourire Magique   French  &#8211;  in Pau"},"content":{"rendered":"","protected":false},"excerpt":{"rendered":"<p>Hi ThereBonjour mes nounours . je suis une belle fille brunette . discr\u00e8te et \u00e9l\u00e9gante avec un sourire magnifique. Je vous re\u00e7ois pour un moment de mass Age &#8211; s. <\/p>\n<p>Je vous procurerai des sensations inoubliables et une relaxation totale. Je suis la femme parfaite pour ce type de service. N&#8217;attendez plus pour vibrer de plaisir et profiter d&#8217;un bonheur exceptionnel. <\/p>\n<p>Contactez-moi pour convenir d&#8217;un rendez-vous coquin.  Vous d\u00e9sirez plus d&#8217;informations # <\/p>\n<p>Telegram. Viber. Signal au num\u00e9ro<\/p>\n<p>Instagram: Pulpeusefe<\/p>\n<p>Snapchat : Melaniemoulins <\/p>\n<p>Mail et Hangout: melanie225022 @ gmail.com<\/p>\n<p>N&#8217;h\u00e9sitez pas \u00e0 me mentionner le Nom du site que vous avez pris connaissance de mon annonce. \u00c0 bient\u00f4tyou can also contact me on Whatsapp or TelegramOrientation &#8211; Heterosexual Height &#8211; 170 cm \/ 5#7#  Ethinicity  &#8211; White Bust &#8211; Extra Large Age &#8211; 26 Shaved &#8211; Yes Smokes &#8211; #Yes Hair color &#8211; Brunette Nationality &#8211; French Gender &#8211; Female City &#8211; Pau<br \/>\nFrance  Contact  33 7 56 81 40 36<\/p>\n","protected":false},"featured_media":59716,"comment_status":"open","ping_status":"closed","template":"","meta":{"site-sidebar-layout":"default","site-content-layout":"","ast-site-content-layout":"","site-content-style":"default","site-sidebar-style":"default","ast-global-header-display":"","ast-banner-title-visibility":"","ast-main-header-display":"","ast-hfb-above-header-display":"","ast-hfb-below-header-display":"","ast-hfb-mobile-header-display":"","site-post-title":"","ast-breadcrumbs-content":"","ast-featured-img":"","footer-sml-layout":"","theme-transparent-header-meta":"","adv-header-id-meta":"","stick-header-meta":"","header-above-stick-meta":"","header-main-stick-meta":"","header-below-stick-meta":"","astra-migrate-meta-layouts":"default","ast-page-background-enabled":"default","ast-page-background-meta":{"desktop":{"background-color":"var(--ast-global-color-4)","background-image":"","background-repeat":"repeat","background-position":"center center","background-size":"auto","background-attachment":"scroll","background-type":"","background-media":"","overlay-type":"","overlay-color":"","overlay-opacity":"","overlay-gradient":""},"tablet":{"background-color":"","background-image":"","background-repeat":"repeat","background-position":"center center","background-size":"auto","background-attachment":"scroll","background-type":"","background-media":"","overlay-type":"","overlay-color":"","overlay-opacity":"","overlay-gradient":""},"mobile":{"background-color":"","background-image":"","background-repeat":"repeat","background-position":"center center","background-size":"auto","background-attachment":"scroll","background-type":"","background-media":"","overlay-type":"","overlay-color":"","overlay-opacity":"","overlay-gradient":""}},"ast-content-background-meta":{"desktop":{"background-color":"var(--ast-global-color-5)","background-image":"","background-repeat":"repeat","background-position":"center center","background-size":"auto","background-attachment":"scroll","background-type":"","background-media":"","overlay-type":"","overlay-color":"","overlay-opacity":"","overlay-gradient":""},"tablet":{"background-color":"var(--ast-global-color-5)","background-image":"","background-repeat":"repeat","background-position":"center center","background-size":"auto","background-attachment":"scroll","background-type":"","background-media":"","overlay-type":"","overlay-color":"","overlay-opacity":"","overlay-gradient":""},"mobile":{"background-color":"var(--ast-global-color-5)","background-image":"","background-repeat":"repeat","background-position":"center center","background-size":"auto","background-attachment":"scroll","background-type":"","background-media":"","overlay-type":"","overlay-color":"","overlay-opacity":"","overlay-gradient":""}}},"product_brand":[],"product_cat":[244,188,1000],"product_tag":[],"class_list":{"0":"post-64971","1":"product","2":"type-product","3":"status-publish","4":"has-post-thumbnail","6":"product_cat-france","7":"product_cat-freelancer","8":"product_cat-pau","9":"desktop-align-left","10":"tablet-align-left","11":"mobile-align-left","13":"first","14":"instock","15":"shipping-taxable","16":"product-type-simple"},"_links":{"self":[{"href":"https:\/\/poccky.com\/index.php\/wp-json\/wp\/v2\/product\/64971","targetHints":{"allow":["GET"]}}],"collection":[{"href":"https:\/\/poccky.com\/index.php\/wp-json\/wp\/v2\/product"}],"about":[{"href":"https:\/\/poccky.com\/index.php\/wp-json\/wp\/v2\/types\/product"}],"replies":[{"embeddable":true,"href":"https:\/\/poccky.com\/index.php\/wp-json\/wp\/v2\/comments?post=64971"}],"wp:featuredmedia":[{"embeddable":true,"href":"https:\/\/poccky.com\/index.php\/wp-json\/wp\/v2\/media\/59716"}],"wp:attachment":[{"href":"https:\/\/poccky.com\/index.php\/wp-json\/wp\/v2\/media?parent=64971"}],"wp:term":[{"taxonomy":"product_brand","embeddable":true,"href":"https:\/\/poccky.com\/index.php\/wp-json\/wp\/v2\/product_brand?post=64971"},{"taxonomy":"product_cat","embeddable":true,"href":"https:\/\/poccky.com\/index.php\/wp-json\/wp\/v2\/product_cat?post=64971"},{"taxonomy":"product_tag","embeddable":true,"href":"https:\/\/poccky.com\/index.php\/wp-json\/wp\/v2\/product_tag?post=64971"}],"curies":[{"name":"wp","href":"https:\/\/api.w.org\/{rel}","templated":true}]}}