{"id":64969,"date":"2023-10-14T04:56:40","date_gmt":"2023-10-14T04:56:40","guid":{"rendered":"https:\/\/poccky.com\/?post_type=product&#038;p=64969"},"modified":"2023-10-14T04:56:42","modified_gmt":"2023-10-14T04:56:42","slug":"aurelie-french-in-pau","status":"publish","type":"product","link":"https:\/\/poccky.com\/index.php\/product\/aurelie-french-in-pau\/","title":{"rendered":"Aurelie   French  &#8211;  in Pau"},"content":{"rendered":"","protected":false},"excerpt":{"rendered":"<p>Hi. GentlemenJe n&#8217;aime pas les curieux. je n&#8217;aime pas qu&#8217;on me fasse perdre mon temps aussi mon annonce escorte s&#8217;adresse aux personnes qui d\u00e9sirent se faire plaisir avec une fille.<\/p>\n<p>Cela fait trop bizarre de me retrouver ici et de me dire que je suis en train de passer une annonce. J\u2019ai dit que je le faisais. alors je l\u2019assume compl\u00e8tement !<\/p>\n<p>J\u2019ai 25ans. belle et sexy sans tabou. mais dans tout le respect !<\/p>\n<p>Si vous vous demandez pourquoi je passe une annonce de rencontre ici. c\u2019est simplement pour faire de nouvelles exp\u00e9riences.<\/p>\n<p>Je n\u2019aime pas stagner que ce soit dans ma vie personnelle ou professionnelle.<\/p>\n<p>Je suis une fille qui va de l\u2019avant et qui a besoin de nouveaux challenges pour se sentir exister.<\/p>\n<p>Maintenant que vous le savez. je recherche des hommes coquins de tout \u00e2ge. mais de pr\u00e9f\u00e9rence plus \u00e2g\u00e9s que moi.<\/p>\n<p>Pourquoi # Pour un plan cul chaud plusieurs fois par semaine.<\/p>\n<p>Selon le feeling. je pourrais me d\u00e9placer ou vous recevoir. mais je tenterai d\u2019abord de faire votre connaissance par t\u00e9l\u00e9phone ou Whatsapp<br \/>\nViens d\u00e9couvrir mon univers sensuels merci.you can also contact me on Whatsapp or TelegramOrientation &#8211; Heterosexual Height &#8211; 171 cm \/ 5#7#  Ethinicity  &#8211; White Bust &#8211; Medium Age &#8211; 25 Shaved &#8211; Partially Smokes &#8211; #No Hair color &#8211; Blonde Nationality &#8211; French Gender &#8211; Female City &#8211; Pau<br \/>\nFrance  Contact  33 7 57 84 62 44<\/p>\n","protected":false},"featured_media":58983,"comment_status":"open","ping_status":"closed","template":"","meta":{"site-sidebar-layout":"default","site-content-layout":"","ast-site-content-layout":"","site-content-style":"default","site-sidebar-style":"default","ast-global-header-display":"","ast-banner-title-visibility":"","ast-main-header-display":"","ast-hfb-above-header-display":"","ast-hfb-below-header-display":"","ast-hfb-mobile-header-display":"","site-post-title":"","ast-breadcrumbs-content":"","ast-featured-img":"","footer-sml-layout":"","theme-transparent-header-meta":"","adv-header-id-meta":"","stick-header-meta":"","header-above-stick-meta":"","header-main-stick-meta":"","header-below-stick-meta":"","astra-migrate-meta-layouts":"default","ast-page-background-enabled":"default","ast-page-background-meta":{"desktop":{"background-color":"var(--ast-global-color-4)","background-image":"","background-repeat":"repeat","background-position":"center center","background-size":"auto","background-attachment":"scroll","background-type":"","background-media":"","overlay-type":"","overlay-color":"","overlay-opacity":"","overlay-gradient":""},"tablet":{"background-color":"","background-image":"","background-repeat":"repeat","background-position":"center center","background-size":"auto","background-attachment":"scroll","background-type":"","background-media":"","overlay-type":"","overlay-color":"","overlay-opacity":"","overlay-gradient":""},"mobile":{"background-color":"","background-image":"","background-repeat":"repeat","background-position":"center center","background-size":"auto","background-attachment":"scroll","background-type":"","background-media":"","overlay-type":"","overlay-color":"","overlay-opacity":"","overlay-gradient":""}},"ast-content-background-meta":{"desktop":{"background-color":"var(--ast-global-color-5)","background-image":"","background-repeat":"repeat","background-position":"center center","background-size":"auto","background-attachment":"scroll","background-type":"","background-media":"","overlay-type":"","overlay-color":"","overlay-opacity":"","overlay-gradient":""},"tablet":{"background-color":"var(--ast-global-color-5)","background-image":"","background-repeat":"repeat","background-position":"center center","background-size":"auto","background-attachment":"scroll","background-type":"","background-media":"","overlay-type":"","overlay-color":"","overlay-opacity":"","overlay-gradient":""},"mobile":{"background-color":"var(--ast-global-color-5)","background-image":"","background-repeat":"repeat","background-position":"center center","background-size":"auto","background-attachment":"scroll","background-type":"","background-media":"","overlay-type":"","overlay-color":"","overlay-opacity":"","overlay-gradient":""}}},"product_brand":[],"product_cat":[244,188,1000],"product_tag":[],"class_list":{"0":"post-64969","1":"product","2":"type-product","3":"status-publish","4":"has-post-thumbnail","6":"product_cat-france","7":"product_cat-freelancer","8":"product_cat-pau","9":"desktop-align-left","10":"tablet-align-left","11":"mobile-align-left","13":"first","14":"instock","15":"shipping-taxable","16":"product-type-simple"},"_links":{"self":[{"href":"https:\/\/poccky.com\/index.php\/wp-json\/wp\/v2\/product\/64969","targetHints":{"allow":["GET"]}}],"collection":[{"href":"https:\/\/poccky.com\/index.php\/wp-json\/wp\/v2\/product"}],"about":[{"href":"https:\/\/poccky.com\/index.php\/wp-json\/wp\/v2\/types\/product"}],"replies":[{"embeddable":true,"href":"https:\/\/poccky.com\/index.php\/wp-json\/wp\/v2\/comments?post=64969"}],"wp:featuredmedia":[{"embeddable":true,"href":"https:\/\/poccky.com\/index.php\/wp-json\/wp\/v2\/media\/58983"}],"wp:attachment":[{"href":"https:\/\/poccky.com\/index.php\/wp-json\/wp\/v2\/media?parent=64969"}],"wp:term":[{"taxonomy":"product_brand","embeddable":true,"href":"https:\/\/poccky.com\/index.php\/wp-json\/wp\/v2\/product_brand?post=64969"},{"taxonomy":"product_cat","embeddable":true,"href":"https:\/\/poccky.com\/index.php\/wp-json\/wp\/v2\/product_cat?post=64969"},{"taxonomy":"product_tag","embeddable":true,"href":"https:\/\/poccky.com\/index.php\/wp-json\/wp\/v2\/product_tag?post=64969"}],"curies":[{"name":"wp","href":"https:\/\/api.w.org\/{rel}","templated":true}]}}