{"id":64903,"date":"2023-10-14T04:50:27","date_gmt":"2023-10-14T04:50:27","guid":{"rendered":"https:\/\/poccky.com\/?post_type=product&#038;p=64903"},"modified":"2023-10-14T04:50:31","modified_gmt":"2023-10-14T04:50:31","slug":"jade-in-berlin","status":"publish","type":"product","link":"https:\/\/poccky.com\/index.php\/product\/jade-in-berlin\/","title":{"rendered":"Jade    &#8211;  in Berlin"},"content":{"rendered":"","protected":false},"excerpt":{"rendered":"<p>Dear submissives from berlin<\/p>\n<p>ENG\/\/<br \/>\nFrom today and only during the month of May. your mistresses Jade will be offering their domination services in Berlin.<br \/>\nI&#8217;m a lesbian girl (26) with clear convictions. a sure step but a gentle touch.<br \/>\nMe and my girlfriend like to play together with slaves. so if you haven&#8217;t experienced being guided by two mistresses. this is your chance!<br \/>\nI like: Honesty. respect for everyone&#8217;s fantasies. pushing the boundaries and stroking the wounds.<br \/>\nI hate fake looks so don&#8217;t waste time and tell me what bizarre scenario you have in mind so we can pull it off together.<\/p>\n<p>GRM\/\/<br \/>\nIch bin ein lesbisches M\u00e4dchen (26) mit klaren \u00dcberzeugungen. einem sicheren Schritt. aber einer sanfte Ber\u00fchrung.<br \/>\nIch und meine Freundin spielen gerne zusammen mit Sklaven. also wenn du es noch nicht erlebt hast. dich von zwei Herrinnen f\u00fchren zu lassen. ist das deine Chance!<br \/>\nIch mag: Ehrlichkeit. Respekt vor den Fantasien jedes Menschen. die Grenzen zu erweitern und die Wunden zu streicheln.<br \/>\nIch hasse falschen Schein. also verschwende keine Zeit und erz\u00e4hl mir. welches bizarre Szenario du im Kopf hast. damit wir es gemeinsam durchziehen k\u00f6nnen.<\/p>\n<p>services<br \/>\nx BDSM X SCAT KAVIAR GOLDEN SHOWER X FACE SITTING X HUMILIATION X IMPACT PLAY X ROLE PLAY X-BREATH CONTROL X SW EDUCATION X &#8230; FETISH AND KINKY<\/p>\n<p>only serious proposals <\/p>\n<p>visit us in neuk\u00f6lln <\/p>\n<p>280 an hour duo<\/p>\n<p>150 am hr soloyou can also contact me on Whatsapp or TelegramOrientation &#8211; Bisexual  Ethinicity  &#8211; White Shaved &#8211; No Smokes &#8211; #No Gender &#8211; Female City &#8211; Berlin<br \/>\nGermany  Contact  49 159 0204 3125<\/p>\n","protected":false},"featured_media":60336,"comment_status":"open","ping_status":"closed","template":"","meta":{"site-sidebar-layout":"default","site-content-layout":"","ast-site-content-layout":"","site-content-style":"default","site-sidebar-style":"default","ast-global-header-display":"","ast-banner-title-visibility":"","ast-main-header-display":"","ast-hfb-above-header-display":"","ast-hfb-below-header-display":"","ast-hfb-mobile-header-display":"","site-post-title":"","ast-breadcrumbs-content":"","ast-featured-img":"","footer-sml-layout":"","theme-transparent-header-meta":"","adv-header-id-meta":"","stick-header-meta":"","header-above-stick-meta":"","header-main-stick-meta":"","header-below-stick-meta":"","astra-migrate-meta-layouts":"default","ast-page-background-enabled":"default","ast-page-background-meta":{"desktop":{"background-color":"var(--ast-global-color-4)","background-image":"","background-repeat":"repeat","background-position":"center center","background-size":"auto","background-attachment":"scroll","background-type":"","background-media":"","overlay-type":"","overlay-color":"","overlay-opacity":"","overlay-gradient":""},"tablet":{"background-color":"","background-image":"","background-repeat":"repeat","background-position":"center center","background-size":"auto","background-attachment":"scroll","background-type":"","background-media":"","overlay-type":"","overlay-color":"","overlay-opacity":"","overlay-gradient":""},"mobile":{"background-color":"","background-image":"","background-repeat":"repeat","background-position":"center center","background-size":"auto","background-attachment":"scroll","background-type":"","background-media":"","overlay-type":"","overlay-color":"","overlay-opacity":"","overlay-gradient":""}},"ast-content-background-meta":{"desktop":{"background-color":"var(--ast-global-color-5)","background-image":"","background-repeat":"repeat","background-position":"center center","background-size":"auto","background-attachment":"scroll","background-type":"","background-media":"","overlay-type":"","overlay-color":"","overlay-opacity":"","overlay-gradient":""},"tablet":{"background-color":"var(--ast-global-color-5)","background-image":"","background-repeat":"repeat","background-position":"center center","background-size":"auto","background-attachment":"scroll","background-type":"","background-media":"","overlay-type":"","overlay-color":"","overlay-opacity":"","overlay-gradient":""},"mobile":{"background-color":"var(--ast-global-color-5)","background-image":"","background-repeat":"repeat","background-position":"center center","background-size":"auto","background-attachment":"scroll","background-type":"","background-media":"","overlay-type":"","overlay-color":"","overlay-opacity":"","overlay-gradient":""}}},"product_brand":[],"product_cat":[996,188,811],"product_tag":[],"class_list":{"0":"post-64903","1":"product","2":"type-product","3":"status-publish","4":"has-post-thumbnail","6":"product_cat-berlin","7":"product_cat-freelancer","8":"product_cat-germany","9":"desktop-align-left","10":"tablet-align-left","11":"mobile-align-left","13":"first","14":"instock","15":"shipping-taxable","16":"product-type-simple"},"_links":{"self":[{"href":"https:\/\/poccky.com\/index.php\/wp-json\/wp\/v2\/product\/64903","targetHints":{"allow":["GET"]}}],"collection":[{"href":"https:\/\/poccky.com\/index.php\/wp-json\/wp\/v2\/product"}],"about":[{"href":"https:\/\/poccky.com\/index.php\/wp-json\/wp\/v2\/types\/product"}],"replies":[{"embeddable":true,"href":"https:\/\/poccky.com\/index.php\/wp-json\/wp\/v2\/comments?post=64903"}],"wp:featuredmedia":[{"embeddable":true,"href":"https:\/\/poccky.com\/index.php\/wp-json\/wp\/v2\/media\/60336"}],"wp:attachment":[{"href":"https:\/\/poccky.com\/index.php\/wp-json\/wp\/v2\/media?parent=64903"}],"wp:term":[{"taxonomy":"product_brand","embeddable":true,"href":"https:\/\/poccky.com\/index.php\/wp-json\/wp\/v2\/product_brand?post=64903"},{"taxonomy":"product_cat","embeddable":true,"href":"https:\/\/poccky.com\/index.php\/wp-json\/wp\/v2\/product_cat?post=64903"},{"taxonomy":"product_tag","embeddable":true,"href":"https:\/\/poccky.com\/index.php\/wp-json\/wp\/v2\/product_tag?post=64903"}],"curies":[{"name":"wp","href":"https:\/\/api.w.org\/{rel}","templated":true}]}}