{"id":64899,"date":"2023-10-14T04:50:12","date_gmt":"2023-10-14T04:50:12","guid":{"rendered":"https:\/\/poccky.com\/?post_type=product&#038;p=64899"},"modified":"2023-10-14T04:50:15","modified_gmt":"2023-10-14T04:50:15","slug":"chloe-french-in-berlin","status":"publish","type":"product","link":"https:\/\/poccky.com\/index.php\/product\/chloe-french-in-berlin\/","title":{"rendered":"Chloe   French  &#8211;  in Berlin"},"content":{"rendered":"","protected":false},"excerpt":{"rendered":"<p>Bonjour. je dispense mes services aux hommes courtois. respectueux. d\u00e9sireux . Je suis une jeune femme attentionn\u00e9e s\u00e9duisant dot\u00e9e de beaucoup de charme et d&#8217;une tr\u00e8s bonne \u00e9ducation. je vous re\u00e7ois dans un cadre discret et agr\u00e9able. je souhaite une rencontre sans complication pour un excellent moment de part Age &#8211;  intense et agr\u00e9able.j&#8217;appr\u00e9cie les pratiques respectueuses uniquement pour les hommes. je suis d&#8217;origine fran\u00e7aise et je parle aussi tr\u00e8s bien la langue Autriche. l&#8217;anglais. l&#8217;allemand.espagnol. je suis disponible par whatsapp o\u00f9 google chat email. pas de chirurgie pour les amateurs de physique authentique j&#8217;ai une hygi\u00e8ne irr\u00e9prochable j&#8217;ai un appartement s\u00e9curis\u00e9e. soucieuse de privil\u00e9gier les rencontres par jour sont limit\u00e9s c&#8217;est pour cela qu&#8217;il est pr\u00e9f\u00e9rable de r\u00e9server si possible \u00e0 l&#8217;avance pour pouvoir me rencontrer. je vous demande une hygi\u00e8ne et une sant\u00e9 physique et mentale irr\u00e9prochable pas d&#8217;appel masqu\u00e9 pas d&#8217;appel provenant d&#8217;un t\u00e9l\u00e9phone fixe bisous \u00e0 tousyou can also contact me on Whatsapp or TelegramOrientation &#8211; Heterosexual  Ethinicity  &#8211; White Bust &#8211; Medium Age &#8211; 23 Shaved &#8211; Yes Smokes &#8211; #No Hair color &#8211; Black Nationality &#8211; French Gender &#8211; Female City &#8211; Berlin<br \/>\nGermany  Contact  33 7 52 44 91 93<\/p>\n","protected":false},"featured_media":59342,"comment_status":"open","ping_status":"closed","template":"","meta":{"site-sidebar-layout":"default","site-content-layout":"","ast-site-content-layout":"","site-content-style":"default","site-sidebar-style":"default","ast-global-header-display":"","ast-banner-title-visibility":"","ast-main-header-display":"","ast-hfb-above-header-display":"","ast-hfb-below-header-display":"","ast-hfb-mobile-header-display":"","site-post-title":"","ast-breadcrumbs-content":"","ast-featured-img":"","footer-sml-layout":"","theme-transparent-header-meta":"","adv-header-id-meta":"","stick-header-meta":"","header-above-stick-meta":"","header-main-stick-meta":"","header-below-stick-meta":"","astra-migrate-meta-layouts":"default","ast-page-background-enabled":"default","ast-page-background-meta":{"desktop":{"background-color":"var(--ast-global-color-4)","background-image":"","background-repeat":"repeat","background-position":"center center","background-size":"auto","background-attachment":"scroll","background-type":"","background-media":"","overlay-type":"","overlay-color":"","overlay-opacity":"","overlay-gradient":""},"tablet":{"background-color":"","background-image":"","background-repeat":"repeat","background-position":"center center","background-size":"auto","background-attachment":"scroll","background-type":"","background-media":"","overlay-type":"","overlay-color":"","overlay-opacity":"","overlay-gradient":""},"mobile":{"background-color":"","background-image":"","background-repeat":"repeat","background-position":"center center","background-size":"auto","background-attachment":"scroll","background-type":"","background-media":"","overlay-type":"","overlay-color":"","overlay-opacity":"","overlay-gradient":""}},"ast-content-background-meta":{"desktop":{"background-color":"var(--ast-global-color-5)","background-image":"","background-repeat":"repeat","background-position":"center center","background-size":"auto","background-attachment":"scroll","background-type":"","background-media":"","overlay-type":"","overlay-color":"","overlay-opacity":"","overlay-gradient":""},"tablet":{"background-color":"var(--ast-global-color-5)","background-image":"","background-repeat":"repeat","background-position":"center center","background-size":"auto","background-attachment":"scroll","background-type":"","background-media":"","overlay-type":"","overlay-color":"","overlay-opacity":"","overlay-gradient":""},"mobile":{"background-color":"var(--ast-global-color-5)","background-image":"","background-repeat":"repeat","background-position":"center center","background-size":"auto","background-attachment":"scroll","background-type":"","background-media":"","overlay-type":"","overlay-color":"","overlay-opacity":"","overlay-gradient":""}}},"product_brand":[],"product_cat":[996,188,811],"product_tag":[],"class_list":{"0":"post-64899","1":"product","2":"type-product","3":"status-publish","4":"has-post-thumbnail","6":"product_cat-berlin","7":"product_cat-freelancer","8":"product_cat-germany","9":"desktop-align-left","10":"tablet-align-left","11":"mobile-align-left","13":"first","14":"instock","15":"shipping-taxable","16":"product-type-simple"},"_links":{"self":[{"href":"https:\/\/poccky.com\/index.php\/wp-json\/wp\/v2\/product\/64899","targetHints":{"allow":["GET"]}}],"collection":[{"href":"https:\/\/poccky.com\/index.php\/wp-json\/wp\/v2\/product"}],"about":[{"href":"https:\/\/poccky.com\/index.php\/wp-json\/wp\/v2\/types\/product"}],"replies":[{"embeddable":true,"href":"https:\/\/poccky.com\/index.php\/wp-json\/wp\/v2\/comments?post=64899"}],"wp:featuredmedia":[{"embeddable":true,"href":"https:\/\/poccky.com\/index.php\/wp-json\/wp\/v2\/media\/59342"}],"wp:attachment":[{"href":"https:\/\/poccky.com\/index.php\/wp-json\/wp\/v2\/media?parent=64899"}],"wp:term":[{"taxonomy":"product_brand","embeddable":true,"href":"https:\/\/poccky.com\/index.php\/wp-json\/wp\/v2\/product_brand?post=64899"},{"taxonomy":"product_cat","embeddable":true,"href":"https:\/\/poccky.com\/index.php\/wp-json\/wp\/v2\/product_cat?post=64899"},{"taxonomy":"product_tag","embeddable":true,"href":"https:\/\/poccky.com\/index.php\/wp-json\/wp\/v2\/product_tag?post=64899"}],"curies":[{"name":"wp","href":"https:\/\/api.w.org\/{rel}","templated":true}]}}