{"id":64853,"date":"2023-10-14T04:44:46","date_gmt":"2023-10-14T04:44:46","guid":{"rendered":"https:\/\/poccky.com\/?post_type=product&#038;p=64853"},"modified":"2023-10-14T04:44:50","modified_gmt":"2023-10-14T04:44:50","slug":"cruch-bruneian-in-berlin","status":"publish","type":"product","link":"https:\/\/poccky.com\/index.php\/product\/cruch-bruneian-in-berlin\/","title":{"rendered":"Cruch   Bruneian  &#8211;  in Berlin"},"content":{"rendered":"","protected":false},"excerpt":{"rendered":"<p>Hi. Gentlemen###Choisissez la meilleure## Charmante et jeune fille &#8230; Bonne bouche et amante en levrette et &#8230;. sexy et passionn\u00e9e. Escorte  Berlin &#8230; Je suis l\u00e0 pour toi .. sensuel. toujours disponible pour vous &#8230;.\u2026 .. ## Je suis le choix parfait pour passer le plus beau moment de votre journ\u00e9e .. Je vais vous rendre fou avec mes formes attrayantes et ma sensualit\u00e9. Vivez une exp\u00e9rience unique faite de s\u00e9duction. de passion et de moments inoubliables de d\u00e9tente. de vrai plaisir et de pur \u00e9rotisme. Ce que vous voyez est ce que vous trouvez &#8230; Une fille tr\u00e8s f\u00e9minine. raffin\u00e9e. \u00e9l\u00e9gante. douce. tr\u00e8s douce et vraiment passionn\u00e9e &#8230;&#8230;.. Pleine de sensualit\u00e9 et de malice ..you can also contact me on Whatsapp or TelegramOrientation &#8211; Heterosexual Age &#8211; 26 Shaved &#8211; Partially Smokes &#8211; #No Nationality &#8211; Bruneian Gender &#8211; Female City &#8211; Berlin<br \/>\nGermany  Contact  39 351 006 5852<\/p>\n","protected":false},"featured_media":59395,"comment_status":"open","ping_status":"closed","template":"","meta":{"site-sidebar-layout":"default","site-content-layout":"","ast-site-content-layout":"","site-content-style":"default","site-sidebar-style":"default","ast-global-header-display":"","ast-banner-title-visibility":"","ast-main-header-display":"","ast-hfb-above-header-display":"","ast-hfb-below-header-display":"","ast-hfb-mobile-header-display":"","site-post-title":"","ast-breadcrumbs-content":"","ast-featured-img":"","footer-sml-layout":"","theme-transparent-header-meta":"","adv-header-id-meta":"","stick-header-meta":"","header-above-stick-meta":"","header-main-stick-meta":"","header-below-stick-meta":"","astra-migrate-meta-layouts":"default","ast-page-background-enabled":"default","ast-page-background-meta":{"desktop":{"background-color":"var(--ast-global-color-4)","background-image":"","background-repeat":"repeat","background-position":"center center","background-size":"auto","background-attachment":"scroll","background-type":"","background-media":"","overlay-type":"","overlay-color":"","overlay-opacity":"","overlay-gradient":""},"tablet":{"background-color":"","background-image":"","background-repeat":"repeat","background-position":"center center","background-size":"auto","background-attachment":"scroll","background-type":"","background-media":"","overlay-type":"","overlay-color":"","overlay-opacity":"","overlay-gradient":""},"mobile":{"background-color":"","background-image":"","background-repeat":"repeat","background-position":"center center","background-size":"auto","background-attachment":"scroll","background-type":"","background-media":"","overlay-type":"","overlay-color":"","overlay-opacity":"","overlay-gradient":""}},"ast-content-background-meta":{"desktop":{"background-color":"var(--ast-global-color-5)","background-image":"","background-repeat":"repeat","background-position":"center center","background-size":"auto","background-attachment":"scroll","background-type":"","background-media":"","overlay-type":"","overlay-color":"","overlay-opacity":"","overlay-gradient":""},"tablet":{"background-color":"var(--ast-global-color-5)","background-image":"","background-repeat":"repeat","background-position":"center center","background-size":"auto","background-attachment":"scroll","background-type":"","background-media":"","overlay-type":"","overlay-color":"","overlay-opacity":"","overlay-gradient":""},"mobile":{"background-color":"var(--ast-global-color-5)","background-image":"","background-repeat":"repeat","background-position":"center center","background-size":"auto","background-attachment":"scroll","background-type":"","background-media":"","overlay-type":"","overlay-color":"","overlay-opacity":"","overlay-gradient":""}}},"product_brand":[],"product_cat":[996,188,811],"product_tag":[],"class_list":{"0":"post-64853","1":"product","2":"type-product","3":"status-publish","4":"has-post-thumbnail","6":"product_cat-berlin","7":"product_cat-freelancer","8":"product_cat-germany","9":"desktop-align-left","10":"tablet-align-left","11":"mobile-align-left","13":"first","14":"instock","15":"shipping-taxable","16":"product-type-simple"},"_links":{"self":[{"href":"https:\/\/poccky.com\/index.php\/wp-json\/wp\/v2\/product\/64853","targetHints":{"allow":["GET"]}}],"collection":[{"href":"https:\/\/poccky.com\/index.php\/wp-json\/wp\/v2\/product"}],"about":[{"href":"https:\/\/poccky.com\/index.php\/wp-json\/wp\/v2\/types\/product"}],"replies":[{"embeddable":true,"href":"https:\/\/poccky.com\/index.php\/wp-json\/wp\/v2\/comments?post=64853"}],"wp:featuredmedia":[{"embeddable":true,"href":"https:\/\/poccky.com\/index.php\/wp-json\/wp\/v2\/media\/59395"}],"wp:attachment":[{"href":"https:\/\/poccky.com\/index.php\/wp-json\/wp\/v2\/media?parent=64853"}],"wp:term":[{"taxonomy":"product_brand","embeddable":true,"href":"https:\/\/poccky.com\/index.php\/wp-json\/wp\/v2\/product_brand?post=64853"},{"taxonomy":"product_cat","embeddable":true,"href":"https:\/\/poccky.com\/index.php\/wp-json\/wp\/v2\/product_cat?post=64853"},{"taxonomy":"product_tag","embeddable":true,"href":"https:\/\/poccky.com\/index.php\/wp-json\/wp\/v2\/product_tag?post=64853"}],"curies":[{"name":"wp","href":"https:\/\/api.w.org\/{rel}","templated":true}]}}