{"id":64709,"date":"2023-10-14T04:30:52","date_gmt":"2023-10-14T04:30:52","guid":{"rendered":"https:\/\/poccky.com\/?post_type=product&#038;p=64709"},"modified":"2023-10-14T04:30:55","modified_gmt":"2023-10-14T04:30:55","slug":"amandine-senegalese-in-bamako","status":"publish","type":"product","link":"https:\/\/poccky.com\/index.php\/product\/amandine-senegalese-in-bamako\/","title":{"rendered":"Amandine   Senegalese  &#8211;  in Bamako"},"content":{"rendered":"","protected":false},"excerpt":{"rendered":"<p>Je suis excit\u00e9e et j&#8217;aimerais beaucoup te g\u00e2ter. tr\u00e8s luxurieusement ! Mon corps sexy est un terrain de jeu pour toi. tu peux te d\u00e9fouler \u00e0 ta guise ! Regardez-moi me pr\u00e9lasser sur le lit. caresser mes doux seins. l\u00e9cher mes l\u00e8vres et jouer doucement avec ma chatte. N&#8217;est-ce pas merveilleux #! Touchez-moi partout. laissez-moi exploser et ensuite je vous emm\u00e8nerai jusqu&#8217;au bout&#8230;<\/p>\n<p>Dites-moi vos souhaits et je r\u00e9aliserai (presque) chacun d&#8217;entre eux.<\/p>\n<p>Avec moi. vous pouvez vivre quelque chose de beau que vous ne voudrez jamais oublier ## Je vais vous g\u00e2ter de la t\u00eate aux pieds. Vous serez certainement satisfait car je sais exactement ce dont un vrai homme a besoin. Avec moi. tu flottes sur un nu Age &#8211;  neuf. Laissez-moi vous rendre heureux ##<\/p>\n<p>J&#8217;ai h\u00e2te de vous avoir avec moi et de vous rendre heureux ####you can also contact me on Whatsapp or TelegramOrientation &#8211; Heterosexual Height &#8211; 170 cm \/ 5#7#  Ethinicity  &#8211; Black Bust &#8211; Medium Age &#8211; 23 Shaved &#8211; No Smokes &#8211; #No Hair color &#8211; Black Nationality &#8211; Senegalese Gender &#8211; Female City &#8211; Bamako<br \/>\nMali223391371913<\/p>\n","protected":false},"featured_media":58595,"comment_status":"open","ping_status":"closed","template":"","meta":{"site-sidebar-layout":"default","site-content-layout":"","ast-site-content-layout":"","site-content-style":"default","site-sidebar-style":"default","ast-global-header-display":"","ast-banner-title-visibility":"","ast-main-header-display":"","ast-hfb-above-header-display":"","ast-hfb-below-header-display":"","ast-hfb-mobile-header-display":"","site-post-title":"","ast-breadcrumbs-content":"","ast-featured-img":"","footer-sml-layout":"","theme-transparent-header-meta":"","adv-header-id-meta":"","stick-header-meta":"","header-above-stick-meta":"","header-main-stick-meta":"","header-below-stick-meta":"","astra-migrate-meta-layouts":"default","ast-page-background-enabled":"default","ast-page-background-meta":{"desktop":{"background-color":"var(--ast-global-color-4)","background-image":"","background-repeat":"repeat","background-position":"center center","background-size":"auto","background-attachment":"scroll","background-type":"","background-media":"","overlay-type":"","overlay-color":"","overlay-opacity":"","overlay-gradient":""},"tablet":{"background-color":"","background-image":"","background-repeat":"repeat","background-position":"center center","background-size":"auto","background-attachment":"scroll","background-type":"","background-media":"","overlay-type":"","overlay-color":"","overlay-opacity":"","overlay-gradient":""},"mobile":{"background-color":"","background-image":"","background-repeat":"repeat","background-position":"center center","background-size":"auto","background-attachment":"scroll","background-type":"","background-media":"","overlay-type":"","overlay-color":"","overlay-opacity":"","overlay-gradient":""}},"ast-content-background-meta":{"desktop":{"background-color":"var(--ast-global-color-5)","background-image":"","background-repeat":"repeat","background-position":"center center","background-size":"auto","background-attachment":"scroll","background-type":"","background-media":"","overlay-type":"","overlay-color":"","overlay-opacity":"","overlay-gradient":""},"tablet":{"background-color":"var(--ast-global-color-5)","background-image":"","background-repeat":"repeat","background-position":"center center","background-size":"auto","background-attachment":"scroll","background-type":"","background-media":"","overlay-type":"","overlay-color":"","overlay-opacity":"","overlay-gradient":""},"mobile":{"background-color":"var(--ast-global-color-5)","background-image":"","background-repeat":"repeat","background-position":"center center","background-size":"auto","background-attachment":"scroll","background-type":"","background-media":"","overlay-type":"","overlay-color":"","overlay-opacity":"","overlay-gradient":""}}},"product_brand":[],"product_cat":[990,188,905],"product_tag":[],"class_list":{"0":"post-64709","1":"product","2":"type-product","3":"status-publish","4":"has-post-thumbnail","6":"product_cat-bamako","7":"product_cat-freelancer","8":"product_cat-mali","9":"desktop-align-left","10":"tablet-align-left","11":"mobile-align-left","13":"first","14":"instock","15":"shipping-taxable","16":"product-type-simple"},"_links":{"self":[{"href":"https:\/\/poccky.com\/index.php\/wp-json\/wp\/v2\/product\/64709","targetHints":{"allow":["GET"]}}],"collection":[{"href":"https:\/\/poccky.com\/index.php\/wp-json\/wp\/v2\/product"}],"about":[{"href":"https:\/\/poccky.com\/index.php\/wp-json\/wp\/v2\/types\/product"}],"replies":[{"embeddable":true,"href":"https:\/\/poccky.com\/index.php\/wp-json\/wp\/v2\/comments?post=64709"}],"wp:featuredmedia":[{"embeddable":true,"href":"https:\/\/poccky.com\/index.php\/wp-json\/wp\/v2\/media\/58595"}],"wp:attachment":[{"href":"https:\/\/poccky.com\/index.php\/wp-json\/wp\/v2\/media?parent=64709"}],"wp:term":[{"taxonomy":"product_brand","embeddable":true,"href":"https:\/\/poccky.com\/index.php\/wp-json\/wp\/v2\/product_brand?post=64709"},{"taxonomy":"product_cat","embeddable":true,"href":"https:\/\/poccky.com\/index.php\/wp-json\/wp\/v2\/product_cat?post=64709"},{"taxonomy":"product_tag","embeddable":true,"href":"https:\/\/poccky.com\/index.php\/wp-json\/wp\/v2\/product_tag?post=64709"}],"curies":[{"name":"wp","href":"https:\/\/api.w.org\/{rel}","templated":true}]}}